{"id":645,"date":"2026-03-25T00:28:16","date_gmt":"2026-03-24T23:28:16","guid":{"rendered":"https:\/\/rideezo.hu\/?page_id=645"},"modified":"2026-03-27T02:03:18","modified_gmt":"2026-03-27T01:03:18","slug":"fadu-f5-45km-h","status":"publish","type":"page","link":"https:\/\/rideezo.hu\/en\/fadu-f5-45km-h\/","title":{"rendered":"Fadu F5 &#8211; 45km\/h"},"content":{"rendered":"<div data-elementor-type=\"wp-page\" data-elementor-id=\"645\" class=\"elementor elementor-645\">\n\t\t\t\t<div class=\"elementor-element elementor-element-14df282e e-flex e-con-boxed e-con e-parent\" data-id=\"14df282e\" data-element_type=\"container\" data-e-type=\"container\">\n\t\t\t\t\t<div class=\"e-con-inner\">\n\t\t<div class=\"elementor-element elementor-element-561adcd3 e-con-full e-flex e-con e-child\" data-id=\"561adcd3\" data-element_type=\"container\" data-e-type=\"container\">\n\t\t\t\t<div class=\"elementor-element elementor-element-4ff6ccf8 elementor-arrows-position-inside elementor-pagination-position-outside elementor-widget elementor-widget-image-carousel\" data-id=\"4ff6ccf8\" data-element_type=\"widget\" data-e-type=\"widget\" data-settings=\"{&quot;slides_to_show&quot;:&quot;1&quot;,&quot;effect&quot;:&quot;fade&quot;,&quot;navigation&quot;:&quot;both&quot;,&quot;autoplay&quot;:&quot;yes&quot;,&quot;pause_on_hover&quot;:&quot;yes&quot;,&quot;pause_on_interaction&quot;:&quot;yes&quot;,&quot;autoplay_speed&quot;:5000,&quot;infinite&quot;:&quot;yes&quot;,&quot;speed&quot;:500}\" data-widget_type=\"image-carousel.default\">\n\t\t\t\t\t\t\t<div class=\"elementor-image-carousel-wrapper swiper\" role=\"region\" aria-roledescription=\"carousel\" aria-label=\"Image Carousel\" dir=\"ltr\">\n\t\t\t<div class=\"elementor-image-carousel swiper-wrapper swiper-image-stretch\" aria-live=\"off\">\n\t\t\t\t\t\t\t\t<div class=\"swiper-slide\" role=\"group\" aria-roledescription=\"slide\" aria-label=\"1 \/ 4\"><a data-elementor-open-lightbox=\"yes\" data-elementor-lightbox-slideshow=\"4ff6ccf8\" data-elementor-lightbox-title=\"Fadu F5 side blue\" data-e-action-hash=\"#elementor-action%3Aaction%3Dlightbox%26settings%3DeyJpZCI6ODI2LCJ1cmwiOiJodHRwczpcL1wvcmlkZWV6by5odVwvd3AtY29udGVudFwvdXBsb2Fkc1wvMjAyNlwvMDNcL0ZhZHUtRjUtc2lkZS1ibHVlLnBuZyIsInNsaWRlc2hvdyI6IjRmZjZjY2Y4In0%3D\" href=\"https:\/\/rideezo.hu\/wp-content\/uploads\/2026\/03\/Fadu-F5-side-blue.png\"><figure class=\"swiper-slide-inner\"><img decoding=\"async\" class=\"swiper-slide-image\" src=\"https:\/\/rideezo.hu\/wp-content\/uploads\/2026\/03\/Fadu-F5-side-blue-768x768.png\" alt=\"Fadu F5 side blue\" \/><\/figure><\/a><\/div><div class=\"swiper-slide\" role=\"group\" aria-roledescription=\"slide\" aria-label=\"2 \/ 4\"><a data-elementor-open-lightbox=\"yes\" data-elementor-lightbox-slideshow=\"4ff6ccf8\" data-elementor-lightbox-title=\"Fadu F5 side\" data-e-action-hash=\"#elementor-action%3Aaction%3Dlightbox%26settings%3DeyJpZCI6ODI3LCJ1cmwiOiJodHRwczpcL1wvcmlkZWV6by5odVwvd3AtY29udGVudFwvdXBsb2Fkc1wvMjAyNlwvMDNcL0ZhZHUtRjUtc2lkZS5wbmciLCJzbGlkZXNob3ciOiI0ZmY2Y2NmOCJ9\" href=\"https:\/\/rideezo.hu\/wp-content\/uploads\/2026\/03\/Fadu-F5-side.png\"><figure class=\"swiper-slide-inner\"><img decoding=\"async\" class=\"swiper-slide-image\" src=\"https:\/\/rideezo.hu\/wp-content\/uploads\/2026\/03\/Fadu-F5-side-768x768.png\" alt=\"Fadu F5 side\" \/><\/figure><\/a><\/div><div class=\"swiper-slide\" role=\"group\" aria-roledescription=\"slide\" aria-label=\"3 \/ 4\"><a data-elementor-open-lightbox=\"yes\" data-elementor-lightbox-slideshow=\"4ff6ccf8\" data-elementor-lightbox-title=\"Fadu F5 NFC\" data-e-action-hash=\"#elementor-action%3Aaction%3Dlightbox%26settings%3DeyJpZCI6ODI1LCJ1cmwiOiJodHRwczpcL1wvcmlkZWV6by5odVwvd3AtY29udGVudFwvdXBsb2Fkc1wvMjAyNlwvMDNcL0ZhZHUtRjUtTkZDLnBuZyIsInNsaWRlc2hvdyI6IjRmZjZjY2Y4In0%3D\" href=\"https:\/\/rideezo.hu\/wp-content\/uploads\/2026\/03\/Fadu-F5-NFC.png\"><figure class=\"swiper-slide-inner\"><img decoding=\"async\" class=\"swiper-slide-image\" src=\"https:\/\/rideezo.hu\/wp-content\/uploads\/2026\/03\/Fadu-F5-NFC-768x768.png\" alt=\"Fadu F5 NFC\" \/><\/figure><\/a><\/div><div class=\"swiper-slide\" role=\"group\" aria-roledescription=\"slide\" aria-label=\"4 \/ 4\"><a data-elementor-open-lightbox=\"yes\" data-elementor-lightbox-slideshow=\"4ff6ccf8\" data-elementor-lightbox-title=\"Fadu F5 Front\" data-e-action-hash=\"#elementor-action%3Aaction%3Dlightbox%26settings%3DeyJpZCI6ODI0LCJ1cmwiOiJodHRwczpcL1wvcmlkZWV6by5odVwvd3AtY29udGVudFwvdXBsb2Fkc1wvMjAyNlwvMDNcL0ZhZHUtRjUtRnJvbnQucG5nIiwic2xpZGVzaG93IjoiNGZmNmNjZjgifQ%3D%3D\" href=\"https:\/\/rideezo.hu\/wp-content\/uploads\/2026\/03\/Fadu-F5-Front.png\"><figure class=\"swiper-slide-inner\"><img decoding=\"async\" class=\"swiper-slide-image\" src=\"https:\/\/rideezo.hu\/wp-content\/uploads\/2026\/03\/Fadu-F5-Front-768x768.png\" alt=\"Fadu F5 Front\" \/><\/figure><\/a><\/div>\t\t\t<\/div>\n\t\t\t\t\t\t\t\t\t\t\t\t<div class=\"elementor-swiper-button elementor-swiper-button-prev\" role=\"button\" tabindex=\"0\">\n\t\t\t\t\t\t<svg aria-hidden=\"true\" class=\"e-font-icon-svg e-eicon-chevron-left\" viewbox=\"0 0 1000 1000\" xmlns=\"http:\/\/www.w3.org\/2000\/svg\"><path d=\"M646 125C629 125 613 133 604 142L308 442C296 454 292 471 292 487 292 504 296 521 308 533L604 854C617 867 629 875 646 875 663 875 679 871 692 858 704 846 713 829 713 812 713 796 708 779 692 767L438 487 692 225C700 217 708 204 708 187 708 171 704 154 692 142 675 129 663 125 646 125Z\"><\/path><\/svg>\t\t\t\t\t<\/div>\n\t\t\t\t\t<div class=\"elementor-swiper-button elementor-swiper-button-next\" role=\"button\" tabindex=\"0\">\n\t\t\t\t\t\t<svg aria-hidden=\"true\" class=\"e-font-icon-svg e-eicon-chevron-right\" viewbox=\"0 0 1000 1000\" xmlns=\"http:\/\/www.w3.org\/2000\/svg\"><path d=\"M696 533C708 521 713 504 713 487 713 471 708 454 696 446L400 146C388 133 375 125 354 125 338 125 325 129 313 142 300 154 292 171 292 187 292 204 296 221 308 233L563 492 304 771C292 783 288 800 288 817 288 833 296 850 308 863 321 871 338 875 354 875 371 875 388 867 400 854L696 533Z\"><\/path><\/svg>\t\t\t\t\t<\/div>\n\t\t\t\t\n\t\t\t\t\t\t\t\t\t<div class=\"swiper-pagination\"><\/div>\n\t\t\t\t\t\t\t\t\t<\/div>\n\t\t\t\t\t\t<\/div>\n\t\t\t\t<\/div>\n\t\t<div class=\"elementor-element elementor-element-663cf647 e-con-full e-flex e-con e-child\" data-id=\"663cf647\" data-element_type=\"container\" data-e-type=\"container\">\n\t\t\t\t<div class=\"elementor-element elementor-element-f4c0a4c elementor-widget__width-initial elementor-widget elementor-widget-heading\" data-id=\"f4c0a4c\" data-element_type=\"widget\" data-e-type=\"widget\" data-widget_type=\"heading.default\">\n\t\t\t\t\t<h1 class=\"elementor-heading-title elementor-size-default\">Fadu F5 \u2013 Pr\u00e9mium elektromos robog\u00f3 45 km\/h - 170 km Hat\u00f3t\u00e1v<\/h1>\t\t\t\t<\/div>\n\t\t\t\t<div class=\"elementor-element elementor-element-25a2d6ae elementor-widget__width-initial elementor-widget elementor-widget-text-editor\" data-id=\"25a2d6ae\" data-element_type=\"widget\" data-e-type=\"widget\" data-widget_type=\"text-editor.default\">\n\t\t\t\t\t\t\t\t\t<p>Az ide\u00e1lis elektromos robog\u00f3 mindennapi k\u00f6zleked\u00e9shez \u00e9s fut\u00e1roknak<\/p>\t\t\t\t\t\t\t\t<\/div>\n\t\t<div class=\"elementor-element elementor-element-5ea39353 e-con-full e-flex e-con e-child\" data-id=\"5ea39353\" data-element_type=\"container\" data-e-type=\"container\">\n\t\t\t\t<div class=\"elementor-element elementor-element-43f125de elementor-widget elementor-widget-text-editor\" data-id=\"43f125de\" data-element_type=\"widget\" data-e-type=\"widget\" data-widget_type=\"text-editor.default\">\n\t\t\t\t\t\t\t\t\t<p><span class=\"price-item price-item--sale price-item--last\">920.000<\/span><span class=\"price-item price-item--sale price-item--last\"> Ft<\/span><\/p>\t\t\t\t\t\t\t\t<\/div>\n\t\t\t\t<div class=\"elementor-element elementor-element-2e19737c elementor-widget elementor-widget-text-editor\" data-id=\"2e19737c\" data-element_type=\"widget\" data-e-type=\"widget\" data-widget_type=\"text-editor.default\">\n\t\t\t\t\t\t\t\t\t<p>* Tartalmazza az ad\u00f3kat.<\/p>\t\t\t\t\t\t\t\t<\/div>\n\t\t\t\t<\/div>\n\t\t<div class=\"elementor-element elementor-element-2526a794 e-con-full e-flex e-con e-child\" data-id=\"2526a794\" data-element_type=\"container\" data-e-type=\"container\">\n\t\t\t\t<div class=\"elementor-element elementor-element-68f31c elementor-widget elementor-widget-text-editor\" data-id=\"68f31c\" data-element_type=\"widget\" data-e-type=\"widget\" data-widget_type=\"text-editor.default\">\n\t\t\t\t\t\t\t\t\t<p>Akkumul\u00e1tor:<\/p>\t\t\t\t\t\t\t\t<\/div>\n\t\t\t\t<div class=\"elementor-element elementor-element-36a9f16b elementor-widget elementor-widget-text-editor\" data-id=\"36a9f16b\" data-element_type=\"widget\" data-e-type=\"widget\" data-widget_type=\"text-editor.default\">\n\t\t\t\t\t\t\t\t\t<p>72V75Ah Li-ion<\/p>\t\t\t\t\t\t\t\t<\/div>\n\t\t\t\t<\/div>\n\t\t<div class=\"elementor-element elementor-element-783cc035 e-con-full e-flex e-con e-child\" data-id=\"783cc035\" data-element_type=\"container\" data-e-type=\"container\">\n\t\t\t\t<div class=\"elementor-element elementor-element-3433809f elementor-widget elementor-widget-text-editor\" data-id=\"3433809f\" data-element_type=\"widget\" data-e-type=\"widget\" data-widget_type=\"text-editor.default\">\n\t\t\t\t\t\t\t\t\t<p>Sz\u00edn:<\/p>\t\t\t\t\t\t\t\t<\/div>\n\t\t\t\t<div class=\"elementor-element elementor-element-20da4dec elementor-widget elementor-widget-text-editor\" data-id=\"20da4dec\" data-element_type=\"widget\" data-e-type=\"widget\" data-widget_type=\"text-editor.default\">\n\t\t\t\t\t\t\t\t\t<p><span data-selected-value=\"\">\ud83d\udd34 Piros \ud83d\udd35 K\u00e9k<\/span><\/p>\t\t\t\t\t\t\t\t<\/div>\n\t\t\t\t<\/div>\n\t\t<div class=\"elementor-element elementor-element-50e5cea9 e-con-full e-flex e-con e-child\" data-id=\"50e5cea9\" data-element_type=\"container\" data-e-type=\"container\">\n\t\t\t\t<div class=\"elementor-element elementor-element-1b9b7 elementor-widget elementor-widget-text-editor\" data-id=\"1b9b7\" data-element_type=\"widget\" data-e-type=\"widget\" data-widget_type=\"text-editor.default\">\n\t\t\t\t\t\t\t\t\t<p><a href=\"https:\/\/rideezo.hu\/en\/reszletfizeteses\/\" target=\"_blank\" rel=\"noopener\">V\u00e1s\u00e1rl\u00e1s r\u00e9szletre? Kattints ide a r\u00e9szletek\u00e9rt!<\/a><\/p>\t\t\t\t\t\t\t\t<\/div>\n\t\t\t\t<\/div>\n\t\t\t\t<\/div>\n\t\t\t\t\t<\/div>\n\t\t\t\t<\/div>\n\t\t<div class=\"elementor-element elementor-element-34f37d8d e-flex e-con-boxed e-con e-parent\" data-id=\"34f37d8d\" data-element_type=\"container\" data-e-type=\"container\">\n\t\t\t\t\t<div class=\"e-con-inner\">\n\t\t\t\t<div class=\"elementor-element elementor-element-a0408fb elementor-widget elementor-widget-text-editor\" data-id=\"a0408fb\" data-element_type=\"widget\" data-e-type=\"widget\" data-widget_type=\"text-editor.default\">\n\t\t\t\t\t\t\t\t\t<p>Ismerd meg a Fadu F5-\u00f6t, egy cs\u00facstechnol\u00f3gi\u00e1s, EU szabv\u00e1nyoknak megfelel\u0151 elektromos robog\u00f3t. K\u00e9nyelmes, gyorsan t\u00f6lthet\u0151, \u00e9s ak\u00e1r 170 km-es hat\u00f3t\u00e1vval rendelkezik \u2013 t\u00f6k\u00e9letes a k\u00f6rnyezettudatos v\u00e1rosi ing\u00e1z\u00f3knak Budapesten. NFC kulcs n\u00e9lk\u00fcli ind\u00edt\u00e1s, t\u00e1vir\u00e1ny\u00edt\u00f3 \u00e9s be\u00e9p\u00edtett riaszt\u00f3 teszi a F5-\u00f6t biztons\u00e1goss\u00e1 \u00e9s k\u00e9nyelmess\u00e9.<\/p><p class=\"highlight-license\"><strong>AM vagy B jogos\u00edtv\u00e1ny sz\u00fcks\u00e9ges!<\/strong><\/p>\t\t\t\t\t\t\t\t<\/div>\n\t\t\t\t\t<\/div>\n\t\t\t\t<\/div>\n\t\t<div class=\"elementor-element elementor-element-2cab2285 e-flex e-con-boxed e-con e-parent\" data-id=\"2cab2285\" data-element_type=\"container\" data-e-type=\"container\" data-settings=\"{&quot;background_background&quot;:&quot;classic&quot;}\">\n\t\t\t\t\t<div class=\"e-con-inner\">\n\t\t\t\t<div class=\"elementor-element elementor-element-256bfae2 elementor-widget elementor-widget-heading\" data-id=\"256bfae2\" data-element_type=\"widget\" data-e-type=\"widget\" data-widget_type=\"heading.default\">\n\t\t\t\t\t<h2 class=\"elementor-heading-title elementor-size-default\">Term\u00e9k specifik\u00e1ci\u00f3k<\/h2>\t\t\t\t<\/div>\n\t\t\t\t<div class=\"elementor-element elementor-element-2af91ef elementor-widget__width-initial elementor-widget elementor-widget-tablepress-table\" data-id=\"2af91ef\" data-element_type=\"widget\" data-e-type=\"widget\" data-widget_type=\"tablepress-table.default\">\n\t\t\t\t\t\n<table id=\"tablepress-Fadu-F5-45\" class=\"tablepress tablepress-id-Fadu-F5-45\">\n<tbody class=\"row-striping row-hover\">\n<tr class=\"row-1\">\n\t<td class=\"column-1\">Range<\/td><td class=\"column-2\">Ak\u00e1r 170 km hossz\u00fa v\u00e1rosi utakra<\/td>\n<\/tr>\n<tr class=\"row-2\">\n\t<td class=\"column-1\">Akkumul\u00e1tor<\/td><td class=\"column-2\">Er\u0151teljes 72V 75Ah hordozhat\u00f3 l\u00edtium-ion akkumul\u00e1tor<\/td>\n<\/tr>\n<tr class=\"row-3\">\n\t<td class=\"column-1\">Speed<\/td><td class=\"column-2\">45 km\/h<\/td>\n<\/tr>\n<tr class=\"row-4\">\n\t<td class=\"column-1\">Ind\u00edt\u00e1s<\/td><td class=\"column-2\">\u00c9rint\u00e9smentes NFC ind\u00edt\u00e1s \u00e9s le\u00e1ll\u00edt\u00e1s<\/td>\n<\/tr>\n<tr class=\"row-5\">\n\t<td class=\"column-1\">Biztons\u00e1g<\/td><td class=\"column-2\">T\u00e1vir\u00e1ny\u00edt\u00f3 \u00e9s be\u00e9p\u00edtett riaszt\u00f3rendszer<\/td>\n<\/tr>\n<tr class=\"row-6\">\n\t<td class=\"column-1\">Motor<\/td><td class=\"column-2\">Csendes, kefementes \u00e9s k\u00e1rosanyag-kibocs\u00e1t\u00e1s n\u00e9lk\u00fcli m\u0171k\u00f6d\u00e9s<\/td>\n<\/tr>\n<tr class=\"row-7\">\n\t<td class=\"column-1\">Tan\u00fas\u00edtv\u00e1ny<\/td><td class=\"column-2\">EEC j\u00f3v\u00e1hagyott \u2013 Budapesti k\u00f6zutakra alkalmas<\/td>\n<\/tr>\n<tr class=\"row-8\">\n\t<td class=\"column-1\">Lehet\u0151s\u00e9gek<\/td><td class=\"column-2\">V\u00e1s\u00e1rl\u00e1s, r\u00e9szletfizet\u00e9s<\/td>\n<\/tr>\n<tr class=\"row-9\">\n\t<td class=\"column-1\">Jogos\u00edtv\u00e1ny<\/td><td class=\"column-2\">AM\/B<\/td>\n<\/tr>\n<\/tbody>\n<\/table>\n<!-- #tablepress-Fadu-F5-45 from cache -->\t\t\t\t<\/div>\n\t\t\t\t\t<\/div>\n\t\t\t\t<\/div>\n\t\t<div class=\"elementor-element elementor-element-5ef7b5ea e-flex e-con-boxed e-con e-parent\" data-id=\"5ef7b5ea\" data-element_type=\"container\" data-e-type=\"container\">\n\t\t\t\t\t<div class=\"e-con-inner\">\n\t\t\t\t<div class=\"elementor-element elementor-element-882314 elementor-widget elementor-widget-heading\" data-id=\"882314\" data-element_type=\"widget\" data-e-type=\"widget\" data-widget_type=\"heading.default\">\n\t\t\t\t\t<h2 class=\"elementor-heading-title elementor-size-default\">\u00c9rdekel?<\/h2>\t\t\t\t<\/div>\n\t\t\t\t<div class=\"elementor-element elementor-element-5855e5f1 elementor-widget elementor-widget-button\" data-id=\"5855e5f1\" data-element_type=\"widget\" data-e-type=\"widget\" data-widget_type=\"button.default\">\n\t\t\t\t\t\t\t\t\t\t<a class=\"elementor-button elementor-button-link elementor-size-sm\" href=\"https:\/\/rideezo.hu\/en\/kapcsolat\/\">\n\t\t\t\t\t\t<span class=\"elementor-button-content-wrapper\">\n\t\t\t\t\t\t\t\t\t<span class=\"elementor-button-text\">Book an appointment<\/span>\n\t\t\t\t\t<\/span>\n\t\t\t\t\t<\/a>\n\t\t\t\t\t\t\t\t<\/div>\n\t\t\t\t\t<\/div>\n\t\t\t\t<\/div>\n\t\t\t\t<\/div>","protected":false},"excerpt":{"rendered":"<p>Fadu F5 \u2013 Pr\u00e9mium elektromos robog\u00f3 45 km\/h &#8211; 170 km Hat\u00f3t\u00e1v Az ide\u00e1lis elektromos robog\u00f3 mindennapi k\u00f6zleked\u00e9shez \u00e9s fut\u00e1roknak [&hellip;]<\/p>\n","protected":false},"author":1,"featured_media":0,"parent":0,"menu_order":0,"comment_status":"closed","ping_status":"closed","template":"elementor_header_footer","meta":{"site-sidebar-layout":"no-sidebar","site-content-layout":"","ast-site-content-layout":"full-width-container","site-content-style":"default","site-sidebar-style":"default","ast-global-header-display":"","ast-banner-title-visibility":"","ast-main-header-display":"","ast-hfb-above-header-display":"","ast-hfb-below-header-display":"","ast-hfb-mobile-header-display":"","site-post-title":"disabled","ast-breadcrumbs-content":"","ast-featured-img":"disabled","footer-sml-layout":"","ast-disable-related-posts":"","theme-transparent-header-meta":"","adv-header-id-meta":"","stick-header-meta":"","header-above-stick-meta":"","header-main-stick-meta":"","header-below-stick-meta":"","astra-migrate-meta-layouts":"default","ast-page-background-enabled":"default","ast-page-background-meta":{"desktop":{"background-color":"var(--ast-global-color-5)","background-image":"","background-repeat":"repeat","background-position":"center center","background-size":"auto","background-attachment":"scroll","background-type":"","background-media":"","overlay-type":"","overlay-color":"","overlay-opacity":"","overlay-gradient":""},"tablet":{"background-color":"","background-image":"","background-repeat":"repeat","background-position":"center center","background-size":"auto","background-attachment":"scroll","background-type":"","background-media":"","overlay-type":"","overlay-color":"","overlay-opacity":"","overlay-gradient":""},"mobile":{"background-color":"","background-image":"","background-repeat":"repeat","background-position":"center center","background-size":"auto","background-attachment":"scroll","background-type":"","background-media":"","overlay-type":"","overlay-color":"","overlay-opacity":"","overlay-gradient":""}},"ast-content-background-meta":{"desktop":{"background-color":"var(--ast-global-color-4)","background-image":"","background-repeat":"repeat","background-position":"center center","background-size":"auto","background-attachment":"scroll","background-type":"","background-media":"","overlay-type":"","overlay-color":"","overlay-opacity":"","overlay-gradient":""},"tablet":{"background-color":"var(--ast-global-color-4)","background-image":"","background-repeat":"repeat","background-position":"center center","background-size":"auto","background-attachment":"scroll","background-type":"","background-media":"","overlay-type":"","overlay-color":"","overlay-opacity":"","overlay-gradient":""},"mobile":{"background-color":"var(--ast-global-color-4)","background-image":"","background-repeat":"repeat","background-position":"center center","background-size":"auto","background-attachment":"scroll","background-type":"","background-media":"","overlay-type":"","overlay-color":"","overlay-opacity":"","overlay-gradient":""}},"footnotes":""},"class_list":["post-645","page","type-page","status-publish","hentry"],"_hostinger_reach_plugin_has_subscription_block":false,"_hostinger_reach_plugin_is_elementor":false,"_links":{"self":[{"href":"https:\/\/rideezo.hu\/en\/wp-json\/wp\/v2\/pages\/645","targetHints":{"allow":["GET"]}}],"collection":[{"href":"https:\/\/rideezo.hu\/en\/wp-json\/wp\/v2\/pages"}],"about":[{"href":"https:\/\/rideezo.hu\/en\/wp-json\/wp\/v2\/types\/page"}],"author":[{"embeddable":true,"href":"https:\/\/rideezo.hu\/en\/wp-json\/wp\/v2\/users\/1"}],"replies":[{"embeddable":true,"href":"https:\/\/rideezo.hu\/en\/wp-json\/wp\/v2\/comments?post=645"}],"version-history":[{"count":13,"href":"https:\/\/rideezo.hu\/en\/wp-json\/wp\/v2\/pages\/645\/revisions"}],"predecessor-version":[{"id":1026,"href":"https:\/\/rideezo.hu\/en\/wp-json\/wp\/v2\/pages\/645\/revisions\/1026"}],"wp:attachment":[{"href":"https:\/\/rideezo.hu\/en\/wp-json\/wp\/v2\/media?parent=645"}],"curies":[{"name":"wp","href":"https:\/\/api.w.org\/{rel}","templated":true}]}}