{"id":642,"date":"2026-03-25T00:28:02","date_gmt":"2026-03-24T23:28:02","guid":{"rendered":"https:\/\/rideezo.hu\/?page_id=642"},"modified":"2026-03-27T01:59:30","modified_gmt":"2026-03-27T00:59:30","slug":"fadu-f3-45km-h","status":"publish","type":"page","link":"https:\/\/rideezo.hu\/en\/fadu-f3-45km-h\/","title":{"rendered":"Fadu F3 &#8211; 45km\/h"},"content":{"rendered":"<div data-elementor-type=\"wp-page\" data-elementor-id=\"642\" class=\"elementor elementor-642\">\n\t\t\t\t<div class=\"elementor-element elementor-element-50e67548 e-flex e-con-boxed e-con e-parent\" data-id=\"50e67548\" data-element_type=\"container\" data-e-type=\"container\">\n\t\t\t\t\t<div class=\"e-con-inner\">\n\t\t<div class=\"elementor-element elementor-element-4fe544dd e-con-full e-flex e-con e-child\" data-id=\"4fe544dd\" data-element_type=\"container\" data-e-type=\"container\">\n\t\t\t\t<div class=\"elementor-element elementor-element-1932f066 elementor-arrows-position-inside elementor-pagination-position-outside elementor-widget elementor-widget-image-carousel\" data-id=\"1932f066\" data-element_type=\"widget\" data-e-type=\"widget\" data-settings=\"{&quot;slides_to_show&quot;:&quot;1&quot;,&quot;effect&quot;:&quot;fade&quot;,&quot;navigation&quot;:&quot;both&quot;,&quot;autoplay&quot;:&quot;yes&quot;,&quot;pause_on_hover&quot;:&quot;yes&quot;,&quot;pause_on_interaction&quot;:&quot;yes&quot;,&quot;autoplay_speed&quot;:5000,&quot;infinite&quot;:&quot;yes&quot;,&quot;speed&quot;:500}\" data-widget_type=\"image-carousel.default\">\n\t\t\t\t\t\t\t<div class=\"elementor-image-carousel-wrapper swiper\" role=\"region\" aria-roledescription=\"carousel\" aria-label=\"Image Carousel\" dir=\"ltr\">\n\t\t\t<div class=\"elementor-image-carousel swiper-wrapper swiper-image-stretch\" aria-live=\"off\">\n\t\t\t\t\t\t\t\t<div class=\"swiper-slide\" role=\"group\" aria-roledescription=\"slide\" aria-label=\"1 \/ 6\"><a data-elementor-open-lightbox=\"yes\" data-elementor-lightbox-slideshow=\"1932f066\" data-elementor-lightbox-title=\"Fadu F3 Side white\" data-e-action-hash=\"#elementor-action%3Aaction%3Dlightbox%26settings%3DeyJpZCI6ODA4LCJ1cmwiOiJodHRwczpcL1wvcmlkZWV6by5odVwvd3AtY29udGVudFwvdXBsb2Fkc1wvMjAyNlwvMDNcL0ZhZHUtRjMtU2lkZS13aGl0ZS0xLnBuZyIsInNsaWRlc2hvdyI6IjE5MzJmMDY2In0%3D\" href=\"https:\/\/rideezo.hu\/wp-content\/uploads\/2026\/03\/Fadu-F3-Side-white-1.png\"><figure class=\"swiper-slide-inner\"><img decoding=\"async\" class=\"swiper-slide-image\" src=\"https:\/\/rideezo.hu\/wp-content\/uploads\/2026\/03\/Fadu-F3-Side-white-1-768x768.png\" alt=\"Fadu F3 Side white\" \/><\/figure><\/a><\/div><div class=\"swiper-slide\" role=\"group\" aria-roledescription=\"slide\" aria-label=\"2 \/ 6\"><a data-elementor-open-lightbox=\"yes\" data-elementor-lightbox-slideshow=\"1932f066\" data-elementor-lightbox-title=\"Fadu F3 Side\" data-e-action-hash=\"#elementor-action%3Aaction%3Dlightbox%26settings%3DeyJpZCI6ODA5LCJ1cmwiOiJodHRwczpcL1wvcmlkZWV6by5odVwvd3AtY29udGVudFwvdXBsb2Fkc1wvMjAyNlwvMDNcL0ZhZHUtRjMtU2lkZS5wbmciLCJzbGlkZXNob3ciOiIxOTMyZjA2NiJ9\" href=\"https:\/\/rideezo.hu\/wp-content\/uploads\/2026\/03\/Fadu-F3-Side.png\"><figure class=\"swiper-slide-inner\"><img decoding=\"async\" class=\"swiper-slide-image\" src=\"https:\/\/rideezo.hu\/wp-content\/uploads\/2026\/03\/Fadu-F3-Side-768x768.png\" alt=\"Fadu F3 Side\" \/><\/figure><\/a><\/div><div class=\"swiper-slide\" role=\"group\" aria-roledescription=\"slide\" aria-label=\"3 \/ 6\"><a data-elementor-open-lightbox=\"yes\" data-elementor-lightbox-slideshow=\"1932f066\" data-elementor-lightbox-title=\"Fadu F3 NFC\" data-e-action-hash=\"#elementor-action%3Aaction%3Dlightbox%26settings%3DeyJpZCI6ODA2LCJ1cmwiOiJodHRwczpcL1wvcmlkZWV6by5odVwvd3AtY29udGVudFwvdXBsb2Fkc1wvMjAyNlwvMDNcL0ZhZHUtRjMtTkZDLnBuZyIsInNsaWRlc2hvdyI6IjE5MzJmMDY2In0%3D\" href=\"https:\/\/rideezo.hu\/wp-content\/uploads\/2026\/03\/Fadu-F3-NFC.png\"><figure class=\"swiper-slide-inner\"><img decoding=\"async\" class=\"swiper-slide-image\" src=\"https:\/\/rideezo.hu\/wp-content\/uploads\/2026\/03\/Fadu-F3-NFC-768x768.png\" alt=\"Fadu F3 NFC\" \/><\/figure><\/a><\/div><div class=\"swiper-slide\" role=\"group\" aria-roledescription=\"slide\" aria-label=\"4 \/ 6\"><a data-elementor-open-lightbox=\"yes\" data-elementor-lightbox-slideshow=\"1932f066\" data-elementor-lightbox-title=\"Fadu F3 corner white\" data-e-action-hash=\"#elementor-action%3Aaction%3Dlightbox%26settings%3DeyJpZCI6ODA0LCJ1cmwiOiJodHRwczpcL1wvcmlkZWV6by5odVwvd3AtY29udGVudFwvdXBsb2Fkc1wvMjAyNlwvMDNcL0ZhZHUtRjMtY29ybmVyLXdoaXRlLnBuZyIsInNsaWRlc2hvdyI6IjE5MzJmMDY2In0%3D\" href=\"https:\/\/rideezo.hu\/wp-content\/uploads\/2026\/03\/Fadu-F3-corner-white.png\"><figure class=\"swiper-slide-inner\"><img decoding=\"async\" class=\"swiper-slide-image\" src=\"https:\/\/rideezo.hu\/wp-content\/uploads\/2026\/03\/Fadu-F3-corner-white-768x768.png\" alt=\"Fadu F3 corner white\" \/><\/figure><\/a><\/div><div class=\"swiper-slide\" role=\"group\" aria-roledescription=\"slide\" aria-label=\"5 \/ 6\"><a data-elementor-open-lightbox=\"yes\" data-elementor-lightbox-slideshow=\"1932f066\" data-elementor-lightbox-title=\"Fadu F3 front white\" data-e-action-hash=\"#elementor-action%3Aaction%3Dlightbox%26settings%3DeyJpZCI6ODA1LCJ1cmwiOiJodHRwczpcL1wvcmlkZWV6by5odVwvd3AtY29udGVudFwvdXBsb2Fkc1wvMjAyNlwvMDNcL0ZhZHUtRjMtZnJvbnQtd2hpdGUucG5nIiwic2xpZGVzaG93IjoiMTkzMmYwNjYifQ%3D%3D\" href=\"https:\/\/rideezo.hu\/wp-content\/uploads\/2026\/03\/Fadu-F3-front-white.png\"><figure class=\"swiper-slide-inner\"><img decoding=\"async\" class=\"swiper-slide-image\" src=\"https:\/\/rideezo.hu\/wp-content\/uploads\/2026\/03\/Fadu-F3-front-white-768x768.png\" alt=\"Fadu F3 front white\" \/><\/figure><\/a><\/div><div class=\"swiper-slide\" role=\"group\" aria-roledescription=\"slide\" aria-label=\"6 \/ 6\"><a data-elementor-open-lightbox=\"yes\" data-elementor-lightbox-slideshow=\"1932f066\" data-elementor-lightbox-title=\"Fadu F3 rear white\" data-e-action-hash=\"#elementor-action%3Aaction%3Dlightbox%26settings%3DeyJpZCI6ODA3LCJ1cmwiOiJodHRwczpcL1wvcmlkZWV6by5odVwvd3AtY29udGVudFwvdXBsb2Fkc1wvMjAyNlwvMDNcL0ZhZHUtRjMtcmVhci13aGl0ZS5wbmciLCJzbGlkZXNob3ciOiIxOTMyZjA2NiJ9\" href=\"https:\/\/rideezo.hu\/wp-content\/uploads\/2026\/03\/Fadu-F3-rear-white.png\"><figure class=\"swiper-slide-inner\"><img decoding=\"async\" class=\"swiper-slide-image\" src=\"https:\/\/rideezo.hu\/wp-content\/uploads\/2026\/03\/Fadu-F3-rear-white-768x768.png\" alt=\"Fadu F3 rear white\" \/><\/figure><\/a><\/div>\t\t\t<\/div>\n\t\t\t\t\t\t\t\t\t\t\t\t<div class=\"elementor-swiper-button elementor-swiper-button-prev\" role=\"button\" tabindex=\"0\">\n\t\t\t\t\t\t<svg aria-hidden=\"true\" class=\"e-font-icon-svg e-eicon-chevron-left\" viewbox=\"0 0 1000 1000\" xmlns=\"http:\/\/www.w3.org\/2000\/svg\"><path d=\"M646 125C629 125 613 133 604 142L308 442C296 454 292 471 292 487 292 504 296 521 308 533L604 854C617 867 629 875 646 875 663 875 679 871 692 858 704 846 713 829 713 812 713 796 708 779 692 767L438 487 692 225C700 217 708 204 708 187 708 171 704 154 692 142 675 129 663 125 646 125Z\"><\/path><\/svg>\t\t\t\t\t<\/div>\n\t\t\t\t\t<div class=\"elementor-swiper-button elementor-swiper-button-next\" role=\"button\" tabindex=\"0\">\n\t\t\t\t\t\t<svg aria-hidden=\"true\" class=\"e-font-icon-svg e-eicon-chevron-right\" viewbox=\"0 0 1000 1000\" xmlns=\"http:\/\/www.w3.org\/2000\/svg\"><path d=\"M696 533C708 521 713 504 713 487 713 471 708 454 696 446L400 146C388 133 375 125 354 125 338 125 325 129 313 142 300 154 292 171 292 187 292 204 296 221 308 233L563 492 304 771C292 783 288 800 288 817 288 833 296 850 308 863 321 871 338 875 354 875 371 875 388 867 400 854L696 533Z\"><\/path><\/svg>\t\t\t\t\t<\/div>\n\t\t\t\t\n\t\t\t\t\t\t\t\t\t<div class=\"swiper-pagination\"><\/div>\n\t\t\t\t\t\t\t\t\t<\/div>\n\t\t\t\t\t\t<\/div>\n\t\t\t\t<\/div>\n\t\t<div class=\"elementor-element elementor-element-4f5e788 e-con-full e-flex e-con e-child\" data-id=\"4f5e788\" data-element_type=\"container\" data-e-type=\"container\">\n\t\t\t\t<div class=\"elementor-element elementor-element-70731b17 elementor-widget__width-initial elementor-widget elementor-widget-heading\" data-id=\"70731b17\" data-element_type=\"widget\" data-e-type=\"widget\" data-widget_type=\"heading.default\">\n\t\t\t\t\t<h1 class=\"elementor-heading-title elementor-size-default\">Fadu F3 \u2013 Sportos elektromos robog\u00f3 45 km\/h - 170 km Hat\u00f3t\u00e1v<\/h1>\t\t\t\t<\/div>\n\t\t\t\t<div class=\"elementor-element elementor-element-b25c768 elementor-widget__width-initial elementor-widget elementor-widget-text-editor\" data-id=\"b25c768\" data-element_type=\"widget\" data-e-type=\"widget\" data-widget_type=\"text-editor.default\">\n\t\t\t\t\t\t\t\t\t<p>Az ide\u00e1lis elektromos robog\u00f3 mindennapi k\u00f6zleked\u00e9shez \u00e9s fut\u00e1roknak<\/p>\t\t\t\t\t\t\t\t<\/div>\n\t\t<div class=\"elementor-element elementor-element-4da7bf81 e-con-full e-flex e-con e-child\" data-id=\"4da7bf81\" data-element_type=\"container\" data-e-type=\"container\">\n\t\t\t\t<div class=\"elementor-element elementor-element-59bd153d elementor-widget elementor-widget-text-editor\" data-id=\"59bd153d\" data-element_type=\"widget\" data-e-type=\"widget\" data-widget_type=\"text-editor.default\">\n\t\t\t\t\t\t\t\t\t<p><span class=\"price-item price-item--sale price-item--last\">899.000<\/span><span class=\"price-item price-item--sale price-item--last\"> Ft<\/span><\/p>\t\t\t\t\t\t\t\t<\/div>\n\t\t\t\t<div class=\"elementor-element elementor-element-438a7694 elementor-widget elementor-widget-text-editor\" data-id=\"438a7694\" data-element_type=\"widget\" data-e-type=\"widget\" data-widget_type=\"text-editor.default\">\n\t\t\t\t\t\t\t\t\t<p>* Tartalmazza az ad\u00f3kat.<\/p>\t\t\t\t\t\t\t\t<\/div>\n\t\t\t\t<\/div>\n\t\t<div class=\"elementor-element elementor-element-6d016ee5 e-con-full e-flex e-con e-child\" data-id=\"6d016ee5\" data-element_type=\"container\" data-e-type=\"container\">\n\t\t\t\t<div class=\"elementor-element elementor-element-315842cd elementor-widget elementor-widget-text-editor\" data-id=\"315842cd\" data-element_type=\"widget\" data-e-type=\"widget\" data-widget_type=\"text-editor.default\">\n\t\t\t\t\t\t\t\t\t<p>Akkumul\u00e1tor:<\/p>\t\t\t\t\t\t\t\t<\/div>\n\t\t\t\t<div class=\"elementor-element elementor-element-42ad71a9 elementor-widget elementor-widget-text-editor\" data-id=\"42ad71a9\" data-element_type=\"widget\" data-e-type=\"widget\" data-widget_type=\"text-editor.default\">\n\t\t\t\t\t\t\t\t\t<p>72V75Ah Li-ion<\/p>\t\t\t\t\t\t\t\t<\/div>\n\t\t\t\t<\/div>\n\t\t<div class=\"elementor-element elementor-element-4864d928 e-con-full e-flex e-con e-child\" data-id=\"4864d928\" data-element_type=\"container\" data-e-type=\"container\">\n\t\t\t\t<div class=\"elementor-element elementor-element-11dbc5c5 elementor-widget elementor-widget-text-editor\" data-id=\"11dbc5c5\" data-element_type=\"widget\" data-e-type=\"widget\" data-widget_type=\"text-editor.default\">\n\t\t\t\t\t\t\t\t\t<p>Sz\u00edn:<\/p>\t\t\t\t\t\t\t\t<\/div>\n\t\t\t\t<div class=\"elementor-element elementor-element-5ed16950 elementor-widget elementor-widget-text-editor\" data-id=\"5ed16950\" data-element_type=\"widget\" data-e-type=\"widget\" data-widget_type=\"text-editor.default\">\n\t\t\t\t\t\t\t\t\t<p><span data-selected-value=\"\">\u26aa Feh\u00e9r \ud83d\udd34 Piros \ud83d\udd35 K\u00e9k \u26ab Fekete<br \/><\/span><\/p>\t\t\t\t\t\t\t\t<\/div>\n\t\t\t\t<\/div>\n\t\t<div class=\"elementor-element elementor-element-70f1699b e-con-full e-flex e-con e-child\" data-id=\"70f1699b\" data-element_type=\"container\" data-e-type=\"container\">\n\t\t\t\t<div class=\"elementor-element elementor-element-50399dba elementor-widget elementor-widget-text-editor\" data-id=\"50399dba\" data-element_type=\"widget\" data-e-type=\"widget\" data-widget_type=\"text-editor.default\">\n\t\t\t\t\t\t\t\t\t<p><a href=\"https:\/\/rideezo.hu\/en\/reszletfizeteses\/\" target=\"_blank\" rel=\"noopener\">V\u00e1s\u00e1rl\u00e1s r\u00e9szletre? Kattints ide a r\u00e9szletek\u00e9rt!<\/a><\/p>\t\t\t\t\t\t\t\t<\/div>\n\t\t\t\t<\/div>\n\t\t\t\t<\/div>\n\t\t\t\t\t<\/div>\n\t\t\t\t<\/div>\n\t\t<div class=\"elementor-element elementor-element-6906fe38 e-flex e-con-boxed e-con e-parent\" data-id=\"6906fe38\" data-element_type=\"container\" data-e-type=\"container\">\n\t\t\t\t\t<div class=\"e-con-inner\">\n\t\t\t\t<div class=\"elementor-element elementor-element-1c217dc4 elementor-widget elementor-widget-text-editor\" data-id=\"1c217dc4\" data-element_type=\"widget\" data-e-type=\"widget\" data-widget_type=\"text-editor.default\">\n\t\t\t\t\t\t\t\t\t<p>Emeld a k\u00f6zleked\u00e9s szintj\u00e9t a&nbsp;<strong data-start=\"1482\" data-end=\"1497\">Fadu F3-mal,&nbsp;<\/strong>csendes, okos \u00e9s er\u0151s elektromos robog\u00f3 ak\u00e1r&nbsp;<strong>17<\/strong><strong data-start=\"1545\" data-end=\"1566\">0 km hat\u00f3t\u00e1vval<\/strong>. EU szabv\u00e1nnyal k\u00e9sz\u00fclt, v\u00e1rosi haszn\u00e1latra is t\u00f6k\u00e9letes. NFCvel ind\u00edthat\u00f3, t\u00e1vir\u00e1ny\u00edt\u00f3val vez\u00e9relhet\u0151 \u00e9s be\u00e9p\u00edtett riaszt\u00f3val biztos\u00edtott, a modern mobilit\u00e1s \u00faj szintje Budapesten.<\/p>\n<p class=\"highlight-license\"><strong>AM vagy B jogos\u00edtv\u00e1ny sz\u00fcks\u00e9ges!<\/strong><\/p>\t\t\t\t\t\t\t\t<\/div>\n\t\t\t\t\t<\/div>\n\t\t\t\t<\/div>\n\t\t<div class=\"elementor-element elementor-element-3942cec1 e-flex e-con-boxed e-con e-parent\" data-id=\"3942cec1\" data-element_type=\"container\" data-e-type=\"container\" data-settings=\"{&quot;background_background&quot;:&quot;classic&quot;}\">\n\t\t\t\t\t<div class=\"e-con-inner\">\n\t\t\t\t<div class=\"elementor-element elementor-element-1f03dcd7 elementor-widget elementor-widget-heading\" data-id=\"1f03dcd7\" data-element_type=\"widget\" data-e-type=\"widget\" data-widget_type=\"heading.default\">\n\t\t\t\t\t<h2 class=\"elementor-heading-title elementor-size-default\">Term\u00e9k specifik\u00e1ci\u00f3k<\/h2>\t\t\t\t<\/div>\n\t\t\t\t<div class=\"elementor-element elementor-element-59014903 elementor-widget__width-initial elementor-widget elementor-widget-tablepress-table\" data-id=\"59014903\" data-element_type=\"widget\" data-e-type=\"widget\" data-widget_type=\"tablepress-table.default\">\n\t\t\t\t\t\n<table id=\"tablepress-Fadu-F3-45\" class=\"tablepress tablepress-id-Fadu-F3-45\">\n<tbody class=\"row-striping row-hover\">\n<tr class=\"row-1\">\n\t<td class=\"column-1\">Range<\/td><td class=\"column-2\">Ak\u00e1r 170 km<\/td>\n<\/tr>\n<tr class=\"row-2\">\n\t<td class=\"column-1\">Akkumul\u00e1tor<\/td><td class=\"column-2\">72V 75Ah hordozhat\u00f3 l\u00edtium ion<\/td>\n<\/tr>\n<tr class=\"row-3\">\n\t<td class=\"column-1\">V\u00e9gsebess\u00e9g<\/td><td class=\"column-2\">45 km\/h<\/td>\n<\/tr>\n<tr class=\"row-4\">\n\t<td class=\"column-1\">NFC ind\u00edt\u00e1s<\/td><td class=\"column-2\">\u00c9rint\u00e9smentes ind\u00edt\u00e1s \u00e9s le\u00e1ll\u00edt\u00e1s<\/td>\n<\/tr>\n<tr class=\"row-5\">\n\t<td class=\"column-1\">Biztons\u00e1g<\/td><td class=\"column-2\">T\u00e1vir\u00e1ny\u00edt\u00f3 \u00e9s be\u00e9p\u00edtett riaszt\u00f3<\/td>\n<\/tr>\n<tr class=\"row-6\">\n\t<td class=\"column-1\">Motor<\/td><td class=\"column-2\">Csendes, alacsony karbantart\u00e1s\u00fa kefe n\u00e9lk\u00fcli<\/td>\n<\/tr>\n<tr class=\"row-7\">\n\t<td class=\"column-1\">Tan\u00fas\u00edtv\u00e1ny<\/td><td class=\"column-2\">EEC j\u00f3v\u00e1hagyott<\/td>\n<\/tr>\n<tr class=\"row-8\">\n\t<td class=\"column-1\">V\u00e1laszt\u00e1si lehet\u0151s\u00e9gek<\/td><td class=\"column-2\">V\u00e1s\u00e1rl\u00e1s, r\u00e9szletv\u00e1s\u00e1rl\u00e1s<\/td>\n<\/tr>\n<tr class=\"row-9\">\n\t<td class=\"column-1\">Ide\u00e1lis felhaszn\u00e1l\u00f3k<\/td><td class=\"column-2\">Ing\u00e1z\u00f3k, fut\u00e1rok, k\u00f6rnyezettudatos v\u00e1rosi k\u00f6zleked\u0151k<\/td>\n<\/tr>\n<tr class=\"row-10\">\n\t<td class=\"column-1\">Jogos\u00edtv\u00e1ny<\/td><td class=\"column-2\">AM\/B<\/td>\n<\/tr>\n<\/tbody>\n<\/table>\n<!-- #tablepress-Fadu-F3-45 from cache -->\t\t\t\t<\/div>\n\t\t\t\t\t<\/div>\n\t\t\t\t<\/div>\n\t\t<div class=\"elementor-element elementor-element-24dc3c65 e-flex e-con-boxed e-con e-parent\" data-id=\"24dc3c65\" data-element_type=\"container\" data-e-type=\"container\">\n\t\t\t\t\t<div class=\"e-con-inner\">\n\t\t\t\t<div class=\"elementor-element elementor-element-10c70094 elementor-widget elementor-widget-heading\" data-id=\"10c70094\" data-element_type=\"widget\" data-e-type=\"widget\" data-widget_type=\"heading.default\">\n\t\t\t\t\t<h2 class=\"elementor-heading-title elementor-size-default\">\u00c9rdekel?<\/h2>\t\t\t\t<\/div>\n\t\t\t\t<div class=\"elementor-element elementor-element-661360fd elementor-widget elementor-widget-button\" data-id=\"661360fd\" data-element_type=\"widget\" data-e-type=\"widget\" data-widget_type=\"button.default\">\n\t\t\t\t\t\t\t\t\t\t<a class=\"elementor-button elementor-button-link elementor-size-sm\" href=\"https:\/\/rideezo.hu\/en\/kapcsolat\/\">\n\t\t\t\t\t\t<span class=\"elementor-button-content-wrapper\">\n\t\t\t\t\t\t\t\t\t<span class=\"elementor-button-text\">Book an appointment<\/span>\n\t\t\t\t\t<\/span>\n\t\t\t\t\t<\/a>\n\t\t\t\t\t\t\t\t<\/div>\n\t\t\t\t\t<\/div>\n\t\t\t\t<\/div>\n\t\t\t\t<\/div>","protected":false},"excerpt":{"rendered":"<p>Fadu F3 \u2013 Sportos elektromos robog\u00f3 45 km\/h &#8211; 170 km Hat\u00f3t\u00e1v Az ide\u00e1lis elektromos robog\u00f3 mindennapi k\u00f6zleked\u00e9shez \u00e9s fut\u00e1roknak [&hellip;]<\/p>\n","protected":false},"author":1,"featured_media":0,"parent":0,"menu_order":0,"comment_status":"closed","ping_status":"closed","template":"elementor_header_footer","meta":{"site-sidebar-layout":"no-sidebar","site-content-layout":"","ast-site-content-layout":"full-width-container","site-content-style":"default","site-sidebar-style":"default","ast-global-header-display":"","ast-banner-title-visibility":"","ast-main-header-display":"","ast-hfb-above-header-display":"","ast-hfb-below-header-display":"","ast-hfb-mobile-header-display":"","site-post-title":"disabled","ast-breadcrumbs-content":"","ast-featured-img":"disabled","footer-sml-layout":"","ast-disable-related-posts":"","theme-transparent-header-meta":"","adv-header-id-meta":"","stick-header-meta":"","header-above-stick-meta":"","header-main-stick-meta":"","header-below-stick-meta":"","astra-migrate-meta-layouts":"default","ast-page-background-enabled":"default","ast-page-background-meta":{"desktop":{"background-color":"var(--ast-global-color-5)","background-image":"","background-repeat":"repeat","background-position":"center center","background-size":"auto","background-attachment":"scroll","background-type":"","background-media":"","overlay-type":"","overlay-color":"","overlay-opacity":"","overlay-gradient":""},"tablet":{"background-color":"","background-image":"","background-repeat":"repeat","background-position":"center center","background-size":"auto","background-attachment":"scroll","background-type":"","background-media":"","overlay-type":"","overlay-color":"","overlay-opacity":"","overlay-gradient":""},"mobile":{"background-color":"","background-image":"","background-repeat":"repeat","background-position":"center center","background-size":"auto","background-attachment":"scroll","background-type":"","background-media":"","overlay-type":"","overlay-color":"","overlay-opacity":"","overlay-gradient":""}},"ast-content-background-meta":{"desktop":{"background-color":"var(--ast-global-color-4)","background-image":"","background-repeat":"repeat","background-position":"center center","background-size":"auto","background-attachment":"scroll","background-type":"","background-media":"","overlay-type":"","overlay-color":"","overlay-opacity":"","overlay-gradient":""},"tablet":{"background-color":"var(--ast-global-color-4)","background-image":"","background-repeat":"repeat","background-position":"center center","background-size":"auto","background-attachment":"scroll","background-type":"","background-media":"","overlay-type":"","overlay-color":"","overlay-opacity":"","overlay-gradient":""},"mobile":{"background-color":"var(--ast-global-color-4)","background-image":"","background-repeat":"repeat","background-position":"center center","background-size":"auto","background-attachment":"scroll","background-type":"","background-media":"","overlay-type":"","overlay-color":"","overlay-opacity":"","overlay-gradient":""}},"footnotes":""},"class_list":["post-642","page","type-page","status-publish","hentry"],"_hostinger_reach_plugin_has_subscription_block":false,"_hostinger_reach_plugin_is_elementor":false,"_links":{"self":[{"href":"https:\/\/rideezo.hu\/en\/wp-json\/wp\/v2\/pages\/642","targetHints":{"allow":["GET"]}}],"collection":[{"href":"https:\/\/rideezo.hu\/en\/wp-json\/wp\/v2\/pages"}],"about":[{"href":"https:\/\/rideezo.hu\/en\/wp-json\/wp\/v2\/types\/page"}],"author":[{"embeddable":true,"href":"https:\/\/rideezo.hu\/en\/wp-json\/wp\/v2\/users\/1"}],"replies":[{"embeddable":true,"href":"https:\/\/rideezo.hu\/en\/wp-json\/wp\/v2\/comments?post=642"}],"version-history":[{"count":13,"href":"https:\/\/rideezo.hu\/en\/wp-json\/wp\/v2\/pages\/642\/revisions"}],"predecessor-version":[{"id":1011,"href":"https:\/\/rideezo.hu\/en\/wp-json\/wp\/v2\/pages\/642\/revisions\/1011"}],"wp:attachment":[{"href":"https:\/\/rideezo.hu\/en\/wp-json\/wp\/v2\/media?parent=642"}],"curies":[{"name":"wp","href":"https:\/\/api.w.org\/{rel}","templated":true}]}}