{"id":636,"date":"2026-03-25T00:27:25","date_gmt":"2026-03-24T23:27:25","guid":{"rendered":"https:\/\/rideezo.hu\/?page_id=636"},"modified":"2026-04-15T14:19:55","modified_gmt":"2026-04-15T12:19:55","slug":"fadu-f2-42km-h","status":"publish","type":"page","link":"https:\/\/rideezo.hu\/en\/fadu-f2-42km-h\/","title":{"rendered":"Fadu F2 &#8211; 42km\/h"},"content":{"rendered":"<div data-elementor-type=\"wp-page\" data-elementor-id=\"636\" class=\"elementor elementor-636\">\n\t\t\t\t<div class=\"elementor-element elementor-element-1bb98c28 e-flex e-con-boxed e-con e-parent\" data-id=\"1bb98c28\" data-element_type=\"container\" data-e-type=\"container\">\n\t\t\t\t\t<div class=\"e-con-inner\">\n\t\t<div class=\"elementor-element elementor-element-251f8d49 e-con-full e-flex e-con e-child\" data-id=\"251f8d49\" data-element_type=\"container\" data-e-type=\"container\">\n\t\t\t\t<div class=\"elementor-element elementor-element-43cc2fb2 elementor-arrows-position-inside elementor-pagination-position-outside elementor-widget elementor-widget-image-carousel\" data-id=\"43cc2fb2\" data-element_type=\"widget\" data-e-type=\"widget\" data-settings=\"{&quot;slides_to_show&quot;:&quot;1&quot;,&quot;effect&quot;:&quot;fade&quot;,&quot;navigation&quot;:&quot;both&quot;,&quot;autoplay&quot;:&quot;yes&quot;,&quot;pause_on_hover&quot;:&quot;yes&quot;,&quot;pause_on_interaction&quot;:&quot;yes&quot;,&quot;autoplay_speed&quot;:5000,&quot;infinite&quot;:&quot;yes&quot;,&quot;speed&quot;:500}\" data-widget_type=\"image-carousel.default\">\n\t\t\t\t\t\t\t<div class=\"elementor-image-carousel-wrapper swiper\" role=\"region\" aria-roledescription=\"carousel\" aria-label=\"Image Carousel\" dir=\"ltr\">\n\t\t\t<div class=\"elementor-image-carousel swiper-wrapper swiper-image-stretch\" aria-live=\"off\">\n\t\t\t\t\t\t\t\t<div class=\"swiper-slide\" role=\"group\" aria-roledescription=\"slide\" aria-label=\"1 \/ 5\"><a data-elementor-open-lightbox=\"yes\" data-elementor-lightbox-slideshow=\"43cc2fb2\" data-elementor-lightbox-title=\"Fadu F2 Side orange\" data-e-action-hash=\"#elementor-action%3Aaction%3Dlightbox%26settings%3DeyJpZCI6NjUyLCJ1cmwiOiJodHRwczpcL1wvcmlkZWV6by5odVwvd3AtY29udGVudFwvdXBsb2Fkc1wvMjAyNlwvMDNcL0ZhZHUtRjItU2lkZS1vcmFuZ2UtMS5wbmciLCJzbGlkZXNob3ciOiI0M2NjMmZiMiJ9\" href=\"https:\/\/rideezo.hu\/wp-content\/uploads\/2026\/03\/Fadu-F2-Side-orange-1.png\"><figure class=\"swiper-slide-inner\"><img decoding=\"async\" class=\"swiper-slide-image\" src=\"https:\/\/rideezo.hu\/wp-content\/uploads\/2026\/03\/Fadu-F2-Side-orange-1-768x768.png\" alt=\"Fadu F2 Side orange\" \/><\/figure><\/a><\/div><div class=\"swiper-slide\" role=\"group\" aria-roledescription=\"slide\" aria-label=\"2 \/ 5\"><a data-elementor-open-lightbox=\"yes\" data-elementor-lightbox-slideshow=\"43cc2fb2\" data-elementor-lightbox-title=\"Fadu_F2_orange_park_mode_dc68221d-6e6e-498e-bb26-c5aa38d2ad62\" data-e-action-hash=\"#elementor-action%3Aaction%3Dlightbox%26settings%3DeyJpZCI6NjUzLCJ1cmwiOiJodHRwczpcL1wvcmlkZWV6by5odVwvd3AtY29udGVudFwvdXBsb2Fkc1wvMjAyNlwvMDNcL0ZhZHVfRjJfb3JhbmdlX3BhcmtfbW9kZV9kYzY4MjIxZC02ZTZlLTQ5OGUtYmIyNi1jNWFhMzhkMmFkNjIucG5nIiwic2xpZGVzaG93IjoiNDNjYzJmYjIifQ%3D%3D\" href=\"https:\/\/rideezo.hu\/wp-content\/uploads\/2026\/03\/Fadu_F2_orange_park_mode_dc68221d-6e6e-498e-bb26-c5aa38d2ad62.png\"><figure class=\"swiper-slide-inner\"><img decoding=\"async\" class=\"swiper-slide-image\" src=\"https:\/\/rideezo.hu\/wp-content\/uploads\/2026\/03\/Fadu_F2_orange_park_mode_dc68221d-6e6e-498e-bb26-c5aa38d2ad62-768x768.png\" alt=\"Fadu_F2_orange_park_mode_dc68221d-6e6e-498e-bb26-c5aa38d2ad62\" \/><\/figure><\/a><\/div><div class=\"swiper-slide\" role=\"group\" aria-roledescription=\"slide\" aria-label=\"3 \/ 5\"><a data-elementor-open-lightbox=\"yes\" data-elementor-lightbox-slideshow=\"43cc2fb2\" data-elementor-lightbox-title=\"Fadu F2 rear orange\" data-e-action-hash=\"#elementor-action%3Aaction%3Dlightbox%26settings%3DeyJpZCI6NjUxLCJ1cmwiOiJodHRwczpcL1wvcmlkZWV6by5odVwvd3AtY29udGVudFwvdXBsb2Fkc1wvMjAyNlwvMDNcL0ZhZHUtRjItcmVhci1vcmFuZ2UucG5nIiwic2xpZGVzaG93IjoiNDNjYzJmYjIifQ%3D%3D\" href=\"https:\/\/rideezo.hu\/wp-content\/uploads\/2026\/03\/Fadu-F2-rear-orange.png\"><figure class=\"swiper-slide-inner\"><img decoding=\"async\" class=\"swiper-slide-image\" src=\"https:\/\/rideezo.hu\/wp-content\/uploads\/2026\/03\/Fadu-F2-rear-orange-768x768.png\" alt=\"Fadu F2 rear orange\" \/><\/figure><\/a><\/div><div class=\"swiper-slide\" role=\"group\" aria-roledescription=\"slide\" aria-label=\"4 \/ 5\"><a data-elementor-open-lightbox=\"yes\" data-elementor-lightbox-slideshow=\"43cc2fb2\" data-elementor-lightbox-title=\"Fadu F2 front orange\" data-e-action-hash=\"#elementor-action%3Aaction%3Dlightbox%26settings%3DeyJpZCI6NjUwLCJ1cmwiOiJodHRwczpcL1wvcmlkZWV6by5odVwvd3AtY29udGVudFwvdXBsb2Fkc1wvMjAyNlwvMDNcL0ZhZHUtRjItZnJvbnQtb3JhbmdlLnBuZyIsInNsaWRlc2hvdyI6IjQzY2MyZmIyIn0%3D\" href=\"https:\/\/rideezo.hu\/wp-content\/uploads\/2026\/03\/Fadu-F2-front-orange.png\"><figure class=\"swiper-slide-inner\"><img decoding=\"async\" class=\"swiper-slide-image\" src=\"https:\/\/rideezo.hu\/wp-content\/uploads\/2026\/03\/Fadu-F2-front-orange-768x768.png\" alt=\"Fadu F2 front orange\" \/><\/figure><\/a><\/div><div class=\"swiper-slide\" role=\"group\" aria-roledescription=\"slide\" aria-label=\"5 \/ 5\"><a data-elementor-open-lightbox=\"yes\" data-elementor-lightbox-slideshow=\"43cc2fb2\" data-elementor-lightbox-title=\"Fadu F2 corner orange\" data-e-action-hash=\"#elementor-action%3Aaction%3Dlightbox%26settings%3DeyJpZCI6NjQ5LCJ1cmwiOiJodHRwczpcL1wvcmlkZWV6by5odVwvd3AtY29udGVudFwvdXBsb2Fkc1wvMjAyNlwvMDNcL0ZhZHUtRjItY29ybmVyLW9yYW5nZS5wbmciLCJzbGlkZXNob3ciOiI0M2NjMmZiMiJ9\" href=\"https:\/\/rideezo.hu\/wp-content\/uploads\/2026\/03\/Fadu-F2-corner-orange.png\"><figure class=\"swiper-slide-inner\"><img decoding=\"async\" class=\"swiper-slide-image\" src=\"https:\/\/rideezo.hu\/wp-content\/uploads\/2026\/03\/Fadu-F2-corner-orange-768x768.png\" alt=\"Fadu F2 corner orange\" \/><\/figure><\/a><\/div>\t\t\t<\/div>\n\t\t\t\t\t\t\t\t\t\t\t\t<div class=\"elementor-swiper-button elementor-swiper-button-prev\" role=\"button\" tabindex=\"0\">\n\t\t\t\t\t\t<svg aria-hidden=\"true\" class=\"e-font-icon-svg e-eicon-chevron-left\" viewbox=\"0 0 1000 1000\" xmlns=\"http:\/\/www.w3.org\/2000\/svg\"><path d=\"M646 125C629 125 613 133 604 142L308 442C296 454 292 471 292 487 292 504 296 521 308 533L604 854C617 867 629 875 646 875 663 875 679 871 692 858 704 846 713 829 713 812 713 796 708 779 692 767L438 487 692 225C700 217 708 204 708 187 708 171 704 154 692 142 675 129 663 125 646 125Z\"><\/path><\/svg>\t\t\t\t\t<\/div>\n\t\t\t\t\t<div class=\"elementor-swiper-button elementor-swiper-button-next\" role=\"button\" tabindex=\"0\">\n\t\t\t\t\t\t<svg aria-hidden=\"true\" class=\"e-font-icon-svg e-eicon-chevron-right\" viewbox=\"0 0 1000 1000\" xmlns=\"http:\/\/www.w3.org\/2000\/svg\"><path d=\"M696 533C708 521 713 504 713 487 713 471 708 454 696 446L400 146C388 133 375 125 354 125 338 125 325 129 313 142 300 154 292 171 292 187 292 204 296 221 308 233L563 492 304 771C292 783 288 800 288 817 288 833 296 850 308 863 321 871 338 875 354 875 371 875 388 867 400 854L696 533Z\"><\/path><\/svg>\t\t\t\t\t<\/div>\n\t\t\t\t\n\t\t\t\t\t\t\t\t\t<div class=\"swiper-pagination\"><\/div>\n\t\t\t\t\t\t\t\t\t<\/div>\n\t\t\t\t\t\t<\/div>\n\t\t\t\t<\/div>\n\t\t<div class=\"elementor-element elementor-element-515c45f1 e-con-full e-flex e-con e-child\" data-id=\"515c45f1\" data-element_type=\"container\" data-e-type=\"container\">\n\t\t\t\t<div class=\"elementor-element elementor-element-191ebab2 elementor-widget__width-initial elementor-widget elementor-widget-heading\" data-id=\"191ebab2\" data-element_type=\"widget\" data-e-type=\"widget\" data-widget_type=\"heading.default\">\n\t\t\t\t\t<h1 class=\"elementor-heading-title elementor-size-default\">Fadu F2 \u2013 V\u00e1rosi elektromos robog\u00f3 42 km\/h - 110 km Hat\u00f3t\u00e1v<\/h1>\t\t\t\t<\/div>\n\t\t\t\t<div class=\"elementor-element elementor-element-125d606a elementor-widget__width-initial elementor-widget elementor-widget-text-editor\" data-id=\"125d606a\" data-element_type=\"widget\" data-e-type=\"widget\" data-widget_type=\"text-editor.default\">\n\t\t\t\t\t\t\t\t\t<p>Az ide\u00e1lis elektromos robog\u00f3 mindennapi k\u00f6zleked\u00e9shez \u00e9s fut\u00e1roknak<\/p>\t\t\t\t\t\t\t\t<\/div>\n\t\t<div class=\"elementor-element elementor-element-358b62e1 e-con-full e-flex e-con e-child\" data-id=\"358b62e1\" data-element_type=\"container\" data-e-type=\"container\">\n\t\t\t\t<div class=\"elementor-element elementor-element-5446db18 elementor-widget elementor-widget-text-editor\" data-id=\"5446db18\" data-element_type=\"widget\" data-e-type=\"widget\" data-widget_type=\"text-editor.default\">\n\t\t\t\t\t\t\t\t\t<p><span class=\"price-item price-item--sale price-item--last\">690.000<\/span><span class=\"price-item price-item--sale price-item--last\"> Ft<\/span><\/p>\t\t\t\t\t\t\t\t<\/div>\n\t\t\t\t<div class=\"elementor-element elementor-element-2ea8f287 elementor-widget elementor-widget-text-editor\" data-id=\"2ea8f287\" data-element_type=\"widget\" data-e-type=\"widget\" data-widget_type=\"text-editor.default\">\n\t\t\t\t\t\t\t\t\t<p>* Tartalmazza az ad\u00f3kat.<\/p>\t\t\t\t\t\t\t\t<\/div>\n\t\t\t\t<\/div>\n\t\t<div class=\"elementor-element elementor-element-6ae45326 e-con-full e-flex e-con e-child\" data-id=\"6ae45326\" data-element_type=\"container\" data-e-type=\"container\">\n\t\t\t\t<div class=\"elementor-element elementor-element-66268caa elementor-widget elementor-widget-text-editor\" data-id=\"66268caa\" data-element_type=\"widget\" data-e-type=\"widget\" data-widget_type=\"text-editor.default\">\n\t\t\t\t\t\t\t\t\t<p>Akkumul\u00e1tor:<\/p>\t\t\t\t\t\t\t\t<\/div>\n\t\t\t\t<div class=\"elementor-element elementor-element-6015b593 elementor-widget elementor-widget-text-editor\" data-id=\"6015b593\" data-element_type=\"widget\" data-e-type=\"widget\" data-widget_type=\"text-editor.default\">\n\t\t\t\t\t\t\t\t\t<p>60V60Ah Li-ion<\/p>\t\t\t\t\t\t\t\t<\/div>\n\t\t\t\t<\/div>\n\t\t<div class=\"elementor-element elementor-element-d1931a e-con-full e-flex e-con e-child\" data-id=\"d1931a\" data-element_type=\"container\" data-e-type=\"container\">\n\t\t\t\t<div class=\"elementor-element elementor-element-5ffc0812 elementor-widget elementor-widget-text-editor\" data-id=\"5ffc0812\" data-element_type=\"widget\" data-e-type=\"widget\" data-widget_type=\"text-editor.default\">\n\t\t\t\t\t\t\t\t\t<p>Sz\u00edn:<\/p>\t\t\t\t\t\t\t\t<\/div>\n\t\t\t\t<div class=\"elementor-element elementor-element-6e10a64d elementor-widget elementor-widget-text-editor\" data-id=\"6e10a64d\" data-element_type=\"widget\" data-e-type=\"widget\" data-widget_type=\"text-editor.default\">\n\t\t\t\t\t\t\t\t\t<p><span data-selected-value=\"\">\ud83d\udfe0 Narancss\u00e1rga<\/span><\/p>\t\t\t\t\t\t\t\t<\/div>\n\t\t\t\t<\/div>\n\t\t<div class=\"elementor-element elementor-element-653051c1 e-con-full e-flex e-con e-child\" data-id=\"653051c1\" data-element_type=\"container\" data-e-type=\"container\">\n\t\t\t\t<div class=\"elementor-element elementor-element-725be3db elementor-widget elementor-widget-text-editor\" data-id=\"725be3db\" data-element_type=\"widget\" data-e-type=\"widget\" data-widget_type=\"text-editor.default\">\n\t\t\t\t\t\t\t\t\t<p><a href=\"https:\/\/rideezo.hu\/en\/reszletfizeteses\/\" target=\"_blank\" rel=\"noopener\">V\u00e1s\u00e1rl\u00e1s r\u00e9szletre? Kattints ide a r\u00e9szletek\u00e9rt!<\/a><\/p>\t\t\t\t\t\t\t\t<\/div>\n\t\t\t\t<\/div>\n\t\t\t\t<\/div>\n\t\t\t\t\t<\/div>\n\t\t\t\t<\/div>\n\t\t<div class=\"elementor-element elementor-element-2bf11aa0 e-flex e-con-boxed e-con e-parent\" data-id=\"2bf11aa0\" data-element_type=\"container\" data-e-type=\"container\">\n\t\t\t\t\t<div class=\"e-con-inner\">\n\t\t\t\t<div class=\"elementor-element elementor-element-359301e elementor-widget elementor-widget-text-editor\" data-id=\"359301e\" data-element_type=\"widget\" data-e-type=\"widget\" data-widget_type=\"text-editor.default\">\n\t\t\t\t\t\t\t\t\t<p>Fedezd fel a Fadu F2-t, a t\u00f6k\u00e9letes v\u00e1laszt\u00e1st v\u00e1rosi k\u00f6zleked\u00e9shez. Ak\u00e1r 110 km-es hat\u00f3t\u00e1vols\u00e1g, NFC-alap\u00fa ind\u00edt\u00e1s, be\u00e9p\u00edtett riaszt\u00f3 \u00e9s st\u00edlusos, kompakt diz\u00e1jn \u2013 minden adott, hogy Budapesten k\u00e9nyelmesen \u00e9s k\u00f6rnyezetbar\u00e1t m\u00f3don k\u00f6zlekedj.<\/p>\n<p class=\"highlight-license\"><strong>AM vagy B jogos\u00edtv\u00e1ny sz\u00fcks\u00e9ges!<\/strong><\/p>\t\t\t\t\t\t\t\t<\/div>\n\t\t\t\t\t<\/div>\n\t\t\t\t<\/div>\n\t\t<div class=\"elementor-element elementor-element-1d2c3f58 e-flex e-con-boxed e-con e-parent\" data-id=\"1d2c3f58\" data-element_type=\"container\" data-e-type=\"container\" data-settings=\"{&quot;background_background&quot;:&quot;classic&quot;}\">\n\t\t\t\t\t<div class=\"e-con-inner\">\n\t\t\t\t<div class=\"elementor-element elementor-element-586337bc elementor-widget elementor-widget-heading\" data-id=\"586337bc\" data-element_type=\"widget\" data-e-type=\"widget\" data-widget_type=\"heading.default\">\n\t\t\t\t\t<h2 class=\"elementor-heading-title elementor-size-default\">Term\u00e9k specifik\u00e1ci\u00f3k<\/h2>\t\t\t\t<\/div>\n\t\t\t\t<div class=\"elementor-element elementor-element-d22045 elementor-widget__width-initial elementor-widget elementor-widget-tablepress-table\" data-id=\"d22045\" data-element_type=\"widget\" data-e-type=\"widget\" data-widget_type=\"tablepress-table.default\">\n\t\t\t\t\t\n<table id=\"tablepress-Fadu-F2-42\" class=\"tablepress tablepress-id-Fadu-F2-42\">\n<tbody class=\"row-striping row-hover\">\n<tr class=\"row-1\">\n\t<td class=\"column-1\">Range<\/td><td class=\"column-2\">Ak\u00e1r 110 km egyetlen t\u00f6lt\u00e9ssel<\/td>\n<\/tr>\n<tr class=\"row-2\">\n\t<td class=\"column-1\">Akkumul\u00e1tor<\/td><td class=\"column-2\">60V 60Ah hordozhat\u00f3 l\u00edtium-ion akkumul\u00e1tor<\/td>\n<\/tr>\n<tr class=\"row-3\">\n\t<td class=\"column-1\">Kialak\u00edt\u00e1s<\/td><td class=\"column-2\">Kompakt, ide\u00e1lis sz\u0171k utc\u00e1khoz \u00e9s kev\u00e9s parkol\u00f3helyhez<\/td>\n<\/tr>\n<tr class=\"row-4\">\n\t<td class=\"column-1\">Ind\u00edt\u00e1s<\/td><td class=\"column-2\">NFC technol\u00f3gia \u2013 gyors \u00e9s biztons\u00e1gos<\/td>\n<\/tr>\n<tr class=\"row-5\">\n\t<td class=\"column-1\">Biztons\u00e1g<\/td><td class=\"column-2\">Be\u00e9p\u00edtett riaszt\u00f3rendszer a nagyobb v\u00e9delem\u00e9rt<\/td>\n<\/tr>\n<tr class=\"row-6\">\n\t<td class=\"column-1\">M\u0171k\u00f6d\u00e9s<\/td><td class=\"column-2\">K\u00f6rnyezetbar\u00e1t \u00e9s csendes \u00fczem<\/td>\n<\/tr>\n<tr class=\"row-7\">\n\t<td class=\"column-1\">V\u00e1s\u00e1rl\u00e1si lehet\u0151s\u00e9gek<\/td><td class=\"column-2\">V\u00e1s\u00e1rl\u00e1s, r\u00e9szletfizet\u00e9s<\/td>\n<\/tr>\n<tr class=\"row-8\">\n\t<td class=\"column-1\">Aj\u00e1nlott felhaszn\u00e1l\u00e1s<\/td><td class=\"column-2\">Napi ing\u00e1z\u00e1s, \u00e9telkisz\u00e1ll\u00edt\u00e1s vagy v\u00e1rosi k\u00f6zleked\u00e9s<\/td>\n<\/tr>\n<tr class=\"row-9\">\n\t<td class=\"column-1\">Jogos\u00edtv\u00e1ny<\/td><td class=\"column-2\">AM\/B<\/td>\n<\/tr>\n<\/tbody>\n<\/table>\n<!-- #tablepress-Fadu-F2-42 from cache -->\t\t\t\t<\/div>\n\t\t\t\t\t<\/div>\n\t\t\t\t<\/div>\n\t\t<div class=\"elementor-element elementor-element-51bc6ec1 e-flex e-con-boxed e-con e-parent\" data-id=\"51bc6ec1\" data-element_type=\"container\" data-e-type=\"container\">\n\t\t\t\t\t<div class=\"e-con-inner\">\n\t\t\t\t<div class=\"elementor-element elementor-element-450091d6 elementor-widget elementor-widget-heading\" data-id=\"450091d6\" data-element_type=\"widget\" data-e-type=\"widget\" data-widget_type=\"heading.default\">\n\t\t\t\t\t<h2 class=\"elementor-heading-title elementor-size-default\">\u00c9rdekel?<\/h2>\t\t\t\t<\/div>\n\t\t\t\t<div class=\"elementor-element elementor-element-69cb3ee6 elementor-widget elementor-widget-button\" data-id=\"69cb3ee6\" data-element_type=\"widget\" data-e-type=\"widget\" data-widget_type=\"button.default\">\n\t\t\t\t\t\t\t\t\t\t<a class=\"elementor-button elementor-button-link elementor-size-sm\" href=\"https:\/\/rideezo.hu\/en\/kapcsolat\/\">\n\t\t\t\t\t\t<span class=\"elementor-button-content-wrapper\">\n\t\t\t\t\t\t\t\t\t<span class=\"elementor-button-text\">Book an appointment<\/span>\n\t\t\t\t\t<\/span>\n\t\t\t\t\t<\/a>\n\t\t\t\t\t\t\t\t<\/div>\n\t\t\t\t\t<\/div>\n\t\t\t\t<\/div>\n\t\t\t\t<\/div>","protected":false},"excerpt":{"rendered":"<p>Fadu F2 \u2013 V\u00e1rosi elektromos robog\u00f3 42 km\/h &#8211; 110 km Hat\u00f3t\u00e1v Az ide\u00e1lis elektromos robog\u00f3 mindennapi k\u00f6zleked\u00e9shez \u00e9s fut\u00e1roknak [&hellip;]<\/p>\n","protected":false},"author":1,"featured_media":0,"parent":0,"menu_order":0,"comment_status":"closed","ping_status":"closed","template":"elementor_header_footer","meta":{"site-sidebar-layout":"no-sidebar","site-content-layout":"","ast-site-content-layout":"full-width-container","site-content-style":"default","site-sidebar-style":"default","ast-global-header-display":"","ast-banner-title-visibility":"","ast-main-header-display":"","ast-hfb-above-header-display":"","ast-hfb-below-header-display":"","ast-hfb-mobile-header-display":"","site-post-title":"disabled","ast-breadcrumbs-content":"","ast-featured-img":"disabled","footer-sml-layout":"","ast-disable-related-posts":"","theme-transparent-header-meta":"","adv-header-id-meta":"","stick-header-meta":"","header-above-stick-meta":"","header-main-stick-meta":"","header-below-stick-meta":"","astra-migrate-meta-layouts":"default","ast-page-background-enabled":"default","ast-page-background-meta":{"desktop":{"background-color":"var(--ast-global-color-5)","background-image":"","background-repeat":"repeat","background-position":"center center","background-size":"auto","background-attachment":"scroll","background-type":"","background-media":"","overlay-type":"","overlay-color":"","overlay-opacity":"","overlay-gradient":""},"tablet":{"background-color":"","background-image":"","background-repeat":"repeat","background-position":"center center","background-size":"auto","background-attachment":"scroll","background-type":"","background-media":"","overlay-type":"","overlay-color":"","overlay-opacity":"","overlay-gradient":""},"mobile":{"background-color":"","background-image":"","background-repeat":"repeat","background-position":"center center","background-size":"auto","background-attachment":"scroll","background-type":"","background-media":"","overlay-type":"","overlay-color":"","overlay-opacity":"","overlay-gradient":""}},"ast-content-background-meta":{"desktop":{"background-color":"var(--ast-global-color-4)","background-image":"","background-repeat":"repeat","background-position":"center center","background-size":"auto","background-attachment":"scroll","background-type":"","background-media":"","overlay-type":"","overlay-color":"","overlay-opacity":"","overlay-gradient":""},"tablet":{"background-color":"var(--ast-global-color-4)","background-image":"","background-repeat":"repeat","background-position":"center center","background-size":"auto","background-attachment":"scroll","background-type":"","background-media":"","overlay-type":"","overlay-color":"","overlay-opacity":"","overlay-gradient":""},"mobile":{"background-color":"var(--ast-global-color-4)","background-image":"","background-repeat":"repeat","background-position":"center center","background-size":"auto","background-attachment":"scroll","background-type":"","background-media":"","overlay-type":"","overlay-color":"","overlay-opacity":"","overlay-gradient":""}},"footnotes":""},"class_list":["post-636","page","type-page","status-publish","hentry"],"_hostinger_reach_plugin_has_subscription_block":false,"_hostinger_reach_plugin_is_elementor":false,"_links":{"self":[{"href":"https:\/\/rideezo.hu\/en\/wp-json\/wp\/v2\/pages\/636","targetHints":{"allow":["GET"]}}],"collection":[{"href":"https:\/\/rideezo.hu\/en\/wp-json\/wp\/v2\/pages"}],"about":[{"href":"https:\/\/rideezo.hu\/en\/wp-json\/wp\/v2\/types\/page"}],"author":[{"embeddable":true,"href":"https:\/\/rideezo.hu\/en\/wp-json\/wp\/v2\/users\/1"}],"replies":[{"embeddable":true,"href":"https:\/\/rideezo.hu\/en\/wp-json\/wp\/v2\/comments?post=636"}],"version-history":[{"count":19,"href":"https:\/\/rideezo.hu\/en\/wp-json\/wp\/v2\/pages\/636\/revisions"}],"predecessor-version":[{"id":1176,"href":"https:\/\/rideezo.hu\/en\/wp-json\/wp\/v2\/pages\/636\/revisions\/1176"}],"wp:attachment":[{"href":"https:\/\/rideezo.hu\/en\/wp-json\/wp\/v2\/media?parent=636"}],"curies":[{"name":"wp","href":"https:\/\/api.w.org\/{rel}","templated":true}]}}