{"id":633,"date":"2026-03-25T00:26:57","date_gmt":"2026-03-24T23:26:57","guid":{"rendered":"https:\/\/rideezo.hu\/?page_id=633"},"modified":"2026-03-27T00:34:24","modified_gmt":"2026-03-26T23:34:24","slug":"lofty-14-45km-h","status":"publish","type":"page","link":"https:\/\/rideezo.hu\/en\/lofty-14-45km-h\/","title":{"rendered":"Lofty 14 &#8211; 45km\/h"},"content":{"rendered":"<div data-elementor-type=\"wp-page\" data-elementor-id=\"633\" class=\"elementor elementor-633\">\n\t\t\t\t<div class=\"elementor-element elementor-element-713ee3a9 e-flex e-con-boxed e-con e-parent\" data-id=\"713ee3a9\" data-element_type=\"container\" data-e-type=\"container\">\n\t\t\t\t\t<div class=\"e-con-inner\">\n\t\t<div class=\"elementor-element elementor-element-17a2b2db e-con-full e-flex e-con e-child\" data-id=\"17a2b2db\" data-element_type=\"container\" data-e-type=\"container\">\n\t\t\t\t<div class=\"elementor-element elementor-element-28497c3 elementor-arrows-position-inside elementor-pagination-position-outside elementor-widget elementor-widget-image-carousel\" data-id=\"28497c3\" data-element_type=\"widget\" data-e-type=\"widget\" data-settings=\"{&quot;slides_to_show&quot;:&quot;1&quot;,&quot;effect&quot;:&quot;fade&quot;,&quot;navigation&quot;:&quot;both&quot;,&quot;autoplay&quot;:&quot;yes&quot;,&quot;pause_on_hover&quot;:&quot;yes&quot;,&quot;pause_on_interaction&quot;:&quot;yes&quot;,&quot;autoplay_speed&quot;:5000,&quot;infinite&quot;:&quot;yes&quot;,&quot;speed&quot;:500}\" data-widget_type=\"image-carousel.default\">\n\t\t\t\t\t\t\t<div class=\"elementor-image-carousel-wrapper swiper\" role=\"region\" aria-roledescription=\"carousel\" aria-label=\"Image Carousel\" dir=\"ltr\">\n\t\t\t<div class=\"elementor-image-carousel swiper-wrapper swiper-image-stretch\" aria-live=\"off\">\n\t\t\t\t\t\t\t\t<div class=\"swiper-slide\" role=\"group\" aria-roledescription=\"slide\" aria-label=\"1 \/ 4\"><a data-elementor-open-lightbox=\"yes\" data-elementor-lightbox-slideshow=\"28497c3\" data-elementor-lightbox-title=\"Lofty 14 side\" data-e-action-hash=\"#elementor-action%3Aaction%3Dlightbox%26settings%3DeyJpZCI6ODMzLCJ1cmwiOiJodHRwczpcL1wvcmlkZWV6by5odVwvd3AtY29udGVudFwvdXBsb2Fkc1wvMjAyNlwvMDNcL0xvZnR5LTE0LXNpZGUucG5nIiwic2xpZGVzaG93IjoiMjg0OTdjMyJ9\" href=\"https:\/\/rideezo.hu\/wp-content\/uploads\/2026\/03\/Lofty-14-side.png\"><figure class=\"swiper-slide-inner\"><img decoding=\"async\" class=\"swiper-slide-image\" src=\"https:\/\/rideezo.hu\/wp-content\/uploads\/2026\/03\/Lofty-14-side-768x768.png\" alt=\"Lofty 14 side\" \/><\/figure><\/a><\/div><div class=\"swiper-slide\" role=\"group\" aria-roledescription=\"slide\" aria-label=\"2 \/ 4\"><a data-elementor-open-lightbox=\"yes\" data-elementor-lightbox-slideshow=\"28497c3\" data-elementor-lightbox-title=\"04-16R06- 25kmh\" data-e-action-hash=\"#elementor-action%3Aaction%3Dlightbox%26settings%3DeyJpZCI6NzM0LCJ1cmwiOiJodHRwczpcL1wvcmlkZWV6by5odVwvd3AtY29udGVudFwvdXBsb2Fkc1wvMjAyNlwvMDNcLzA0LTE2UjA2LTI1a21oLmpwZyIsInNsaWRlc2hvdyI6IjI4NDk3YzMifQ%3D%3D\" href=\"https:\/\/rideezo.hu\/wp-content\/uploads\/2026\/03\/04-16R06-25kmh.jpg\"><figure class=\"swiper-slide-inner\"><img decoding=\"async\" class=\"swiper-slide-image\" src=\"https:\/\/rideezo.hu\/wp-content\/uploads\/2026\/03\/04-16R06-25kmh-768x768.jpg\" alt=\"04-16R06- 25kmh\" \/><\/figure><\/a><\/div><div class=\"swiper-slide\" role=\"group\" aria-roledescription=\"slide\" aria-label=\"3 \/ 4\"><a data-elementor-open-lightbox=\"yes\" data-elementor-lightbox-slideshow=\"28497c3\" data-elementor-lightbox-title=\"Loftz_14_front_gumi_black\" data-e-action-hash=\"#elementor-action%3Aaction%3Dlightbox%26settings%3DeyJpZCI6ODMyLCJ1cmwiOiJodHRwczpcL1wvcmlkZWV6by5odVwvd3AtY29udGVudFwvdXBsb2Fkc1wvMjAyNlwvMDNcL0xvZnR6XzE0X2Zyb250X2d1bWlfYmxhY2sucG5nIiwic2xpZGVzaG93IjoiMjg0OTdjMyJ9\" href=\"https:\/\/rideezo.hu\/wp-content\/uploads\/2026\/03\/Loftz_14_front_gumi_black.png\"><figure class=\"swiper-slide-inner\"><img decoding=\"async\" class=\"swiper-slide-image\" src=\"https:\/\/rideezo.hu\/wp-content\/uploads\/2026\/03\/Loftz_14_front_gumi_black-768x768.png\" alt=\"Loftz_14_front_gumi_black\" \/><\/figure><\/a><\/div><div class=\"swiper-slide\" role=\"group\" aria-roledescription=\"slide\" aria-label=\"4 \/ 4\"><a data-elementor-open-lightbox=\"yes\" data-elementor-lightbox-slideshow=\"28497c3\" data-elementor-lightbox-title=\"Lofty_14_elektromos_robog_fekete\" data-e-action-hash=\"#elementor-action%3Aaction%3Dlightbox%26settings%3DeyJpZCI6ODM0LCJ1cmwiOiJodHRwczpcL1wvcmlkZWV6by5odVwvd3AtY29udGVudFwvdXBsb2Fkc1wvMjAyNlwvMDNcL0xvZnR5XzE0X2VsZWt0cm9tb3Nfcm9ib2dfZmVrZXRlLnBuZyIsInNsaWRlc2hvdyI6IjI4NDk3YzMifQ%3D%3D\" href=\"https:\/\/rideezo.hu\/wp-content\/uploads\/2026\/03\/Lofty_14_elektromos_robog_fekete.png\"><figure class=\"swiper-slide-inner\"><img decoding=\"async\" class=\"swiper-slide-image\" src=\"https:\/\/rideezo.hu\/wp-content\/uploads\/2026\/03\/Lofty_14_elektromos_robog_fekete-768x768.png\" alt=\"Lofty_14_elektromos_robog_fekete\" \/><\/figure><\/a><\/div>\t\t\t<\/div>\n\t\t\t\t\t\t\t\t\t\t\t\t<div class=\"elementor-swiper-button elementor-swiper-button-prev\" role=\"button\" tabindex=\"0\">\n\t\t\t\t\t\t<svg aria-hidden=\"true\" class=\"e-font-icon-svg e-eicon-chevron-left\" viewbox=\"0 0 1000 1000\" xmlns=\"http:\/\/www.w3.org\/2000\/svg\"><path d=\"M646 125C629 125 613 133 604 142L308 442C296 454 292 471 292 487 292 504 296 521 308 533L604 854C617 867 629 875 646 875 663 875 679 871 692 858 704 846 713 829 713 812 713 796 708 779 692 767L438 487 692 225C700 217 708 204 708 187 708 171 704 154 692 142 675 129 663 125 646 125Z\"><\/path><\/svg>\t\t\t\t\t<\/div>\n\t\t\t\t\t<div class=\"elementor-swiper-button elementor-swiper-button-next\" role=\"button\" tabindex=\"0\">\n\t\t\t\t\t\t<svg aria-hidden=\"true\" class=\"e-font-icon-svg e-eicon-chevron-right\" viewbox=\"0 0 1000 1000\" xmlns=\"http:\/\/www.w3.org\/2000\/svg\"><path d=\"M696 533C708 521 713 504 713 487 713 471 708 454 696 446L400 146C388 133 375 125 354 125 338 125 325 129 313 142 300 154 292 171 292 187 292 204 296 221 308 233L563 492 304 771C292 783 288 800 288 817 288 833 296 850 308 863 321 871 338 875 354 875 371 875 388 867 400 854L696 533Z\"><\/path><\/svg>\t\t\t\t\t<\/div>\n\t\t\t\t\n\t\t\t\t\t\t\t\t\t<div class=\"swiper-pagination\"><\/div>\n\t\t\t\t\t\t\t\t\t<\/div>\n\t\t\t\t\t\t<\/div>\n\t\t\t\t<\/div>\n\t\t<div class=\"elementor-element elementor-element-672d05e7 e-con-full e-flex e-con e-child\" data-id=\"672d05e7\" data-element_type=\"container\" data-e-type=\"container\">\n\t\t\t\t<div class=\"elementor-element elementor-element-16ffa9c5 elementor-widget__width-initial elementor-widget elementor-widget-heading\" data-id=\"16ffa9c5\" data-element_type=\"widget\" data-e-type=\"widget\" data-widget_type=\"heading.default\">\n\t\t\t\t\t<h1 class=\"elementor-heading-title elementor-size-default\">Lofty 14 \u2013 Strapab\u00edr\u00f3 elektromos robog\u00f3 45 km\/h - 90 km Hat\u00f3t\u00e1v<\/h1>\t\t\t\t<\/div>\n\t\t\t\t<div class=\"elementor-element elementor-element-3f0b5e17 elementor-widget__width-initial elementor-widget elementor-widget-text-editor\" data-id=\"3f0b5e17\" data-element_type=\"widget\" data-e-type=\"widget\" data-widget_type=\"text-editor.default\">\n\t\t\t\t\t\t\t\t\t<p>Az ide\u00e1lis elektromos robog\u00f3 mindennapi k\u00f6zleked\u00e9shez \u00e9s fut\u00e1roknak<\/p>\t\t\t\t\t\t\t\t<\/div>\n\t\t<div class=\"elementor-element elementor-element-6ae9f16 e-con-full e-flex e-con e-child\" data-id=\"6ae9f16\" data-element_type=\"container\" data-e-type=\"container\">\n\t\t\t\t<div class=\"elementor-element elementor-element-4fd2f1d elementor-widget elementor-widget-text-editor\" data-id=\"4fd2f1d\" data-element_type=\"widget\" data-e-type=\"widget\" data-widget_type=\"text-editor.default\">\n\t\t\t\t\t\t\t\t\t<p><span class=\"price-item price-item--sale price-item--last\">660.000<\/span><span class=\"price-item price-item--sale price-item--last\"> Ft<\/span><\/p>\t\t\t\t\t\t\t\t<\/div>\n\t\t\t\t<div class=\"elementor-element elementor-element-4b6f24c8 elementor-widget elementor-widget-text-editor\" data-id=\"4b6f24c8\" data-element_type=\"widget\" data-e-type=\"widget\" data-widget_type=\"text-editor.default\">\n\t\t\t\t\t\t\t\t\t<p>* Tartalmazza az ad\u00f3kat.<\/p>\t\t\t\t\t\t\t\t<\/div>\n\t\t\t\t<\/div>\n\t\t<div class=\"elementor-element elementor-element-4a8fe69e e-con-full e-flex e-con e-child\" data-id=\"4a8fe69e\" data-element_type=\"container\" data-e-type=\"container\">\n\t\t\t\t<div class=\"elementor-element elementor-element-26d67768 elementor-widget elementor-widget-text-editor\" data-id=\"26d67768\" data-element_type=\"widget\" data-e-type=\"widget\" data-widget_type=\"text-editor.default\">\n\t\t\t\t\t\t\t\t\t<p>Akkumul\u00e1tor:<\/p>\t\t\t\t\t\t\t\t<\/div>\n\t\t\t\t<div class=\"elementor-element elementor-element-63621995 elementor-widget elementor-widget-text-editor\" data-id=\"63621995\" data-element_type=\"widget\" data-e-type=\"widget\" data-widget_type=\"text-editor.default\">\n\t\t\t\t\t\t\t\t\t<p>48V60Ah Li-ion<\/p>\t\t\t\t\t\t\t\t<\/div>\n\t\t\t\t<\/div>\n\t\t<div class=\"elementor-element elementor-element-9bd2f3b e-con-full e-flex e-con e-child\" data-id=\"9bd2f3b\" data-element_type=\"container\" data-e-type=\"container\">\n\t\t\t\t<div class=\"elementor-element elementor-element-cd19828 elementor-widget elementor-widget-text-editor\" data-id=\"cd19828\" data-element_type=\"widget\" data-e-type=\"widget\" data-widget_type=\"text-editor.default\">\n\t\t\t\t\t\t\t\t\t<p>Sz\u00edn:<\/p>\t\t\t\t\t\t\t\t<\/div>\n\t\t\t\t<div class=\"elementor-element elementor-element-58356722 elementor-widget elementor-widget-text-editor\" data-id=\"58356722\" data-element_type=\"widget\" data-e-type=\"widget\" data-widget_type=\"text-editor.default\">\n\t\t\t\t\t\t\t\t\t<p><span data-selected-value=\"\">\ud83d\udd34 Piros \u26ab Fekete<\/span><\/p>\t\t\t\t\t\t\t\t<\/div>\n\t\t\t\t<\/div>\n\t\t<div class=\"elementor-element elementor-element-5a46f13d e-con-full e-flex e-con e-child\" data-id=\"5a46f13d\" data-element_type=\"container\" data-e-type=\"container\">\n\t\t\t\t<div class=\"elementor-element elementor-element-3eedeefa elementor-widget elementor-widget-text-editor\" data-id=\"3eedeefa\" data-element_type=\"widget\" data-e-type=\"widget\" data-widget_type=\"text-editor.default\">\n\t\t\t\t\t\t\t\t\t<p><a href=\"https:\/\/rideezo.hu\/en\/reszletfizeteses\/\" target=\"_blank\" rel=\"noopener\">V\u00e1s\u00e1rl\u00e1s r\u00e9szletre? Kattints ide a r\u00e9szletek\u00e9rt!<\/a><\/p>\t\t\t\t\t\t\t\t<\/div>\n\t\t\t\t<\/div>\n\t\t\t\t<\/div>\n\t\t\t\t\t<\/div>\n\t\t\t\t<\/div>\n\t\t<div class=\"elementor-element elementor-element-0c0b65c e-flex e-con-boxed e-con e-parent\" data-id=\"0c0b65c\" data-element_type=\"container\" data-e-type=\"container\">\n\t\t\t\t\t<div class=\"e-con-inner\">\n\t\t\t\t<div class=\"elementor-element elementor-element-31b5771 elementor-widget elementor-widget-text-editor\" data-id=\"31b5771\" data-element_type=\"widget\" data-e-type=\"widget\" data-widget_type=\"text-editor.default\">\n\t\t\t\t\t\t\t\t\t<p>A Lofty 14 egy sportos \u00e9s k\u00f6nny\u0171 elektromos robog\u00f3, amely kiv\u00e1l\u00f3 v\u00e1laszt\u00e1s v\u00e1rosi haszn\u00e1latra vagy fut\u00e1rszolg\u00e1lathoz Budapesten. A 48V 60Ah hordozhat\u00f3 akkumul\u00e1torral ak\u00e1r 90 km-t is megtehet egy t\u00f6lt\u00e9ssel. A sportos f\u00e9nysz\u00f3r\u00f3 kialak\u00edt\u00e1s dinamikus megjelen\u00e9st biztos\u00edt, m\u00edg a dupla t\u00e1rcsaf\u00e9k megb\u00edzhat\u00f3 f\u00e9kez\u00e9st ny\u00fajt. Rugalmas v\u00e1s\u00e1rl\u00e1si \u00e9s b\u00e9rl\u00e9si lehet\u0151s\u00e9gek is rendelkez\u00e9sre \u00e1llnak.<\/p>\n<p class=\"highlight-license\"><strong>AM vagy B jogos\u00edtv\u00e1ny sz\u00fcks\u00e9ges!<\/strong><\/p>\t\t\t\t\t\t\t\t<\/div>\n\t\t\t\t\t<\/div>\n\t\t\t\t<\/div>\n\t\t<div class=\"elementor-element elementor-element-7bcd88a3 e-flex e-con-boxed e-con e-parent\" data-id=\"7bcd88a3\" data-element_type=\"container\" data-e-type=\"container\" data-settings=\"{&quot;background_background&quot;:&quot;classic&quot;}\">\n\t\t\t\t\t<div class=\"e-con-inner\">\n\t\t\t\t<div class=\"elementor-element elementor-element-1a757f0d elementor-widget elementor-widget-heading\" data-id=\"1a757f0d\" data-element_type=\"widget\" data-e-type=\"widget\" data-widget_type=\"heading.default\">\n\t\t\t\t\t<h2 class=\"elementor-heading-title elementor-size-default\">Term\u00e9k specifik\u00e1ci\u00f3k<\/h2>\t\t\t\t<\/div>\n\t\t\t\t<div class=\"elementor-element elementor-element-5fab55a7 elementor-widget__width-initial elementor-widget elementor-widget-tablepress-table\" data-id=\"5fab55a7\" data-element_type=\"widget\" data-e-type=\"widget\" data-widget_type=\"tablepress-table.default\">\n\t\t\t\t\t\n<table id=\"tablepress-Lofty14-45\" class=\"tablepress tablepress-id-Lofty14-45\">\n<tbody class=\"row-striping row-hover\">\n<tr class=\"row-1\">\n\t<td class=\"column-1\">Els\u0151 l\u00e1mpa diz\u00e1jn<\/td><td class=\"column-2\">Sportos, fiatalos \u00e9s modern megjelen\u00e9s<\/td>\n<\/tr>\n<tr class=\"row-2\">\n\t<td class=\"column-1\">Range<\/td><td class=\"column-2\">Ak\u00e1r 90 km (48V 60Ah akkumul\u00e1torral)<\/td>\n<\/tr>\n<tr class=\"row-3\">\n\t<td class=\"column-1\">Akkumul\u00e1tor<\/td><td class=\"column-2\">Hordozhat\u00f3 l\u00edtium-ion \u2013 k\u00f6nnyen t\u00f6lthet\u0151<\/td>\n<\/tr>\n<tr class=\"row-4\">\n\t<td class=\"column-1\">F\u00e9kek<\/td><td class=\"column-2\">Els\u0151 \u00e9s h\u00e1ts\u00f3 t\u00e1rcsaf\u00e9k \u2013 biztons\u00e1g minden \u00faton<\/td>\n<\/tr>\n<tr class=\"row-5\">\n\t<td class=\"column-1\">S\u00faly<\/td><td class=\"column-2\">K\u00f6nny\u0171 kialak\u00edt\u00e1s, kiv\u00e1l\u00f3 man\u0151verezhet\u0151s\u00e9g<\/td>\n<\/tr>\n<tr class=\"row-6\">\n\t<td class=\"column-1\">V\u00e9gsebess\u00e9g<\/td><td class=\"column-2\">45 km\/h<\/td>\n<\/tr>\n<tr class=\"row-7\">\n\t<td class=\"column-1\">T\u00e1vir\u00e1ny\u00edt\u00e1s<\/td><td class=\"column-2\">Igen \u2013 t\u00e1vir\u00e1ny\u00edt\u00f3s m\u0171k\u00f6dtet\u00e9s<\/td>\n<\/tr>\n<tr class=\"row-8\">\n\t<td class=\"column-1\">Felhaszn\u00e1l\u00e1s<\/td><td class=\"column-2\">Fut\u00e1rok \u00e9s napi ing\u00e1z\u00f3k sz\u00e1m\u00e1ra ide\u00e1lis<\/td>\n<\/tr>\n<tr class=\"row-9\">\n\t<td class=\"column-1\">Lehet\u0151s\u00e9gek<\/td><td class=\"column-2\">V\u00e1s\u00e1rl\u00e1s, r\u00e9szletfizet\u00e9s vagy b\u00e9rl\u00e9s<\/td>\n<\/tr>\n<tr class=\"row-10\">\n\t<td class=\"column-1\">Jogos\u00edtv\u00e1ny<\/td><td class=\"column-2\">AM\/B<\/td>\n<\/tr>\n<\/tbody>\n<\/table>\n<!-- #tablepress-Lofty14-45 from cache -->\t\t\t\t<\/div>\n\t\t\t\t\t<\/div>\n\t\t\t\t<\/div>\n\t\t<div class=\"elementor-element elementor-element-1b9189e e-flex e-con-boxed e-con e-parent\" data-id=\"1b9189e\" data-element_type=\"container\" data-e-type=\"container\">\n\t\t\t\t\t<div class=\"e-con-inner\">\n\t\t\t\t<div class=\"elementor-element elementor-element-23dc26cd elementor-widget elementor-widget-heading\" data-id=\"23dc26cd\" data-element_type=\"widget\" data-e-type=\"widget\" data-widget_type=\"heading.default\">\n\t\t\t\t\t<h2 class=\"elementor-heading-title elementor-size-default\">\u00c9rdekel?<\/h2>\t\t\t\t<\/div>\n\t\t\t\t<div class=\"elementor-element elementor-element-465006f7 elementor-widget elementor-widget-button\" data-id=\"465006f7\" data-element_type=\"widget\" data-e-type=\"widget\" data-widget_type=\"button.default\">\n\t\t\t\t\t\t\t\t\t\t<a class=\"elementor-button elementor-button-link elementor-size-sm\" href=\"https:\/\/rideezo.hu\/en\/kapcsolat\/\">\n\t\t\t\t\t\t<span class=\"elementor-button-content-wrapper\">\n\t\t\t\t\t\t\t\t\t<span class=\"elementor-button-text\">Book an appointment<\/span>\n\t\t\t\t\t<\/span>\n\t\t\t\t\t<\/a>\n\t\t\t\t\t\t\t\t<\/div>\n\t\t\t\t\t<\/div>\n\t\t\t\t<\/div>\n\t\t\t\t<\/div>","protected":false},"excerpt":{"rendered":"<p>Lofty 14 \u2013 Strapab\u00edr\u00f3 elektromos robog\u00f3 45 km\/h &#8211; 90 km Hat\u00f3t\u00e1v Az ide\u00e1lis elektromos robog\u00f3 mindennapi k\u00f6zleked\u00e9shez \u00e9s fut\u00e1roknak [&hellip;]<\/p>\n","protected":false},"author":1,"featured_media":0,"parent":0,"menu_order":0,"comment_status":"closed","ping_status":"closed","template":"elementor_header_footer","meta":{"site-sidebar-layout":"no-sidebar","site-content-layout":"","ast-site-content-layout":"full-width-container","site-content-style":"default","site-sidebar-style":"default","ast-global-header-display":"","ast-banner-title-visibility":"","ast-main-header-display":"","ast-hfb-above-header-display":"","ast-hfb-below-header-display":"","ast-hfb-mobile-header-display":"","site-post-title":"disabled","ast-breadcrumbs-content":"","ast-featured-img":"disabled","footer-sml-layout":"","ast-disable-related-posts":"","theme-transparent-header-meta":"","adv-header-id-meta":"","stick-header-meta":"","header-above-stick-meta":"","header-main-stick-meta":"","header-below-stick-meta":"","astra-migrate-meta-layouts":"default","ast-page-background-enabled":"default","ast-page-background-meta":{"desktop":{"background-color":"var(--ast-global-color-5)","background-image":"","background-repeat":"repeat","background-position":"center center","background-size":"auto","background-attachment":"scroll","background-type":"","background-media":"","overlay-type":"","overlay-color":"","overlay-opacity":"","overlay-gradient":""},"tablet":{"background-color":"","background-image":"","background-repeat":"repeat","background-position":"center center","background-size":"auto","background-attachment":"scroll","background-type":"","background-media":"","overlay-type":"","overlay-color":"","overlay-opacity":"","overlay-gradient":""},"mobile":{"background-color":"","background-image":"","background-repeat":"repeat","background-position":"center center","background-size":"auto","background-attachment":"scroll","background-type":"","background-media":"","overlay-type":"","overlay-color":"","overlay-opacity":"","overlay-gradient":""}},"ast-content-background-meta":{"desktop":{"background-color":"var(--ast-global-color-4)","background-image":"","background-repeat":"repeat","background-position":"center center","background-size":"auto","background-attachment":"scroll","background-type":"","background-media":"","overlay-type":"","overlay-color":"","overlay-opacity":"","overlay-gradient":""},"tablet":{"background-color":"var(--ast-global-color-4)","background-image":"","background-repeat":"repeat","background-position":"center center","background-size":"auto","background-attachment":"scroll","background-type":"","background-media":"","overlay-type":"","overlay-color":"","overlay-opacity":"","overlay-gradient":""},"mobile":{"background-color":"var(--ast-global-color-4)","background-image":"","background-repeat":"repeat","background-position":"center center","background-size":"auto","background-attachment":"scroll","background-type":"","background-media":"","overlay-type":"","overlay-color":"","overlay-opacity":"","overlay-gradient":""}},"footnotes":""},"class_list":["post-633","page","type-page","status-publish","hentry"],"_hostinger_reach_plugin_has_subscription_block":false,"_hostinger_reach_plugin_is_elementor":false,"_links":{"self":[{"href":"https:\/\/rideezo.hu\/en\/wp-json\/wp\/v2\/pages\/633","targetHints":{"allow":["GET"]}}],"collection":[{"href":"https:\/\/rideezo.hu\/en\/wp-json\/wp\/v2\/pages"}],"about":[{"href":"https:\/\/rideezo.hu\/en\/wp-json\/wp\/v2\/types\/page"}],"author":[{"embeddable":true,"href":"https:\/\/rideezo.hu\/en\/wp-json\/wp\/v2\/users\/1"}],"replies":[{"embeddable":true,"href":"https:\/\/rideezo.hu\/en\/wp-json\/wp\/v2\/comments?post=633"}],"version-history":[{"count":13,"href":"https:\/\/rideezo.hu\/en\/wp-json\/wp\/v2\/pages\/633\/revisions"}],"predecessor-version":[{"id":987,"href":"https:\/\/rideezo.hu\/en\/wp-json\/wp\/v2\/pages\/633\/revisions\/987"}],"wp:attachment":[{"href":"https:\/\/rideezo.hu\/en\/wp-json\/wp\/v2\/media?parent=633"}],"curies":[{"name":"wp","href":"https:\/\/api.w.org\/{rel}","templated":true}]}}