{"id":630,"date":"2026-03-25T00:26:46","date_gmt":"2026-03-24T23:26:46","guid":{"rendered":"https:\/\/rideezo.hu\/?page_id=630"},"modified":"2026-03-27T02:10:57","modified_gmt":"2026-03-27T01:10:57","slug":"lofty-16-45km-h","status":"publish","type":"page","link":"https:\/\/rideezo.hu\/en\/lofty-16-45km-h\/","title":{"rendered":"Lofty 16 &#8211; 45km\/h"},"content":{"rendered":"<div data-elementor-type=\"wp-page\" data-elementor-id=\"630\" class=\"elementor elementor-630\">\n\t\t\t\t<div class=\"elementor-element elementor-element-287fa37a e-flex e-con-boxed e-con e-parent\" data-id=\"287fa37a\" data-element_type=\"container\" data-e-type=\"container\">\n\t\t\t\t\t<div class=\"e-con-inner\">\n\t\t<div class=\"elementor-element elementor-element-72c6d0cc e-con-full e-flex e-con e-child\" data-id=\"72c6d0cc\" data-element_type=\"container\" data-e-type=\"container\">\n\t\t\t\t<div class=\"elementor-element elementor-element-32c0fb5a elementor-arrows-position-inside elementor-pagination-position-outside elementor-widget elementor-widget-image-carousel\" data-id=\"32c0fb5a\" data-element_type=\"widget\" data-e-type=\"widget\" data-settings=\"{&quot;slides_to_show&quot;:&quot;1&quot;,&quot;effect&quot;:&quot;fade&quot;,&quot;navigation&quot;:&quot;both&quot;,&quot;autoplay&quot;:&quot;yes&quot;,&quot;pause_on_hover&quot;:&quot;yes&quot;,&quot;pause_on_interaction&quot;:&quot;yes&quot;,&quot;autoplay_speed&quot;:5000,&quot;infinite&quot;:&quot;yes&quot;,&quot;speed&quot;:500}\" data-widget_type=\"image-carousel.default\">\n\t\t\t\t\t\t\t<div class=\"elementor-image-carousel-wrapper swiper\" role=\"region\" aria-roledescription=\"carousel\" aria-label=\"Image Carousel\" dir=\"ltr\">\n\t\t\t<div class=\"elementor-image-carousel swiper-wrapper swiper-image-stretch\" aria-live=\"off\">\n\t\t\t\t\t\t\t\t<div class=\"swiper-slide\" role=\"group\" aria-roledescription=\"slide\" aria-label=\"1 \/ 7\"><a data-elementor-open-lightbox=\"yes\" data-elementor-lightbox-slideshow=\"32c0fb5a\" data-elementor-lightbox-title=\"L16-Robogo-Side\" data-e-action-hash=\"#elementor-action%3Aaction%3Dlightbox%26settings%3DeyJpZCI6ODYxLCJ1cmwiOiJodHRwczpcL1wvcmlkZWV6by5odVwvd3AtY29udGVudFwvdXBsb2Fkc1wvMjAyNlwvMDNcL0wxNi1Sb2JvZ28tU2lkZS0yLnBuZyIsInNsaWRlc2hvdyI6IjMyYzBmYjVhIn0%3D\" href=\"https:\/\/rideezo.hu\/wp-content\/uploads\/2026\/03\/L16-Robogo-Side-2.png\"><figure class=\"swiper-slide-inner\"><img decoding=\"async\" class=\"swiper-slide-image\" src=\"https:\/\/rideezo.hu\/wp-content\/uploads\/2026\/03\/L16-Robogo-Side-2-768x768.png\" alt=\"L16-Robogo-Side\" \/><\/figure><\/a><\/div><div class=\"swiper-slide\" role=\"group\" aria-roledescription=\"slide\" aria-label=\"2 \/ 7\"><a data-elementor-open-lightbox=\"yes\" data-elementor-lightbox-slideshow=\"32c0fb5a\" data-elementor-lightbox-title=\"L16-Robogo-Fekete\" data-e-action-hash=\"#elementor-action%3Aaction%3Dlightbox%26settings%3DeyJpZCI6ODU3LCJ1cmwiOiJodHRwczpcL1wvcmlkZWV6by5odVwvd3AtY29udGVudFwvdXBsb2Fkc1wvMjAyNlwvMDNcL0wxNi1Sb2JvZ28tRmVrZXRlLnBuZyIsInNsaWRlc2hvdyI6IjMyYzBmYjVhIn0%3D\" href=\"https:\/\/rideezo.hu\/wp-content\/uploads\/2026\/03\/L16-Robogo-Fekete.png\"><figure class=\"swiper-slide-inner\"><img decoding=\"async\" class=\"swiper-slide-image\" src=\"https:\/\/rideezo.hu\/wp-content\/uploads\/2026\/03\/L16-Robogo-Fekete-768x768.png\" alt=\"L16-Robogo-Fekete\" \/><\/figure><\/a><\/div><div class=\"swiper-slide\" role=\"group\" aria-roledescription=\"slide\" aria-label=\"3 \/ 7\"><a data-elementor-open-lightbox=\"yes\" data-elementor-lightbox-slideshow=\"32c0fb5a\" data-elementor-lightbox-title=\"Battery placememnt\" data-e-action-hash=\"#elementor-action%3Aaction%3Dlightbox%26settings%3DeyJpZCI6ODU1LCJ1cmwiOiJodHRwczpcL1wvcmlkZWV6by5odVwvd3AtY29udGVudFwvdXBsb2Fkc1wvMjAyNlwvMDNcL0JhdHRlcnktcGxhY2VtZW1udC5wbmciLCJzbGlkZXNob3ciOiIzMmMwZmI1YSJ9\" href=\"https:\/\/rideezo.hu\/wp-content\/uploads\/2026\/03\/Battery-placememnt.png\"><figure class=\"swiper-slide-inner\"><img decoding=\"async\" class=\"swiper-slide-image\" src=\"https:\/\/rideezo.hu\/wp-content\/uploads\/2026\/03\/Battery-placememnt-768x768.png\" alt=\"Battery placememnt\" \/><\/figure><\/a><\/div><div class=\"swiper-slide\" role=\"group\" aria-roledescription=\"slide\" aria-label=\"4 \/ 7\"><a data-elementor-open-lightbox=\"yes\" data-elementor-lightbox-slideshow=\"32c0fb5a\" data-elementor-lightbox-title=\"L16-Robogo-back\" data-e-action-hash=\"#elementor-action%3Aaction%3Dlightbox%26settings%3DeyJpZCI6ODU2LCJ1cmwiOiJodHRwczpcL1wvcmlkZWV6by5odVwvd3AtY29udGVudFwvdXBsb2Fkc1wvMjAyNlwvMDNcL0wxNi1Sb2JvZ28tYmFjay5wbmciLCJzbGlkZXNob3ciOiIzMmMwZmI1YSJ9\" href=\"https:\/\/rideezo.hu\/wp-content\/uploads\/2026\/03\/L16-Robogo-back.png\"><figure class=\"swiper-slide-inner\"><img decoding=\"async\" class=\"swiper-slide-image\" src=\"https:\/\/rideezo.hu\/wp-content\/uploads\/2026\/03\/L16-Robogo-back-768x768.png\" alt=\"L16-Robogo-back\" \/><\/figure><\/a><\/div><div class=\"swiper-slide\" role=\"group\" aria-roledescription=\"slide\" aria-label=\"5 \/ 7\"><a data-elementor-open-lightbox=\"yes\" data-elementor-lightbox-slideshow=\"32c0fb5a\" data-elementor-lightbox-title=\"L16-Robogo-front\" data-e-action-hash=\"#elementor-action%3Aaction%3Dlightbox%26settings%3DeyJpZCI6ODU4LCJ1cmwiOiJodHRwczpcL1wvcmlkZWV6by5odVwvd3AtY29udGVudFwvdXBsb2Fkc1wvMjAyNlwvMDNcL0wxNi1Sb2JvZ28tZnJvbnQucG5nIiwic2xpZGVzaG93IjoiMzJjMGZiNWEifQ%3D%3D\" href=\"https:\/\/rideezo.hu\/wp-content\/uploads\/2026\/03\/L16-Robogo-front.png\"><figure class=\"swiper-slide-inner\"><img decoding=\"async\" class=\"swiper-slide-image\" src=\"https:\/\/rideezo.hu\/wp-content\/uploads\/2026\/03\/L16-Robogo-front-768x768.png\" alt=\"L16-Robogo-front\" \/><\/figure><\/a><\/div><div class=\"swiper-slide\" role=\"group\" aria-roledescription=\"slide\" aria-label=\"6 \/ 7\"><a data-elementor-open-lightbox=\"yes\" data-elementor-lightbox-slideshow=\"32c0fb5a\" data-elementor-lightbox-title=\"L16-Robogo-Gumi\" data-e-action-hash=\"#elementor-action%3Aaction%3Dlightbox%26settings%3DeyJpZCI6ODU5LCJ1cmwiOiJodHRwczpcL1wvcmlkZWV6by5odVwvd3AtY29udGVudFwvdXBsb2Fkc1wvMjAyNlwvMDNcL0wxNi1Sb2JvZ28tR3VtaS5wbmciLCJzbGlkZXNob3ciOiIzMmMwZmI1YSJ9\" href=\"https:\/\/rideezo.hu\/wp-content\/uploads\/2026\/03\/L16-Robogo-Gumi.png\"><figure class=\"swiper-slide-inner\"><img decoding=\"async\" class=\"swiper-slide-image\" src=\"https:\/\/rideezo.hu\/wp-content\/uploads\/2026\/03\/L16-Robogo-Gumi-768x768.png\" alt=\"L16-Robogo-Gumi\" \/><\/figure><\/a><\/div><div class=\"swiper-slide\" role=\"group\" aria-roledescription=\"slide\" aria-label=\"7 \/ 7\"><a data-elementor-open-lightbox=\"yes\" data-elementor-lightbox-slideshow=\"32c0fb5a\" data-elementor-lightbox-title=\"L16-Robogo-Gumi-back\" data-e-action-hash=\"#elementor-action%3Aaction%3Dlightbox%26settings%3DeyJpZCI6ODYwLCJ1cmwiOiJodHRwczpcL1wvcmlkZWV6by5odVwvd3AtY29udGVudFwvdXBsb2Fkc1wvMjAyNlwvMDNcL0wxNi1Sb2JvZ28tR3VtaS1iYWNrLnBuZyIsInNsaWRlc2hvdyI6IjMyYzBmYjVhIn0%3D\" href=\"https:\/\/rideezo.hu\/wp-content\/uploads\/2026\/03\/L16-Robogo-Gumi-back.png\"><figure class=\"swiper-slide-inner\"><img decoding=\"async\" class=\"swiper-slide-image\" src=\"https:\/\/rideezo.hu\/wp-content\/uploads\/2026\/03\/L16-Robogo-Gumi-back-768x768.png\" alt=\"L16-Robogo-Gumi-back\" \/><\/figure><\/a><\/div>\t\t\t<\/div>\n\t\t\t\t\t\t\t\t\t\t\t\t<div class=\"elementor-swiper-button elementor-swiper-button-prev\" role=\"button\" tabindex=\"0\">\n\t\t\t\t\t\t<svg aria-hidden=\"true\" class=\"e-font-icon-svg e-eicon-chevron-left\" viewbox=\"0 0 1000 1000\" xmlns=\"http:\/\/www.w3.org\/2000\/svg\"><path d=\"M646 125C629 125 613 133 604 142L308 442C296 454 292 471 292 487 292 504 296 521 308 533L604 854C617 867 629 875 646 875 663 875 679 871 692 858 704 846 713 829 713 812 713 796 708 779 692 767L438 487 692 225C700 217 708 204 708 187 708 171 704 154 692 142 675 129 663 125 646 125Z\"><\/path><\/svg>\t\t\t\t\t<\/div>\n\t\t\t\t\t<div class=\"elementor-swiper-button elementor-swiper-button-next\" role=\"button\" tabindex=\"0\">\n\t\t\t\t\t\t<svg aria-hidden=\"true\" class=\"e-font-icon-svg e-eicon-chevron-right\" viewbox=\"0 0 1000 1000\" xmlns=\"http:\/\/www.w3.org\/2000\/svg\"><path d=\"M696 533C708 521 713 504 713 487 713 471 708 454 696 446L400 146C388 133 375 125 354 125 338 125 325 129 313 142 300 154 292 171 292 187 292 204 296 221 308 233L563 492 304 771C292 783 288 800 288 817 288 833 296 850 308 863 321 871 338 875 354 875 371 875 388 867 400 854L696 533Z\"><\/path><\/svg>\t\t\t\t\t<\/div>\n\t\t\t\t\n\t\t\t\t\t\t\t\t\t<div class=\"swiper-pagination\"><\/div>\n\t\t\t\t\t\t\t\t\t<\/div>\n\t\t\t\t\t\t<\/div>\n\t\t\t\t<\/div>\n\t\t<div class=\"elementor-element elementor-element-4cd7bcea e-con-full e-flex e-con e-child\" data-id=\"4cd7bcea\" data-element_type=\"container\" data-e-type=\"container\">\n\t\t\t\t<div class=\"elementor-element elementor-element-6d4fe4af elementor-widget__width-initial elementor-widget elementor-widget-heading\" data-id=\"6d4fe4af\" data-element_type=\"widget\" data-e-type=\"widget\" data-widget_type=\"heading.default\">\n\t\t\t\t\t<h1 class=\"elementor-heading-title elementor-size-default\">Lofty 16 \u2013 Gazdas\u00e1gos Elektromos Robog\u00f3 45 km\/h - 90 km Hat\u00f3t\u00e1v<\/h1>\t\t\t\t<\/div>\n\t\t\t\t<div class=\"elementor-element elementor-element-8371394 elementor-widget__width-initial elementor-widget elementor-widget-text-editor\" data-id=\"8371394\" data-element_type=\"widget\" data-e-type=\"widget\" data-widget_type=\"text-editor.default\">\n\t\t\t\t\t\t\t\t\t<p>Az ide\u00e1lis elektromos robog\u00f3 mindennapi k\u00f6zleked\u00e9shez \u00e9s fut\u00e1roknak<\/p>\t\t\t\t\t\t\t\t<\/div>\n\t\t<div class=\"elementor-element elementor-element-599f8046 e-con-full e-flex e-con e-child\" data-id=\"599f8046\" data-element_type=\"container\" data-e-type=\"container\">\n\t\t\t\t<div class=\"elementor-element elementor-element-27dc32c2 elementor-widget elementor-widget-text-editor\" data-id=\"27dc32c2\" data-element_type=\"widget\" data-e-type=\"widget\" data-widget_type=\"text-editor.default\">\n\t\t\t\t\t\t\t\t\t<p><span class=\"price-item price-item--sale price-item--last\">625.000<\/span><span class=\"price-item price-item--sale price-item--last\"> Ft<\/span><\/p>\t\t\t\t\t\t\t\t<\/div>\n\t\t\t\t<div class=\"elementor-element elementor-element-52133e49 elementor-widget elementor-widget-text-editor\" data-id=\"52133e49\" data-element_type=\"widget\" data-e-type=\"widget\" data-widget_type=\"text-editor.default\">\n\t\t\t\t\t\t\t\t\t<p>* Tartalmazza az ad\u00f3kat.<\/p>\t\t\t\t\t\t\t\t<\/div>\n\t\t\t\t<\/div>\n\t\t<div class=\"elementor-element elementor-element-6e5789fa e-con-full e-flex e-con e-child\" data-id=\"6e5789fa\" data-element_type=\"container\" data-e-type=\"container\">\n\t\t\t\t<div class=\"elementor-element elementor-element-19342cf elementor-widget elementor-widget-text-editor\" data-id=\"19342cf\" data-element_type=\"widget\" data-e-type=\"widget\" data-widget_type=\"text-editor.default\">\n\t\t\t\t\t\t\t\t\t<p>Akkumul\u00e1tor:<\/p>\t\t\t\t\t\t\t\t<\/div>\n\t\t\t\t<div class=\"elementor-element elementor-element-28241650 elementor-widget elementor-widget-text-editor\" data-id=\"28241650\" data-element_type=\"widget\" data-e-type=\"widget\" data-widget_type=\"text-editor.default\">\n\t\t\t\t\t\t\t\t\t<p>48V60Ah Li-ion<\/p>\t\t\t\t\t\t\t\t<\/div>\n\t\t\t\t<\/div>\n\t\t<div class=\"elementor-element elementor-element-d83cb00 e-con-full e-flex e-con e-child\" data-id=\"d83cb00\" data-element_type=\"container\" data-e-type=\"container\">\n\t\t\t\t<div class=\"elementor-element elementor-element-32b7c296 elementor-widget elementor-widget-text-editor\" data-id=\"32b7c296\" data-element_type=\"widget\" data-e-type=\"widget\" data-widget_type=\"text-editor.default\">\n\t\t\t\t\t\t\t\t\t<p>Sz\u00edn:<\/p>\t\t\t\t\t\t\t\t<\/div>\n\t\t\t\t<div class=\"elementor-element elementor-element-26d0c1c2 elementor-widget elementor-widget-text-editor\" data-id=\"26d0c1c2\" data-element_type=\"widget\" data-e-type=\"widget\" data-widget_type=\"text-editor.default\">\n\t\t\t\t\t\t\t\t\t<p><span data-selected-value=\"\">\ud83d\udd34 Piros \u26ab Fekete<\/span><\/p>\t\t\t\t\t\t\t\t<\/div>\n\t\t\t\t<\/div>\n\t\t<div class=\"elementor-element elementor-element-3e319e9b e-con-full e-flex e-con e-child\" data-id=\"3e319e9b\" data-element_type=\"container\" data-e-type=\"container\">\n\t\t\t\t<div class=\"elementor-element elementor-element-4cf94ed3 elementor-widget elementor-widget-text-editor\" data-id=\"4cf94ed3\" data-element_type=\"widget\" data-e-type=\"widget\" data-widget_type=\"text-editor.default\">\n\t\t\t\t\t\t\t\t\t<p><a href=\"https:\/\/rideezo.hu\/en\/reszletfizeteses\/\" target=\"_blank\" rel=\"noopener\">V\u00e1s\u00e1rl\u00e1s r\u00e9szletre? Kattints ide a r\u00e9szletek\u00e9rt!<\/a><\/p>\t\t\t\t\t\t\t\t<\/div>\n\t\t\t\t<\/div>\n\t\t\t\t<\/div>\n\t\t\t\t\t<\/div>\n\t\t\t\t<\/div>\n\t\t<div class=\"elementor-element elementor-element-6a967b2e e-flex e-con-boxed e-con e-parent\" data-id=\"6a967b2e\" data-element_type=\"container\" data-e-type=\"container\">\n\t\t\t\t\t<div class=\"e-con-inner\">\n\t\t\t\t<div class=\"elementor-element elementor-element-6c53a2a6 elementor-widget elementor-widget-text-editor\" data-id=\"6c53a2a6\" data-element_type=\"widget\" data-e-type=\"widget\" data-widget_type=\"text-editor.default\">\n\t\t\t\t\t\t\t\t\t<p>A Lofty 16 modern formatervez\u00e9s\u0171 elektromos robog\u00f3, amely ide\u00e1lis napi k\u00f6zleked\u00e9shez \u00e9s fut\u00e1rszolg\u00e1latok sz\u00e1m\u00e1ra Budapesten. 48V 60Ah hordozhat\u00f3 akkumul\u00e1torral ak\u00e1r 90 km hat\u00f3t\u00e1vot is biztos\u00edt egyetlen t\u00f6lt\u00e9ssel. A sz\u00f6gletes els\u0151 f\u00e9nysz\u00f3r\u00f3 futurisztikus megjelen\u00e9st ad, m\u00edg az els\u0151 \u00e9s h\u00e1ts\u00f3 t\u00e1rcsaf\u00e9kek biztons\u00e1gos meg\u00e1ll\u00e1st ny\u00fajtanak. K\u00f6nny\u0171, t\u00e1vir\u00e1ny\u00edt\u00f3val vez\u00e9relhet\u0151 \u00e9s gyorsan \u00fajrat\u00f6lthet\u0151 \u2013 t\u00f6k\u00e9letes v\u00e1rosi v\u00e1laszt\u00e1s.<\/p><p class=\"highlight-license\"><strong>AM vagy B jogos\u00edtv\u00e1ny sz\u00fcks\u00e9ges!<\/strong><\/p>\t\t\t\t\t\t\t\t<\/div>\n\t\t\t\t\t<\/div>\n\t\t\t\t<\/div>\n\t\t<div class=\"elementor-element elementor-element-3a06807f e-flex e-con-boxed e-con e-parent\" data-id=\"3a06807f\" data-element_type=\"container\" data-e-type=\"container\" data-settings=\"{&quot;background_background&quot;:&quot;classic&quot;}\">\n\t\t\t\t\t<div class=\"e-con-inner\">\n\t\t\t\t<div class=\"elementor-element elementor-element-64b9819b elementor-widget elementor-widget-heading\" data-id=\"64b9819b\" data-element_type=\"widget\" data-e-type=\"widget\" data-widget_type=\"heading.default\">\n\t\t\t\t\t<h2 class=\"elementor-heading-title elementor-size-default\">Term\u00e9k specifik\u00e1ci\u00f3k<\/h2>\t\t\t\t<\/div>\n\t\t\t\t<div class=\"elementor-element elementor-element-5333727b elementor-widget__width-initial elementor-widget elementor-widget-tablepress-table\" data-id=\"5333727b\" data-element_type=\"widget\" data-e-type=\"widget\" data-widget_type=\"tablepress-table.default\">\n\t\t\t\t\t\n<table id=\"tablepress-Lofty16-45\" class=\"tablepress tablepress-id-Lofty16-45\">\n<tbody class=\"row-striping row-hover\">\n<tr class=\"row-1\">\n\t<td class=\"column-1\">Range<\/td><td class=\"column-2\">Ak\u00e1r 90 km<\/td>\n<\/tr>\n<tr class=\"row-2\">\n\t<td class=\"column-1\">Akkumul\u00e1tor<\/td><td class=\"column-2\">48V 60Ah hordozhat\u00f3 \u2013 b\u00e1rhol t\u00f6lthet\u0151<\/td>\n<\/tr>\n<tr class=\"row-3\">\n\t<td class=\"column-1\">Els\u0151 l\u00e1mpa<\/td><td class=\"column-2\">Modern sz\u00f6gletes kialak\u00edt\u00e1s<\/td>\n<\/tr>\n<tr class=\"row-4\">\n\t<td class=\"column-1\">F\u00e9kek<\/td><td class=\"column-2\">Els\u0151 \u00e9s h\u00e1ts\u00f3 t\u00e1rcsaf\u00e9kek<\/td>\n<\/tr>\n<tr class=\"row-5\">\n\t<td class=\"column-1\">Kialak\u00edt\u00e1s<\/td><td class=\"column-2\">K\u00f6nny\u0171, egyszer\u0171 ir\u00e1ny\u00edt\u00e1s<\/td>\n<\/tr>\n<tr class=\"row-6\">\n\t<td class=\"column-1\">V\u00e9gsebess\u00e9g<\/td><td class=\"column-2\">45 km\/h<\/td>\n<\/tr>\n<tr class=\"row-7\">\n\t<td class=\"column-1\">T\u00e1vir\u00e1ny\u00edt\u00e1s<\/td><td class=\"column-2\">Igen \u2013 t\u00e1vir\u00e1ny\u00edt\u00f3s m\u0171k\u00f6dtet\u00e9s<\/td>\n<\/tr>\n<tr class=\"row-8\">\n\t<td class=\"column-1\">Felhaszn\u00e1l\u00e1s<\/td><td class=\"column-2\">Fut\u00e1rok \u00e9s napi ing\u00e1z\u00f3k sz\u00e1m\u00e1ra<\/td>\n<\/tr>\n<tr class=\"row-9\">\n\t<td class=\"column-1\">Lehet\u0151s\u00e9gek<\/td><td class=\"column-2\">V\u00e1s\u00e1rl\u00e1s, r\u00e9szletfizet\u00e9s \u00e9s b\u00e9rl\u00e9s<\/td>\n<\/tr>\n<tr class=\"row-10\">\n\t<td class=\"column-1\">Jogos\u00edtv\u00e1ny<\/td><td class=\"column-2\">AM\/B<\/td>\n<\/tr>\n<\/tbody>\n<\/table>\n<!-- #tablepress-Lofty16-45 from cache -->\t\t\t\t<\/div>\n\t\t\t\t\t<\/div>\n\t\t\t\t<\/div>\n\t\t<div class=\"elementor-element elementor-element-4c3b076c e-flex e-con-boxed e-con e-parent\" data-id=\"4c3b076c\" data-element_type=\"container\" data-e-type=\"container\">\n\t\t\t\t\t<div class=\"e-con-inner\">\n\t\t\t\t<div class=\"elementor-element elementor-element-11efc0fc elementor-widget elementor-widget-heading\" data-id=\"11efc0fc\" data-element_type=\"widget\" data-e-type=\"widget\" data-widget_type=\"heading.default\">\n\t\t\t\t\t<h2 class=\"elementor-heading-title elementor-size-default\">\u00c9rdekel?<\/h2>\t\t\t\t<\/div>\n\t\t\t\t<div class=\"elementor-element elementor-element-2871c6b8 elementor-widget elementor-widget-button\" data-id=\"2871c6b8\" data-element_type=\"widget\" data-e-type=\"widget\" data-widget_type=\"button.default\">\n\t\t\t\t\t\t\t\t\t\t<a class=\"elementor-button elementor-button-link elementor-size-sm\" href=\"https:\/\/rideezo.hu\/en\/kapcsolat\/\">\n\t\t\t\t\t\t<span class=\"elementor-button-content-wrapper\">\n\t\t\t\t\t\t\t\t\t<span class=\"elementor-button-text\">Book an appointment<\/span>\n\t\t\t\t\t<\/span>\n\t\t\t\t\t<\/a>\n\t\t\t\t\t\t\t\t<\/div>\n\t\t\t\t\t<\/div>\n\t\t\t\t<\/div>\n\t\t\t\t<\/div>","protected":false},"excerpt":{"rendered":"<p>Lofty 16 \u2013 Gazdas\u00e1gos Elektromos Robog\u00f3 45 km\/h &#8211; 90 km Hat\u00f3t\u00e1v Az ide\u00e1lis elektromos robog\u00f3 mindennapi k\u00f6zleked\u00e9shez \u00e9s fut\u00e1roknak [&hellip;]<\/p>\n","protected":false},"author":1,"featured_media":0,"parent":0,"menu_order":0,"comment_status":"closed","ping_status":"closed","template":"elementor_header_footer","meta":{"site-sidebar-layout":"no-sidebar","site-content-layout":"","ast-site-content-layout":"full-width-container","site-content-style":"default","site-sidebar-style":"default","ast-global-header-display":"","ast-banner-title-visibility":"","ast-main-header-display":"","ast-hfb-above-header-display":"","ast-hfb-below-header-display":"","ast-hfb-mobile-header-display":"","site-post-title":"disabled","ast-breadcrumbs-content":"","ast-featured-img":"disabled","footer-sml-layout":"","ast-disable-related-posts":"","theme-transparent-header-meta":"","adv-header-id-meta":"","stick-header-meta":"","header-above-stick-meta":"","header-main-stick-meta":"","header-below-stick-meta":"","astra-migrate-meta-layouts":"default","ast-page-background-enabled":"default","ast-page-background-meta":{"desktop":{"background-color":"var(--ast-global-color-5)","background-image":"","background-repeat":"repeat","background-position":"center center","background-size":"auto","background-attachment":"scroll","background-type":"","background-media":"","overlay-type":"","overlay-color":"","overlay-opacity":"","overlay-gradient":""},"tablet":{"background-color":"","background-image":"","background-repeat":"repeat","background-position":"center center","background-size":"auto","background-attachment":"scroll","background-type":"","background-media":"","overlay-type":"","overlay-color":"","overlay-opacity":"","overlay-gradient":""},"mobile":{"background-color":"","background-image":"","background-repeat":"repeat","background-position":"center center","background-size":"auto","background-attachment":"scroll","background-type":"","background-media":"","overlay-type":"","overlay-color":"","overlay-opacity":"","overlay-gradient":""}},"ast-content-background-meta":{"desktop":{"background-color":"var(--ast-global-color-4)","background-image":"","background-repeat":"repeat","background-position":"center center","background-size":"auto","background-attachment":"scroll","background-type":"","background-media":"","overlay-type":"","overlay-color":"","overlay-opacity":"","overlay-gradient":""},"tablet":{"background-color":"var(--ast-global-color-4)","background-image":"","background-repeat":"repeat","background-position":"center center","background-size":"auto","background-attachment":"scroll","background-type":"","background-media":"","overlay-type":"","overlay-color":"","overlay-opacity":"","overlay-gradient":""},"mobile":{"background-color":"var(--ast-global-color-4)","background-image":"","background-repeat":"repeat","background-position":"center center","background-size":"auto","background-attachment":"scroll","background-type":"","background-media":"","overlay-type":"","overlay-color":"","overlay-opacity":"","overlay-gradient":""}},"footnotes":""},"class_list":["post-630","page","type-page","status-publish","hentry"],"_hostinger_reach_plugin_has_subscription_block":false,"_hostinger_reach_plugin_is_elementor":false,"_links":{"self":[{"href":"https:\/\/rideezo.hu\/en\/wp-json\/wp\/v2\/pages\/630","targetHints":{"allow":["GET"]}}],"collection":[{"href":"https:\/\/rideezo.hu\/en\/wp-json\/wp\/v2\/pages"}],"about":[{"href":"https:\/\/rideezo.hu\/en\/wp-json\/wp\/v2\/types\/page"}],"author":[{"embeddable":true,"href":"https:\/\/rideezo.hu\/en\/wp-json\/wp\/v2\/users\/1"}],"replies":[{"embeddable":true,"href":"https:\/\/rideezo.hu\/en\/wp-json\/wp\/v2\/comments?post=630"}],"version-history":[{"count":10,"href":"https:\/\/rideezo.hu\/en\/wp-json\/wp\/v2\/pages\/630\/revisions"}],"predecessor-version":[{"id":1041,"href":"https:\/\/rideezo.hu\/en\/wp-json\/wp\/v2\/pages\/630\/revisions\/1041"}],"wp:attachment":[{"href":"https:\/\/rideezo.hu\/en\/wp-json\/wp\/v2\/media?parent=630"}],"curies":[{"name":"wp","href":"https:\/\/api.w.org\/{rel}","templated":true}]}}