{"id":621,"date":"2026-03-25T00:24:54","date_gmt":"2026-03-24T23:24:54","guid":{"rendered":"https:\/\/rideezo.hu\/?page_id=621"},"modified":"2026-03-27T02:09:52","modified_gmt":"2026-03-27T01:09:52","slug":"lofty-16-25km-h","status":"publish","type":"page","link":"https:\/\/rideezo.hu\/en\/lofty-16-25km-h\/","title":{"rendered":"Lofty 16 &#8211; 25km\/h"},"content":{"rendered":"<div data-elementor-type=\"wp-page\" data-elementor-id=\"621\" class=\"elementor elementor-621\">\n\t\t\t\t<div class=\"elementor-element elementor-element-6c54613c e-flex e-con-boxed e-con e-parent\" data-id=\"6c54613c\" data-element_type=\"container\" data-e-type=\"container\">\n\t\t\t\t\t<div class=\"e-con-inner\">\n\t\t<div class=\"elementor-element elementor-element-74fde491 e-con-full e-flex e-con e-child\" data-id=\"74fde491\" data-element_type=\"container\" data-e-type=\"container\">\n\t\t\t\t<div class=\"elementor-element elementor-element-275ad57a elementor-arrows-position-inside elementor-pagination-position-outside elementor-widget elementor-widget-image-carousel\" data-id=\"275ad57a\" data-element_type=\"widget\" data-e-type=\"widget\" data-settings=\"{&quot;slides_to_show&quot;:&quot;1&quot;,&quot;effect&quot;:&quot;fade&quot;,&quot;navigation&quot;:&quot;both&quot;,&quot;autoplay&quot;:&quot;yes&quot;,&quot;pause_on_hover&quot;:&quot;yes&quot;,&quot;pause_on_interaction&quot;:&quot;yes&quot;,&quot;autoplay_speed&quot;:5000,&quot;infinite&quot;:&quot;yes&quot;,&quot;speed&quot;:500}\" data-widget_type=\"image-carousel.default\">\n\t\t\t\t\t\t\t<div class=\"elementor-image-carousel-wrapper swiper\" role=\"region\" aria-roledescription=\"carousel\" aria-label=\"Image Carousel\" dir=\"ltr\">\n\t\t\t<div class=\"elementor-image-carousel swiper-wrapper swiper-image-stretch\" aria-live=\"off\">\n\t\t\t\t\t\t\t\t<div class=\"swiper-slide\" role=\"group\" aria-roledescription=\"slide\" aria-label=\"1 \/ 8\"><a data-elementor-open-lightbox=\"yes\" data-elementor-lightbox-slideshow=\"275ad57a\" data-elementor-lightbox-title=\"Lofty 16-Red-Side-25kmh\" data-e-action-hash=\"#elementor-action%3Aaction%3Dlightbox%26settings%3DeyJpZCI6NjY5LCJ1cmwiOiJodHRwczpcL1wvcmlkZWV6by5odVwvd3AtY29udGVudFwvdXBsb2Fkc1wvMjAyNlwvMDNcL0xvZnR5LTE2LVJlZC1TaWRlLTI1a21oLTEucG5nIiwic2xpZGVzaG93IjoiMjc1YWQ1N2EifQ%3D%3D\" href=\"https:\/\/rideezo.hu\/wp-content\/uploads\/2026\/03\/Lofty-16-Red-Side-25kmh-1.png\"><figure class=\"swiper-slide-inner\"><img decoding=\"async\" class=\"swiper-slide-image\" src=\"https:\/\/rideezo.hu\/wp-content\/uploads\/2026\/03\/Lofty-16-Red-Side-25kmh-1-768x768.png\" alt=\"Lofty 16-Red-Side-25kmh\" \/><\/figure><\/a><\/div><div class=\"swiper-slide\" role=\"group\" aria-roledescription=\"slide\" aria-label=\"2 \/ 8\"><a data-elementor-open-lightbox=\"yes\" data-elementor-lightbox-slideshow=\"275ad57a\" data-elementor-lightbox-title=\"Lofty 16-Black-side-25kmh\" data-e-action-hash=\"#elementor-action%3Aaction%3Dlightbox%26settings%3DeyJpZCI6NjYyLCJ1cmwiOiJodHRwczpcL1wvcmlkZWV6by5odVwvd3AtY29udGVudFwvdXBsb2Fkc1wvMjAyNlwvMDNcL0xvZnR5LTE2LUJsYWNrLXNpZGUtMjVrbWgucG5nIiwic2xpZGVzaG93IjoiMjc1YWQ1N2EifQ%3D%3D\" href=\"https:\/\/rideezo.hu\/wp-content\/uploads\/2026\/03\/Lofty-16-Black-side-25kmh.png\"><figure class=\"swiper-slide-inner\"><img decoding=\"async\" class=\"swiper-slide-image\" src=\"https:\/\/rideezo.hu\/wp-content\/uploads\/2026\/03\/Lofty-16-Black-side-25kmh-768x768.png\" alt=\"Lofty 16-Black-side-25kmh\" \/><\/figure><\/a><\/div><div class=\"swiper-slide\" role=\"group\" aria-roledescription=\"slide\" aria-label=\"3 \/ 8\"><a data-elementor-open-lightbox=\"yes\" data-elementor-lightbox-slideshow=\"275ad57a\" data-elementor-lightbox-title=\"Lofty 16-Red-Budapest-25kmh\" data-e-action-hash=\"#elementor-action%3Aaction%3Dlightbox%26settings%3DeyJpZCI6NjY1LCJ1cmwiOiJodHRwczpcL1wvcmlkZWV6by5odVwvd3AtY29udGVudFwvdXBsb2Fkc1wvMjAyNlwvMDNcL0xvZnR5LTE2LVJlZC1CdWRhcGVzdC0yNWttaC5wbmciLCJzbGlkZXNob3ciOiIyNzVhZDU3YSJ9\" href=\"https:\/\/rideezo.hu\/wp-content\/uploads\/2026\/03\/Lofty-16-Red-Budapest-25kmh.png\"><figure class=\"swiper-slide-inner\"><img decoding=\"async\" class=\"swiper-slide-image\" src=\"https:\/\/rideezo.hu\/wp-content\/uploads\/2026\/03\/Lofty-16-Red-Budapest-25kmh-768x768.png\" alt=\"Lofty 16-Red-Budapest-25kmh\" \/><\/figure><\/a><\/div><div class=\"swiper-slide\" role=\"group\" aria-roledescription=\"slide\" aria-label=\"4 \/ 8\"><a data-elementor-open-lightbox=\"yes\" data-elementor-lightbox-slideshow=\"275ad57a\" data-elementor-lightbox-title=\"Lofty 16-Red-Front-tire-25kmh\" data-e-action-hash=\"#elementor-action%3Aaction%3Dlightbox%26settings%3DeyJpZCI6NjY3LCJ1cmwiOiJodHRwczpcL1wvcmlkZWV6by5odVwvd3AtY29udGVudFwvdXBsb2Fkc1wvMjAyNlwvMDNcL0xvZnR5LTE2LVJlZC1Gcm9udC10aXJlLTI1a21oLnBuZyIsInNsaWRlc2hvdyI6IjI3NWFkNTdhIn0%3D\" href=\"https:\/\/rideezo.hu\/wp-content\/uploads\/2026\/03\/Lofty-16-Red-Front-tire-25kmh.png\"><figure class=\"swiper-slide-inner\"><img decoding=\"async\" class=\"swiper-slide-image\" src=\"https:\/\/rideezo.hu\/wp-content\/uploads\/2026\/03\/Lofty-16-Red-Front-tire-25kmh-768x768.png\" alt=\"Lofty 16-Red-Front-tire-25kmh\" \/><\/figure><\/a><\/div><div class=\"swiper-slide\" role=\"group\" aria-roledescription=\"slide\" aria-label=\"5 \/ 8\"><a data-elementor-open-lightbox=\"yes\" data-elementor-lightbox-slideshow=\"275ad57a\" data-elementor-lightbox-title=\"Lofty 16-Red-Front-25kmh\" data-e-action-hash=\"#elementor-action%3Aaction%3Dlightbox%26settings%3DeyJpZCI6NjY2LCJ1cmwiOiJodHRwczpcL1wvcmlkZWV6by5odVwvd3AtY29udGVudFwvdXBsb2Fkc1wvMjAyNlwvMDNcL0xvZnR5LTE2LVJlZC1Gcm9udC0yNWttaC5wbmciLCJzbGlkZXNob3ciOiIyNzVhZDU3YSJ9\" href=\"https:\/\/rideezo.hu\/wp-content\/uploads\/2026\/03\/Lofty-16-Red-Front-25kmh.png\"><figure class=\"swiper-slide-inner\"><img decoding=\"async\" class=\"swiper-slide-image\" src=\"https:\/\/rideezo.hu\/wp-content\/uploads\/2026\/03\/Lofty-16-Red-Front-25kmh-768x768.png\" alt=\"Lofty 16-Red-Front-25kmh\" \/><\/figure><\/a><\/div><div class=\"swiper-slide\" role=\"group\" aria-roledescription=\"slide\" aria-label=\"6 \/ 8\"><a data-elementor-open-lightbox=\"yes\" data-elementor-lightbox-slideshow=\"275ad57a\" data-elementor-lightbox-title=\"Lofty 16-Red-Battery_placememnt-25kmh\" data-e-action-hash=\"#elementor-action%3Aaction%3Dlightbox%26settings%3DeyJpZCI6NjY0LCJ1cmwiOiJodHRwczpcL1wvcmlkZWV6by5odVwvd3AtY29udGVudFwvdXBsb2Fkc1wvMjAyNlwvMDNcL0xvZnR5LTE2LVJlZC1CYXR0ZXJ5X3BsYWNlbWVtbnQtMjVrbWgucG5nIiwic2xpZGVzaG93IjoiMjc1YWQ1N2EifQ%3D%3D\" href=\"https:\/\/rideezo.hu\/wp-content\/uploads\/2026\/03\/Lofty-16-Red-Battery_placememnt-25kmh.png\"><figure class=\"swiper-slide-inner\"><img decoding=\"async\" class=\"swiper-slide-image\" src=\"https:\/\/rideezo.hu\/wp-content\/uploads\/2026\/03\/Lofty-16-Red-Battery_placememnt-25kmh-768x768.png\" alt=\"Lofty 16-Red-Battery_placememnt-25kmh\" \/><\/figure><\/a><\/div><div class=\"swiper-slide\" role=\"group\" aria-roledescription=\"slide\" aria-label=\"7 \/ 8\"><a data-elementor-open-lightbox=\"yes\" data-elementor-lightbox-slideshow=\"275ad57a\" data-elementor-lightbox-title=\"Lofty 16-Red-rear tire-25kmh\" data-e-action-hash=\"#elementor-action%3Aaction%3Dlightbox%26settings%3DeyJpZCI6NjY4LCJ1cmwiOiJodHRwczpcL1wvcmlkZWV6by5odVwvd3AtY29udGVudFwvdXBsb2Fkc1wvMjAyNlwvMDNcL0xvZnR5LTE2LVJlZC1yZWFyLXRpcmUtMjVrbWgucG5nIiwic2xpZGVzaG93IjoiMjc1YWQ1N2EifQ%3D%3D\" href=\"https:\/\/rideezo.hu\/wp-content\/uploads\/2026\/03\/Lofty-16-Red-rear-tire-25kmh.png\"><figure class=\"swiper-slide-inner\"><img decoding=\"async\" class=\"swiper-slide-image\" src=\"https:\/\/rideezo.hu\/wp-content\/uploads\/2026\/03\/Lofty-16-Red-rear-tire-25kmh-768x768.png\" alt=\"Lofty 16-Red-rear tire-25kmh\" \/><\/figure><\/a><\/div><div class=\"swiper-slide\" role=\"group\" aria-roledescription=\"slide\" aria-label=\"8 \/ 8\"><a data-elementor-open-lightbox=\"yes\" data-elementor-lightbox-slideshow=\"275ad57a\" data-elementor-lightbox-title=\"Lofty 16-Red-back-25kmh\" data-e-action-hash=\"#elementor-action%3Aaction%3Dlightbox%26settings%3DeyJpZCI6NjYzLCJ1cmwiOiJodHRwczpcL1wvcmlkZWV6by5odVwvd3AtY29udGVudFwvdXBsb2Fkc1wvMjAyNlwvMDNcL0xvZnR5LTE2LVJlZC1iYWNrLTI1a21oLnBuZyIsInNsaWRlc2hvdyI6IjI3NWFkNTdhIn0%3D\" href=\"https:\/\/rideezo.hu\/wp-content\/uploads\/2026\/03\/Lofty-16-Red-back-25kmh.png\"><figure class=\"swiper-slide-inner\"><img decoding=\"async\" class=\"swiper-slide-image\" src=\"https:\/\/rideezo.hu\/wp-content\/uploads\/2026\/03\/Lofty-16-Red-back-25kmh-768x768.png\" alt=\"Lofty 16-Red-back-25kmh\" \/><\/figure><\/a><\/div>\t\t\t<\/div>\n\t\t\t\t\t\t\t\t\t\t\t\t<div class=\"elementor-swiper-button elementor-swiper-button-prev\" role=\"button\" tabindex=\"0\">\n\t\t\t\t\t\t<svg aria-hidden=\"true\" class=\"e-font-icon-svg e-eicon-chevron-left\" viewbox=\"0 0 1000 1000\" xmlns=\"http:\/\/www.w3.org\/2000\/svg\"><path d=\"M646 125C629 125 613 133 604 142L308 442C296 454 292 471 292 487 292 504 296 521 308 533L604 854C617 867 629 875 646 875 663 875 679 871 692 858 704 846 713 829 713 812 713 796 708 779 692 767L438 487 692 225C700 217 708 204 708 187 708 171 704 154 692 142 675 129 663 125 646 125Z\"><\/path><\/svg>\t\t\t\t\t<\/div>\n\t\t\t\t\t<div class=\"elementor-swiper-button elementor-swiper-button-next\" role=\"button\" tabindex=\"0\">\n\t\t\t\t\t\t<svg aria-hidden=\"true\" class=\"e-font-icon-svg e-eicon-chevron-right\" viewbox=\"0 0 1000 1000\" xmlns=\"http:\/\/www.w3.org\/2000\/svg\"><path d=\"M696 533C708 521 713 504 713 487 713 471 708 454 696 446L400 146C388 133 375 125 354 125 338 125 325 129 313 142 300 154 292 171 292 187 292 204 296 221 308 233L563 492 304 771C292 783 288 800 288 817 288 833 296 850 308 863 321 871 338 875 354 875 371 875 388 867 400 854L696 533Z\"><\/path><\/svg>\t\t\t\t\t<\/div>\n\t\t\t\t\n\t\t\t\t\t\t\t\t\t<div class=\"swiper-pagination\"><\/div>\n\t\t\t\t\t\t\t\t\t<\/div>\n\t\t\t\t\t\t<\/div>\n\t\t\t\t<\/div>\n\t\t<div class=\"elementor-element elementor-element-7c9135fe e-con-full e-flex e-con e-child\" data-id=\"7c9135fe\" data-element_type=\"container\" data-e-type=\"container\">\n\t\t\t\t<div class=\"elementor-element elementor-element-2b80625b elementor-widget__width-initial elementor-widget elementor-widget-heading\" data-id=\"2b80625b\" data-element_type=\"widget\" data-e-type=\"widget\" data-widget_type=\"heading.default\">\n\t\t\t\t\t<h1 class=\"elementor-heading-title elementor-size-default\">Lofty 16 \u2013 Economical Electric Scooter 25 km\/h \u2013 No License Required<\/h1>\t\t\t\t<\/div>\n\t\t\t\t<div class=\"elementor-element elementor-element-4dd37f0a elementor-widget__width-initial elementor-widget elementor-widget-text-editor\" data-id=\"4dd37f0a\" data-element_type=\"widget\" data-e-type=\"widget\" data-widget_type=\"text-editor.default\">\n\t\t\t\t\t\t\t\t\t<p>Az ide\u00e1lis elektromos robog\u00f3 mindennapi k\u00f6zleked\u00e9shez \u00e9s fut\u00e1roknak<\/p>\t\t\t\t\t\t\t\t<\/div>\n\t\t<div class=\"elementor-element elementor-element-8121846 e-con-full e-flex e-con e-child\" data-id=\"8121846\" data-element_type=\"container\" data-e-type=\"container\">\n\t\t\t\t<div class=\"elementor-element elementor-element-3461895 elementor-widget elementor-widget-text-editor\" data-id=\"3461895\" data-element_type=\"widget\" data-e-type=\"widget\" data-widget_type=\"text-editor.default\">\n\t\t\t\t\t\t\t\t\t<p><span class=\"price-item price-item--sale price-item--last\">625.000<\/span><span class=\"price-item price-item--sale price-item--last\"> Ft<\/span><\/p>\t\t\t\t\t\t\t\t<\/div>\n\t\t\t\t<div class=\"elementor-element elementor-element-6ae5ac9 elementor-widget elementor-widget-text-editor\" data-id=\"6ae5ac9\" data-element_type=\"widget\" data-e-type=\"widget\" data-widget_type=\"text-editor.default\">\n\t\t\t\t\t\t\t\t\t<p>* Tartalmazza az ad\u00f3kat.<\/p>\t\t\t\t\t\t\t\t<\/div>\n\t\t\t\t<\/div>\n\t\t<div class=\"elementor-element elementor-element-ea00228 e-con-full e-flex e-con e-child\" data-id=\"ea00228\" data-element_type=\"container\" data-e-type=\"container\">\n\t\t\t\t<div class=\"elementor-element elementor-element-dfa35cb elementor-widget elementor-widget-text-editor\" data-id=\"dfa35cb\" data-element_type=\"widget\" data-e-type=\"widget\" data-widget_type=\"text-editor.default\">\n\t\t\t\t\t\t\t\t\t<p>Akkumul\u00e1tor:<\/p>\t\t\t\t\t\t\t\t<\/div>\n\t\t\t\t<div class=\"elementor-element elementor-element-e2d31da elementor-widget elementor-widget-text-editor\" data-id=\"e2d31da\" data-element_type=\"widget\" data-e-type=\"widget\" data-widget_type=\"text-editor.default\">\n\t\t\t\t\t\t\t\t\t<p>48V60Ah Li-ion<\/p>\t\t\t\t\t\t\t\t<\/div>\n\t\t\t\t<\/div>\n\t\t<div class=\"elementor-element elementor-element-644f301 e-con-full e-flex e-con e-child\" data-id=\"644f301\" data-element_type=\"container\" data-e-type=\"container\">\n\t\t\t\t<div class=\"elementor-element elementor-element-db6eeaf elementor-widget elementor-widget-text-editor\" data-id=\"db6eeaf\" data-element_type=\"widget\" data-e-type=\"widget\" data-widget_type=\"text-editor.default\">\n\t\t\t\t\t\t\t\t\t<p>Sz\u00edn:<\/p>\t\t\t\t\t\t\t\t<\/div>\n\t\t\t\t<div class=\"elementor-element elementor-element-2f1a346 elementor-widget elementor-widget-text-editor\" data-id=\"2f1a346\" data-element_type=\"widget\" data-e-type=\"widget\" data-widget_type=\"text-editor.default\">\n\t\t\t\t\t\t\t\t\t<p>\ud83d\udd34 Piros <img decoding=\"async\" class=\"emoji\" role=\"img\" draggable=\"false\" src=\"https:\/\/s.w.org\/images\/core\/emoji\/17.0.2\/svg\/26ab.svg\" alt=\"\u26ab\" \/> Fekete<\/p>\t\t\t\t\t\t\t\t<\/div>\n\t\t\t\t<\/div>\n\t\t<div class=\"elementor-element elementor-element-3904b6d e-con-full e-flex e-con e-child\" data-id=\"3904b6d\" data-element_type=\"container\" data-e-type=\"container\">\n\t\t\t\t<div class=\"elementor-element elementor-element-98ca635 elementor-widget elementor-widget-text-editor\" data-id=\"98ca635\" data-element_type=\"widget\" data-e-type=\"widget\" data-widget_type=\"text-editor.default\">\n\t\t\t\t\t\t\t\t\t<p><a href=\"https:\/\/rideezo.hu\/en\/reszletfizeteses\/\" target=\"_blank\" rel=\"noopener\">V\u00e1s\u00e1rl\u00e1s r\u00e9szletre? Kattints ide a r\u00e9szletek\u00e9rt!<\/a><\/p>\t\t\t\t\t\t\t\t<\/div>\n\t\t\t\t<\/div>\n\t\t\t\t<\/div>\n\t\t\t\t\t<\/div>\n\t\t\t\t<\/div>\n\t\t<div class=\"elementor-element elementor-element-1794ca2 e-flex e-con-boxed e-con e-parent\" data-id=\"1794ca2\" data-element_type=\"container\" data-e-type=\"container\">\n\t\t\t\t\t<div class=\"e-con-inner\">\n\t\t\t\t<div class=\"elementor-element elementor-element-103a5664 elementor-widget elementor-widget-text-editor\" data-id=\"103a5664\" data-element_type=\"widget\" data-e-type=\"widget\" data-widget_type=\"text-editor.default\">\n\t\t\t\t\t\t\t\t\t<p>A Lofty 16 modern formatervez\u00e9s\u0171 elektromos robog\u00f3, amely ide\u00e1lis napi k\u00f6zleked\u00e9shez \u00e9s fut\u00e1rszolg\u00e1latok sz\u00e1m\u00e1ra Budapesten. 48V 60Ah hordozhat\u00f3 akkumul\u00e1torral ak\u00e1r 110 km hat\u00f3t\u00e1vot is biztos\u00edt egyetlen t\u00f6lt\u00e9ssel. A sz\u00f6gletes els\u0151 f\u00e9nysz\u00f3r\u00f3 futurisztikus megjelen\u00e9st ad, m\u00edg az els\u0151 \u00e9s h\u00e1ts\u00f3 t\u00e1rcsaf\u00e9kek biztons\u00e1gos meg\u00e1ll\u00e1st ny\u00fajtanak. K\u00f6nny\u0171, t\u00e1vir\u00e1ny\u00edt\u00f3val vez\u00e9relhet\u0151 \u00e9s gyorsan \u00fajrat\u00f6lthet\u0151 \u2013 t\u00f6k\u00e9letes v\u00e1rosi v\u00e1laszt\u00e1s.<\/p><p class=\"highlight-license\"><strong>Jogos\u00edtv\u00e1ny n\u00e9lk\u00fcl vezethet\u0151!<\/strong><\/p>\t\t\t\t\t\t\t\t<\/div>\n\t\t\t\t\t<\/div>\n\t\t\t\t<\/div>\n\t\t<div class=\"elementor-element elementor-element-18d5740a e-flex e-con-boxed e-con e-parent\" data-id=\"18d5740a\" data-element_type=\"container\" data-e-type=\"container\" data-settings=\"{&quot;background_background&quot;:&quot;classic&quot;}\">\n\t\t\t\t\t<div class=\"e-con-inner\">\n\t\t\t\t<div class=\"elementor-element elementor-element-6587d59a elementor-widget elementor-widget-heading\" data-id=\"6587d59a\" data-element_type=\"widget\" data-e-type=\"widget\" data-widget_type=\"heading.default\">\n\t\t\t\t\t<h2 class=\"elementor-heading-title elementor-size-default\">Term\u00e9k specifik\u00e1ci\u00f3k<\/h2>\t\t\t\t<\/div>\n\t\t\t\t<div class=\"elementor-element elementor-element-63f6933f elementor-widget__width-initial elementor-widget elementor-widget-tablepress-table\" data-id=\"63f6933f\" data-element_type=\"widget\" data-e-type=\"widget\" data-widget_type=\"tablepress-table.default\">\n\t\t\t\t\t\n<table id=\"tablepress-Lofty16-25\" class=\"tablepress tablepress-id-Lofty16-25\">\n<tbody class=\"row-striping row-hover\">\n<tr class=\"row-1\">\n\t<td class=\"column-1\">Range<\/td><td class=\"column-2\">Ak\u00e1r 110 km<\/td>\n<\/tr>\n<tr class=\"row-2\">\n\t<td class=\"column-1\">Akkumul\u00e1tor<\/td><td class=\"column-2\">48V 60Ah hordozhat\u00f3 \u2013 b\u00e1rhol t\u00f6lthet\u0151<\/td>\n<\/tr>\n<tr class=\"row-3\">\n\t<td class=\"column-1\">Els\u0151 l\u00e1mpa<\/td><td class=\"column-2\">Modern sz\u00f6gletes kialak\u00edt\u00e1s<\/td>\n<\/tr>\n<tr class=\"row-4\">\n\t<td class=\"column-1\">F\u00e9kek<\/td><td class=\"column-2\">Els\u0151 \u00e9s h\u00e1ts\u00f3 t\u00e1rcsaf\u00e9kek<\/td>\n<\/tr>\n<tr class=\"row-5\">\n\t<td class=\"column-1\">Kialak\u00edt\u00e1s<\/td><td class=\"column-2\">K\u00f6nny\u0171, egyszer\u0171 ir\u00e1ny\u00edt\u00e1s<\/td>\n<\/tr>\n<tr class=\"row-6\">\n\t<td class=\"column-1\">V\u00e9gsebess\u00e9g<\/td><td class=\"column-2\">25 km\/h<\/td>\n<\/tr>\n<tr class=\"row-7\">\n\t<td class=\"column-1\">T\u00e1vir\u00e1ny\u00edt\u00e1s<\/td><td class=\"column-2\">Igen \u2013 t\u00e1vir\u00e1ny\u00edt\u00f3s m\u0171k\u00f6dtet\u00e9s<\/td>\n<\/tr>\n<tr class=\"row-8\">\n\t<td class=\"column-1\">Felhaszn\u00e1l\u00e1s<\/td><td class=\"column-2\">Fut\u00e1rok \u00e9s napi ing\u00e1z\u00f3k sz\u00e1m\u00e1ra<\/td>\n<\/tr>\n<tr class=\"row-9\">\n\t<td class=\"column-1\">Lehet\u0151s\u00e9gek<\/td><td class=\"column-2\">V\u00e1s\u00e1rl\u00e1s, r\u00e9szletfizet\u00e9s \u00e9s b\u00e9rl\u00e9s<\/td>\n<\/tr>\n<tr class=\"row-10\">\n\t<td class=\"column-1\">Jogos\u00edtv\u00e1ny<\/td><td class=\"column-2\">Nem sz\u00fcks\u00e9ges<\/td>\n<\/tr>\n<\/tbody>\n<\/table>\n<!-- #tablepress-Lofty16-25 from cache -->\t\t\t\t<\/div>\n\t\t\t\t\t<\/div>\n\t\t\t\t<\/div>\n\t\t<div class=\"elementor-element elementor-element-4a18b4ae e-flex e-con-boxed e-con e-parent\" data-id=\"4a18b4ae\" data-element_type=\"container\" data-e-type=\"container\">\n\t\t\t\t\t<div class=\"e-con-inner\">\n\t\t\t\t<div class=\"elementor-element elementor-element-4204d437 elementor-widget elementor-widget-heading\" data-id=\"4204d437\" data-element_type=\"widget\" data-e-type=\"widget\" data-widget_type=\"heading.default\">\n\t\t\t\t\t<h2 class=\"elementor-heading-title elementor-size-default\">\u00c9rdekel?<\/h2>\t\t\t\t<\/div>\n\t\t\t\t<div class=\"elementor-element elementor-element-716b825c elementor-widget elementor-widget-button\" data-id=\"716b825c\" data-element_type=\"widget\" data-e-type=\"widget\" data-widget_type=\"button.default\">\n\t\t\t\t\t\t\t\t\t\t<a class=\"elementor-button elementor-button-link elementor-size-sm\" href=\"https:\/\/rideezo.hu\/en\/kapcsolat\/\">\n\t\t\t\t\t\t<span class=\"elementor-button-content-wrapper\">\n\t\t\t\t\t\t\t\t\t<span class=\"elementor-button-text\">Book an appointment<\/span>\n\t\t\t\t\t<\/span>\n\t\t\t\t\t<\/a>\n\t\t\t\t\t\t\t\t<\/div>\n\t\t\t\t\t<\/div>\n\t\t\t\t<\/div>\n\t\t\t\t<\/div>","protected":false},"excerpt":{"rendered":"<p>Lofty 16 \u2013 Gazdas\u00e1gos elektromos robog\u00f3 25km\/h &#8211; Jogos\u00edtv\u00e1ny n\u00e9lk\u00fcl Az ide\u00e1lis elektromos robog\u00f3 mindennapi k\u00f6zleked\u00e9shez \u00e9s fut\u00e1roknak 625.000 Ft [&hellip;]<\/p>\n","protected":false},"author":1,"featured_media":0,"parent":0,"menu_order":0,"comment_status":"closed","ping_status":"closed","template":"elementor_header_footer","meta":{"site-sidebar-layout":"no-sidebar","site-content-layout":"","ast-site-content-layout":"full-width-container","site-content-style":"default","site-sidebar-style":"default","ast-global-header-display":"","ast-banner-title-visibility":"","ast-main-header-display":"","ast-hfb-above-header-display":"","ast-hfb-below-header-display":"","ast-hfb-mobile-header-display":"","site-post-title":"disabled","ast-breadcrumbs-content":"","ast-featured-img":"disabled","footer-sml-layout":"","ast-disable-related-posts":"","theme-transparent-header-meta":"","adv-header-id-meta":"","stick-header-meta":"","header-above-stick-meta":"","header-main-stick-meta":"","header-below-stick-meta":"","astra-migrate-meta-layouts":"default","ast-page-background-enabled":"default","ast-page-background-meta":{"desktop":{"background-color":"var(--ast-global-color-5)","background-image":"","background-repeat":"repeat","background-position":"center center","background-size":"auto","background-attachment":"scroll","background-type":"","background-media":"","overlay-type":"","overlay-color":"","overlay-opacity":"","overlay-gradient":""},"tablet":{"background-color":"","background-image":"","background-repeat":"repeat","background-position":"center center","background-size":"auto","background-attachment":"scroll","background-type":"","background-media":"","overlay-type":"","overlay-color":"","overlay-opacity":"","overlay-gradient":""},"mobile":{"background-color":"","background-image":"","background-repeat":"repeat","background-position":"center center","background-size":"auto","background-attachment":"scroll","background-type":"","background-media":"","overlay-type":"","overlay-color":"","overlay-opacity":"","overlay-gradient":""}},"ast-content-background-meta":{"desktop":{"background-color":"var(--ast-global-color-4)","background-image":"","background-repeat":"repeat","background-position":"center center","background-size":"auto","background-attachment":"scroll","background-type":"","background-media":"","overlay-type":"","overlay-color":"","overlay-opacity":"","overlay-gradient":""},"tablet":{"background-color":"var(--ast-global-color-4)","background-image":"","background-repeat":"repeat","background-position":"center center","background-size":"auto","background-attachment":"scroll","background-type":"","background-media":"","overlay-type":"","overlay-color":"","overlay-opacity":"","overlay-gradient":""},"mobile":{"background-color":"var(--ast-global-color-4)","background-image":"","background-repeat":"repeat","background-position":"center center","background-size":"auto","background-attachment":"scroll","background-type":"","background-media":"","overlay-type":"","overlay-color":"","overlay-opacity":"","overlay-gradient":""}},"footnotes":""},"class_list":["post-621","page","type-page","status-publish","hentry"],"_hostinger_reach_plugin_has_subscription_block":false,"_hostinger_reach_plugin_is_elementor":false,"_links":{"self":[{"href":"https:\/\/rideezo.hu\/en\/wp-json\/wp\/v2\/pages\/621","targetHints":{"allow":["GET"]}}],"collection":[{"href":"https:\/\/rideezo.hu\/en\/wp-json\/wp\/v2\/pages"}],"about":[{"href":"https:\/\/rideezo.hu\/en\/wp-json\/wp\/v2\/types\/page"}],"author":[{"embeddable":true,"href":"https:\/\/rideezo.hu\/en\/wp-json\/wp\/v2\/users\/1"}],"replies":[{"embeddable":true,"href":"https:\/\/rideezo.hu\/en\/wp-json\/wp\/v2\/comments?post=621"}],"version-history":[{"count":19,"href":"https:\/\/rideezo.hu\/en\/wp-json\/wp\/v2\/pages\/621\/revisions"}],"predecessor-version":[{"id":1038,"href":"https:\/\/rideezo.hu\/en\/wp-json\/wp\/v2\/pages\/621\/revisions\/1038"}],"wp:attachment":[{"href":"https:\/\/rideezo.hu\/en\/wp-json\/wp\/v2\/media?parent=621"}],"curies":[{"name":"wp","href":"https:\/\/api.w.org\/{rel}","templated":true}]}}