{"id":617,"date":"2026-03-25T00:23:31","date_gmt":"2026-03-24T23:23:31","guid":{"rendered":"https:\/\/rideezo.hu\/?page_id=617"},"modified":"2026-03-27T02:13:24","modified_gmt":"2026-03-27T01:13:24","slug":"lofty-2","status":"publish","type":"page","link":"https:\/\/rideezo.hu\/en\/lofty-2\/","title":{"rendered":"Lofty 2 &#8211; 25km\/h"},"content":{"rendered":"<div data-elementor-type=\"wp-page\" data-elementor-id=\"617\" class=\"elementor elementor-617\">\n\t\t\t\t<div class=\"elementor-element elementor-element-4a75b812 e-flex e-con-boxed e-con e-parent\" data-id=\"4a75b812\" data-element_type=\"container\" data-e-type=\"container\">\n\t\t\t\t\t<div class=\"e-con-inner\">\n\t\t<div class=\"elementor-element elementor-element-4ffc10a e-con-full e-flex e-con e-child\" data-id=\"4ffc10a\" data-element_type=\"container\" data-e-type=\"container\">\n\t\t\t\t<div class=\"elementor-element elementor-element-728a7189 elementor-arrows-position-inside elementor-pagination-position-outside elementor-widget elementor-widget-image-carousel\" data-id=\"728a7189\" data-element_type=\"widget\" data-e-type=\"widget\" data-settings=\"{&quot;slides_to_show&quot;:&quot;1&quot;,&quot;effect&quot;:&quot;fade&quot;,&quot;navigation&quot;:&quot;both&quot;,&quot;autoplay&quot;:&quot;yes&quot;,&quot;pause_on_hover&quot;:&quot;yes&quot;,&quot;pause_on_interaction&quot;:&quot;yes&quot;,&quot;autoplay_speed&quot;:5000,&quot;infinite&quot;:&quot;yes&quot;,&quot;speed&quot;:500}\" data-widget_type=\"image-carousel.default\">\n\t\t\t\t\t\t\t<div class=\"elementor-image-carousel-wrapper swiper\" role=\"region\" aria-roledescription=\"carousel\" aria-label=\"Image Carousel\" dir=\"ltr\">\n\t\t\t<div class=\"elementor-image-carousel swiper-wrapper swiper-image-stretch\" aria-live=\"off\">\n\t\t\t\t\t\t\t\t<div class=\"swiper-slide\" role=\"group\" aria-roledescription=\"slide\" aria-label=\"1 \/ 9\"><a data-elementor-open-lightbox=\"yes\" data-elementor-lightbox-slideshow=\"728a7189\" data-elementor-lightbox-title=\"lofty 2 white side\" data-e-action-hash=\"#elementor-action%3Aaction%3Dlightbox%26settings%3DeyJpZCI6Njg5LCJ1cmwiOiJodHRwczpcL1wvcmlkZWV6by5odVwvd3AtY29udGVudFwvdXBsb2Fkc1wvMjAyNlwvMDNcL2xvZnR5LTItd2hpdGUtc2lkZS0xLnBuZyIsInNsaWRlc2hvdyI6IjcyOGE3MTg5In0%3D\" href=\"https:\/\/rideezo.hu\/wp-content\/uploads\/2026\/03\/lofty-2-white-side-1.png\"><figure class=\"swiper-slide-inner\"><img decoding=\"async\" class=\"swiper-slide-image\" src=\"https:\/\/rideezo.hu\/wp-content\/uploads\/2026\/03\/lofty-2-white-side-1-768x768.png\" alt=\"lofty 2 white side\" \/><\/figure><\/a><\/div><div class=\"swiper-slide\" role=\"group\" aria-roledescription=\"slide\" aria-label=\"2 \/ 9\"><a data-elementor-open-lightbox=\"yes\" data-elementor-lightbox-slideshow=\"728a7189\" data-elementor-lightbox-title=\"LOFTY 2 Side\" data-e-action-hash=\"#elementor-action%3Aaction%3Dlightbox%26settings%3DeyJpZCI6Njg3LCJ1cmwiOiJodHRwczpcL1wvcmlkZWV6by5odVwvd3AtY29udGVudFwvdXBsb2Fkc1wvMjAyNlwvMDNcL0xPRlRZLTItU2lkZS5wbmciLCJzbGlkZXNob3ciOiI3MjhhNzE4OSJ9\" href=\"https:\/\/rideezo.hu\/wp-content\/uploads\/2026\/03\/LOFTY-2-Side.png\"><figure class=\"swiper-slide-inner\"><img decoding=\"async\" class=\"swiper-slide-image\" src=\"https:\/\/rideezo.hu\/wp-content\/uploads\/2026\/03\/LOFTY-2-Side-768x768.png\" alt=\"LOFTY 2 Side\" \/><\/figure><\/a><\/div><div class=\"swiper-slide\" role=\"group\" aria-roledescription=\"slide\" aria-label=\"3 \/ 9\"><a data-elementor-open-lightbox=\"yes\" data-elementor-lightbox-slideshow=\"728a7189\" data-elementor-lightbox-title=\"LOFTY 2 Side green\" data-e-action-hash=\"#elementor-action%3Aaction%3Dlightbox%26settings%3DeyJpZCI6Njg2LCJ1cmwiOiJodHRwczpcL1wvcmlkZWV6by5odVwvd3AtY29udGVudFwvdXBsb2Fkc1wvMjAyNlwvMDNcL0xPRlRZLTItU2lkZS1ncmVlbi5wbmciLCJzbGlkZXNob3ciOiI3MjhhNzE4OSJ9\" href=\"https:\/\/rideezo.hu\/wp-content\/uploads\/2026\/03\/LOFTY-2-Side-green.png\"><figure class=\"swiper-slide-inner\"><img decoding=\"async\" class=\"swiper-slide-image\" src=\"https:\/\/rideezo.hu\/wp-content\/uploads\/2026\/03\/LOFTY-2-Side-green-768x768.png\" alt=\"LOFTY 2 Side green\" \/><\/figure><\/a><\/div><div class=\"swiper-slide\" role=\"group\" aria-roledescription=\"slide\" aria-label=\"4 \/ 9\"><a data-elementor-open-lightbox=\"yes\" data-elementor-lightbox-slideshow=\"728a7189\" data-elementor-lightbox-title=\"LOFTY 2 white corner\" data-e-action-hash=\"#elementor-action%3Aaction%3Dlightbox%26settings%3DeyJpZCI6Njg4LCJ1cmwiOiJodHRwczpcL1wvcmlkZWV6by5odVwvd3AtY29udGVudFwvdXBsb2Fkc1wvMjAyNlwvMDNcL0xPRlRZLTItd2hpdGUtY29ybmVyLnBuZyIsInNsaWRlc2hvdyI6IjcyOGE3MTg5In0%3D\" href=\"https:\/\/rideezo.hu\/wp-content\/uploads\/2026\/03\/LOFTY-2-white-corner.png\"><figure class=\"swiper-slide-inner\"><img decoding=\"async\" class=\"swiper-slide-image\" src=\"https:\/\/rideezo.hu\/wp-content\/uploads\/2026\/03\/LOFTY-2-white-corner-768x768.png\" alt=\"LOFTY 2 white corner\" \/><\/figure><\/a><\/div><div class=\"swiper-slide\" role=\"group\" aria-roledescription=\"slide\" aria-label=\"5 \/ 9\"><a data-elementor-open-lightbox=\"yes\" data-elementor-lightbox-slideshow=\"728a7189\" data-elementor-lightbox-title=\"LOFTY 2 corner\" data-e-action-hash=\"#elementor-action%3Aaction%3Dlightbox%26settings%3DeyJpZCI6NjgyLCJ1cmwiOiJodHRwczpcL1wvcmlkZWV6by5odVwvd3AtY29udGVudFwvdXBsb2Fkc1wvMjAyNlwvMDNcL0xPRlRZLTItY29ybmVyLnBuZyIsInNsaWRlc2hvdyI6IjcyOGE3MTg5In0%3D\" href=\"https:\/\/rideezo.hu\/wp-content\/uploads\/2026\/03\/LOFTY-2-corner.png\"><figure class=\"swiper-slide-inner\"><img decoding=\"async\" class=\"swiper-slide-image\" src=\"https:\/\/rideezo.hu\/wp-content\/uploads\/2026\/03\/LOFTY-2-corner-768x768.png\" alt=\"LOFTY 2 corner\" \/><\/figure><\/a><\/div><div class=\"swiper-slide\" role=\"group\" aria-roledescription=\"slide\" aria-label=\"6 \/ 9\"><a data-elementor-open-lightbox=\"yes\" data-elementor-lightbox-slideshow=\"728a7189\" data-elementor-lightbox-title=\"LOFTY 2 front tire\" data-e-action-hash=\"#elementor-action%3Aaction%3Dlightbox%26settings%3DeyJpZCI6NjgzLCJ1cmwiOiJodHRwczpcL1wvcmlkZWV6by5odVwvd3AtY29udGVudFwvdXBsb2Fkc1wvMjAyNlwvMDNcL0xPRlRZLTItZnJvbnQtdGlyZS5wbmciLCJzbGlkZXNob3ciOiI3MjhhNzE4OSJ9\" href=\"https:\/\/rideezo.hu\/wp-content\/uploads\/2026\/03\/LOFTY-2-front-tire.png\"><figure class=\"swiper-slide-inner\"><img decoding=\"async\" class=\"swiper-slide-image\" src=\"https:\/\/rideezo.hu\/wp-content\/uploads\/2026\/03\/LOFTY-2-front-tire-768x768.png\" alt=\"LOFTY 2 front tire\" \/><\/figure><\/a><\/div><div class=\"swiper-slide\" role=\"group\" aria-roledescription=\"slide\" aria-label=\"7 \/ 9\"><a data-elementor-open-lightbox=\"yes\" data-elementor-lightbox-slideshow=\"728a7189\" data-elementor-lightbox-title=\"LOFTY 2 rear tire\" data-e-action-hash=\"#elementor-action%3Aaction%3Dlightbox%26settings%3DeyJpZCI6Njg1LCJ1cmwiOiJodHRwczpcL1wvcmlkZWV6by5odVwvd3AtY29udGVudFwvdXBsb2Fkc1wvMjAyNlwvMDNcL0xPRlRZLTItcmVhci10aXJlLnBuZyIsInNsaWRlc2hvdyI6IjcyOGE3MTg5In0%3D\" href=\"https:\/\/rideezo.hu\/wp-content\/uploads\/2026\/03\/LOFTY-2-rear-tire.png\"><figure class=\"swiper-slide-inner\"><img decoding=\"async\" class=\"swiper-slide-image\" src=\"https:\/\/rideezo.hu\/wp-content\/uploads\/2026\/03\/LOFTY-2-rear-tire-768x768.png\" alt=\"LOFTY 2 rear tire\" \/><\/figure><\/a><\/div><div class=\"swiper-slide\" role=\"group\" aria-roledescription=\"slide\" aria-label=\"8 \/ 9\"><a data-elementor-open-lightbox=\"yes\" data-elementor-lightbox-slideshow=\"728a7189\" data-elementor-lightbox-title=\"LOFTY 2 front\" data-e-action-hash=\"#elementor-action%3Aaction%3Dlightbox%26settings%3DeyJpZCI6Njg0LCJ1cmwiOiJodHRwczpcL1wvcmlkZWV6by5odVwvd3AtY29udGVudFwvdXBsb2Fkc1wvMjAyNlwvMDNcL0xPRlRZLTItZnJvbnQucG5nIiwic2xpZGVzaG93IjoiNzI4YTcxODkifQ%3D%3D\" href=\"https:\/\/rideezo.hu\/wp-content\/uploads\/2026\/03\/LOFTY-2-front.png\"><figure class=\"swiper-slide-inner\"><img decoding=\"async\" class=\"swiper-slide-image\" src=\"https:\/\/rideezo.hu\/wp-content\/uploads\/2026\/03\/LOFTY-2-front-768x768.png\" alt=\"LOFTY 2 front\" \/><\/figure><\/a><\/div><div class=\"swiper-slide\" role=\"group\" aria-roledescription=\"slide\" aria-label=\"9 \/ 9\"><a data-elementor-open-lightbox=\"yes\" data-elementor-lightbox-slideshow=\"728a7189\" data-elementor-lightbox-title=\"LOFTY 2 behind\" data-e-action-hash=\"#elementor-action%3Aaction%3Dlightbox%26settings%3DeyJpZCI6NjgxLCJ1cmwiOiJodHRwczpcL1wvcmlkZWV6by5odVwvd3AtY29udGVudFwvdXBsb2Fkc1wvMjAyNlwvMDNcL0xPRlRZLTItYmVoaW5kLnBuZyIsInNsaWRlc2hvdyI6IjcyOGE3MTg5In0%3D\" href=\"https:\/\/rideezo.hu\/wp-content\/uploads\/2026\/03\/LOFTY-2-behind.png\"><figure class=\"swiper-slide-inner\"><img decoding=\"async\" class=\"swiper-slide-image\" src=\"https:\/\/rideezo.hu\/wp-content\/uploads\/2026\/03\/LOFTY-2-behind-768x768.png\" alt=\"LOFTY 2 behind\" \/><\/figure><\/a><\/div>\t\t\t<\/div>\n\t\t\t\t\t\t\t\t\t\t\t\t<div class=\"elementor-swiper-button elementor-swiper-button-prev\" role=\"button\" tabindex=\"0\">\n\t\t\t\t\t\t<svg aria-hidden=\"true\" class=\"e-font-icon-svg e-eicon-chevron-left\" viewbox=\"0 0 1000 1000\" xmlns=\"http:\/\/www.w3.org\/2000\/svg\"><path d=\"M646 125C629 125 613 133 604 142L308 442C296 454 292 471 292 487 292 504 296 521 308 533L604 854C617 867 629 875 646 875 663 875 679 871 692 858 704 846 713 829 713 812 713 796 708 779 692 767L438 487 692 225C700 217 708 204 708 187 708 171 704 154 692 142 675 129 663 125 646 125Z\"><\/path><\/svg>\t\t\t\t\t<\/div>\n\t\t\t\t\t<div class=\"elementor-swiper-button elementor-swiper-button-next\" role=\"button\" tabindex=\"0\">\n\t\t\t\t\t\t<svg aria-hidden=\"true\" class=\"e-font-icon-svg e-eicon-chevron-right\" viewbox=\"0 0 1000 1000\" xmlns=\"http:\/\/www.w3.org\/2000\/svg\"><path d=\"M696 533C708 521 713 504 713 487 713 471 708 454 696 446L400 146C388 133 375 125 354 125 338 125 325 129 313 142 300 154 292 171 292 187 292 204 296 221 308 233L563 492 304 771C292 783 288 800 288 817 288 833 296 850 308 863 321 871 338 875 354 875 371 875 388 867 400 854L696 533Z\"><\/path><\/svg>\t\t\t\t\t<\/div>\n\t\t\t\t\n\t\t\t\t\t\t\t\t\t<div class=\"swiper-pagination\"><\/div>\n\t\t\t\t\t\t\t\t\t<\/div>\n\t\t\t\t\t\t<\/div>\n\t\t\t\t<\/div>\n\t\t<div class=\"elementor-element elementor-element-6662310e e-con-full e-flex e-con e-child\" data-id=\"6662310e\" data-element_type=\"container\" data-e-type=\"container\">\n\t\t\t\t<div class=\"elementor-element elementor-element-72d6d31f elementor-widget__width-initial elementor-widget elementor-widget-heading\" data-id=\"72d6d31f\" data-element_type=\"widget\" data-e-type=\"widget\" data-widget_type=\"heading.default\">\n\t\t\t\t\t<h1 class=\"elementor-heading-title elementor-size-default\">Lofty 2 \u2013 Affordable Electric Scooter 25 km\/h \u2013 No License Required<\/h1>\t\t\t\t<\/div>\n\t\t\t\t<div class=\"elementor-element elementor-element-498e5375 elementor-widget__width-initial elementor-widget elementor-widget-text-editor\" data-id=\"498e5375\" data-element_type=\"widget\" data-e-type=\"widget\" data-widget_type=\"text-editor.default\">\n\t\t\t\t\t\t\t\t\t<p>Praktikus \u00e9s megfizethet\u0151 elektromos robog\u00f3, ide\u00e1lis r\u00f6vid v\u00e1rosi utakhoz.<\/p>\t\t\t\t\t\t\t\t<\/div>\n\t\t<div class=\"elementor-element elementor-element-62bfedd e-con-full e-flex e-con e-child\" data-id=\"62bfedd\" data-element_type=\"container\" data-e-type=\"container\">\n\t\t\t\t<div class=\"elementor-element elementor-element-2d706467 elementor-widget elementor-widget-text-editor\" data-id=\"2d706467\" data-element_type=\"widget\" data-e-type=\"widget\" data-widget_type=\"text-editor.default\">\n\t\t\t\t\t\t\t\t\t<p><span class=\"price-item price-item--sale price-item--last\">549.990<\/span><span class=\"price-item price-item--sale price-item--last\"> Ft<\/span><\/p>\t\t\t\t\t\t\t\t<\/div>\n\t\t\t\t<div class=\"elementor-element elementor-element-348cb00e elementor-widget elementor-widget-text-editor\" data-id=\"348cb00e\" data-element_type=\"widget\" data-e-type=\"widget\" data-widget_type=\"text-editor.default\">\n\t\t\t\t\t\t\t\t\t<p>* Tartalmazza az ad\u00f3kat.<\/p>\t\t\t\t\t\t\t\t<\/div>\n\t\t\t\t<\/div>\n\t\t<div class=\"elementor-element elementor-element-195eda8e e-con-full e-flex e-con e-child\" data-id=\"195eda8e\" data-element_type=\"container\" data-e-type=\"container\">\n\t\t\t\t<div class=\"elementor-element elementor-element-1ced1dfb elementor-widget elementor-widget-text-editor\" data-id=\"1ced1dfb\" data-element_type=\"widget\" data-e-type=\"widget\" data-widget_type=\"text-editor.default\">\n\t\t\t\t\t\t\t\t\t<p>Akkumul\u00e1tor:<\/p>\t\t\t\t\t\t\t\t<\/div>\n\t\t\t\t<div class=\"elementor-element elementor-element-515a727a elementor-widget elementor-widget-text-editor\" data-id=\"515a727a\" data-element_type=\"widget\" data-e-type=\"widget\" data-widget_type=\"text-editor.default\">\n\t\t\t\t\t\t\t\t\t<p>48V60Ah Li-ion<\/p>\t\t\t\t\t\t\t\t<\/div>\n\t\t\t\t<\/div>\n\t\t<div class=\"elementor-element elementor-element-451ef76d e-con-full e-flex e-con e-child\" data-id=\"451ef76d\" data-element_type=\"container\" data-e-type=\"container\">\n\t\t\t\t<div class=\"elementor-element elementor-element-5579d8a7 elementor-widget elementor-widget-text-editor\" data-id=\"5579d8a7\" data-element_type=\"widget\" data-e-type=\"widget\" data-widget_type=\"text-editor.default\">\n\t\t\t\t\t\t\t\t\t<p>Sz\u00edn:<\/p>\t\t\t\t\t\t\t\t<\/div>\n\t\t\t\t<div class=\"elementor-element elementor-element-5ed41cda elementor-widget elementor-widget-text-editor\" data-id=\"5ed41cda\" data-element_type=\"widget\" data-e-type=\"widget\" data-widget_type=\"text-editor.default\">\n\t\t\t\t\t\t\t\t\t<p><span data-selected-value=\"\">\ud83c\udf15 Arany \u26aa Feh\u00e9r \ud83d\udfe2 Z\u00f6ld<br \/><\/span><\/p>\t\t\t\t\t\t\t\t<\/div>\n\t\t\t\t<\/div>\n\t\t<div class=\"elementor-element elementor-element-69daef7f e-con-full e-flex e-con e-child\" data-id=\"69daef7f\" data-element_type=\"container\" data-e-type=\"container\">\n\t\t\t\t<div class=\"elementor-element elementor-element-798ca93a elementor-widget elementor-widget-text-editor\" data-id=\"798ca93a\" data-element_type=\"widget\" data-e-type=\"widget\" data-widget_type=\"text-editor.default\">\n\t\t\t\t\t\t\t\t\t<p><a href=\"https:\/\/rideezo.hu\/en\/reszletfizeteses\/\" target=\"_blank\" rel=\"noopener\">V\u00e1s\u00e1rl\u00e1s r\u00e9szletre? Kattints ide a r\u00e9szletek\u00e9rt!<\/a><\/p>\t\t\t\t\t\t\t\t<\/div>\n\t\t\t\t<\/div>\n\t\t\t\t<\/div>\n\t\t\t\t\t<\/div>\n\t\t\t\t<\/div>\n\t\t<div class=\"elementor-element elementor-element-f01c145 e-flex e-con-boxed e-con e-parent\" data-id=\"f01c145\" data-element_type=\"container\" data-e-type=\"container\">\n\t\t\t\t\t<div class=\"e-con-inner\">\n\t\t\t\t<div class=\"elementor-element elementor-element-1a38fb6 elementor-widget elementor-widget-text-editor\" data-id=\"1a38fb6\" data-element_type=\"widget\" data-e-type=\"widget\" data-widget_type=\"text-editor.default\">\n\t\t\t\t\t\t\t\t\t<p>A Lofty 2 egy praktikus \u00e9s megfizethet\u0151 elektromos robog\u00f3, ide\u00e1lis r\u00f6vid v\u00e1rosi utakhoz. Csendes 300W-os kefe n\u00e9lk\u00fcli motorral \u00e9s\u00a0<span style=\"color: rgba(2, 2, 2, 0.75); font-family: Inter, sans-serif; letter-spacing: 0.6px; text-align: start;\">48V 60Ah hordozhat\u00f3 akkumul\u00e1torral ak\u00e1r 110 km hat\u00f3t\u00e1vot is biztos\u00edt egyetlen t\u00f6lt\u00e9ssel<\/span>\u00a0Maxim\u00e1lis sebess\u00e9ge 25 km\/h, \u00edgy t\u00f6k\u00e9letes v\u00e1laszt\u00e1s mindennapi k\u00f6zleked\u00e9shez, di\u00e1koknak \u00e9s v\u00e1rosi ing\u00e1z\u00f3knak.<\/p><p><strong>Jogos\u00edtv\u00e1ny n\u00e9lk\u00fcl vezethet\u0151!<\/strong><\/p>\t\t\t\t\t\t\t\t<\/div>\n\t\t\t\t\t<\/div>\n\t\t\t\t<\/div>\n\t\t<div class=\"elementor-element elementor-element-1fb9fd99 e-flex e-con-boxed e-con e-parent\" data-id=\"1fb9fd99\" data-element_type=\"container\" data-e-type=\"container\" data-settings=\"{&quot;background_background&quot;:&quot;classic&quot;}\">\n\t\t\t\t\t<div class=\"e-con-inner\">\n\t\t\t\t<div class=\"elementor-element elementor-element-43648ffb elementor-widget elementor-widget-heading\" data-id=\"43648ffb\" data-element_type=\"widget\" data-e-type=\"widget\" data-widget_type=\"heading.default\">\n\t\t\t\t\t<h2 class=\"elementor-heading-title elementor-size-default\">Term\u00e9k specifik\u00e1ci\u00f3k<\/h2>\t\t\t\t<\/div>\n\t\t\t\t<div class=\"elementor-element elementor-element-122d9b20 elementor-widget__width-initial elementor-widget elementor-widget-tablepress-table\" data-id=\"122d9b20\" data-element_type=\"widget\" data-e-type=\"widget\" data-widget_type=\"tablepress-table.default\">\n\t\t\t\t\t\n<table id=\"tablepress-Loft2-25\" class=\"tablepress tablepress-id-Loft2-25\">\n<tbody class=\"row-striping row-hover\">\n<tr class=\"row-1\">\n\t<td class=\"column-1\">Motor t\u00edpusa<\/td><td class=\"column-2\">Kefe n\u00e9lk\u00fcli<\/td>\n<\/tr>\n<tr class=\"row-2\">\n\t<td class=\"column-1\">Range<\/td><td class=\"column-2\">Ak\u00e1r 110 km<\/td>\n<\/tr>\n<tr class=\"row-3\">\n\t<td class=\"column-1\">Akkumul\u00e1tor<\/td><td class=\"column-2\">48V 60Ah hordozhat\u00f3 \u2013 b\u00e1rhol t\u00f6lthet\u0151<\/td>\n<\/tr>\n<tr class=\"row-4\">\n\t<td class=\"column-1\">Els\u0151 l\u00e1mpa<\/td><td class=\"column-2\">Modern sz\u00f6gletes kialak\u00edt\u00e1s<\/td>\n<\/tr>\n<tr class=\"row-5\">\n\t<td class=\"column-1\">F\u00e9kek<\/td><td class=\"column-2\">Els\u0151 \u00e9s h\u00e1ts\u00f3 dobf\u00e9k<\/td>\n<\/tr>\n<tr class=\"row-6\">\n\t<td class=\"column-1\">Kialak\u00edt\u00e1s<\/td><td class=\"column-2\">K\u00f6nny\u0171, egyszer\u0171 ir\u00e1ny\u00edt\u00e1s<\/td>\n<\/tr>\n<tr class=\"row-7\">\n\t<td class=\"column-1\">V\u00e9gsebess\u00e9g<\/td><td class=\"column-2\">25 km\/h<\/td>\n<\/tr>\n<tr class=\"row-8\">\n\t<td class=\"column-1\">Felhaszn\u00e1l\u00e1s<\/td><td class=\"column-2\">Fut\u00e1rok \u00e9s napi ing\u00e1z\u00f3k sz\u00e1m\u00e1ra<\/td>\n<\/tr>\n<tr class=\"row-9\">\n\t<td class=\"column-1\">Lehet\u0151s\u00e9gek<\/td><td class=\"column-2\">V\u00e1s\u00e1rl\u00e1s, r\u00e9szletfizet\u00e9s<\/td>\n<\/tr>\n<tr class=\"row-10\">\n\t<td class=\"column-1\">Jogos\u00edtv\u00e1ny<\/td><td class=\"column-2\">Nem sz\u00fcks\u00e9ges<\/td>\n<\/tr>\n<\/tbody>\n<\/table>\n<!-- #tablepress-Loft2-25 from cache -->\t\t\t\t<\/div>\n\t\t\t\t\t<\/div>\n\t\t\t\t<\/div>\n\t\t<div class=\"elementor-element elementor-element-122f969e e-flex e-con-boxed e-con e-parent\" data-id=\"122f969e\" data-element_type=\"container\" data-e-type=\"container\">\n\t\t\t\t\t<div class=\"e-con-inner\">\n\t\t\t\t<div class=\"elementor-element elementor-element-627cd821 elementor-widget elementor-widget-heading\" data-id=\"627cd821\" data-element_type=\"widget\" data-e-type=\"widget\" data-widget_type=\"heading.default\">\n\t\t\t\t\t<h2 class=\"elementor-heading-title elementor-size-default\">\u00c9rdekel?<\/h2>\t\t\t\t<\/div>\n\t\t\t\t<div class=\"elementor-element elementor-element-3aea41cb elementor-widget elementor-widget-button\" data-id=\"3aea41cb\" data-element_type=\"widget\" data-e-type=\"widget\" data-widget_type=\"button.default\">\n\t\t\t\t\t\t\t\t\t\t<a class=\"elementor-button elementor-button-link elementor-size-sm\" href=\"https:\/\/rideezo.hu\/en\/kapcsolat\/\">\n\t\t\t\t\t\t<span class=\"elementor-button-content-wrapper\">\n\t\t\t\t\t\t\t\t\t<span class=\"elementor-button-text\">Book an appointment<\/span>\n\t\t\t\t\t<\/span>\n\t\t\t\t\t<\/a>\n\t\t\t\t\t\t\t\t<\/div>\n\t\t\t\t\t<\/div>\n\t\t\t\t<\/div>\n\t\t\t\t<\/div>","protected":false},"excerpt":{"rendered":"<p>Lofty 2 &#8211; Megfizethet\u0151 elektromos robog\u00f3 25km\/h &#8211; Jogos\u00edtv\u00e1ny n\u00e9lk\u00fcl Praktikus \u00e9s megfizethet\u0151 elektromos robog\u00f3, ide\u00e1lis r\u00f6vid v\u00e1rosi utakhoz. 549.990 [&hellip;]<\/p>\n","protected":false},"author":1,"featured_media":0,"parent":0,"menu_order":0,"comment_status":"closed","ping_status":"closed","template":"elementor_header_footer","meta":{"site-sidebar-layout":"no-sidebar","site-content-layout":"","ast-site-content-layout":"full-width-container","site-content-style":"default","site-sidebar-style":"default","ast-global-header-display":"","ast-banner-title-visibility":"","ast-main-header-display":"","ast-hfb-above-header-display":"","ast-hfb-below-header-display":"","ast-hfb-mobile-header-display":"","site-post-title":"disabled","ast-breadcrumbs-content":"","ast-featured-img":"disabled","footer-sml-layout":"","ast-disable-related-posts":"","theme-transparent-header-meta":"","adv-header-id-meta":"","stick-header-meta":"","header-above-stick-meta":"","header-main-stick-meta":"","header-below-stick-meta":"","astra-migrate-meta-layouts":"default","ast-page-background-enabled":"default","ast-page-background-meta":{"desktop":{"background-color":"var(--ast-global-color-5)","background-image":"","background-repeat":"repeat","background-position":"center center","background-size":"auto","background-attachment":"scroll","background-type":"","background-media":"","overlay-type":"","overlay-color":"","overlay-opacity":"","overlay-gradient":""},"tablet":{"background-color":"","background-image":"","background-repeat":"repeat","background-position":"center center","background-size":"auto","background-attachment":"scroll","background-type":"","background-media":"","overlay-type":"","overlay-color":"","overlay-opacity":"","overlay-gradient":""},"mobile":{"background-color":"","background-image":"","background-repeat":"repeat","background-position":"center center","background-size":"auto","background-attachment":"scroll","background-type":"","background-media":"","overlay-type":"","overlay-color":"","overlay-opacity":"","overlay-gradient":""}},"ast-content-background-meta":{"desktop":{"background-color":"var(--ast-global-color-4)","background-image":"","background-repeat":"repeat","background-position":"center center","background-size":"auto","background-attachment":"scroll","background-type":"","background-media":"","overlay-type":"","overlay-color":"","overlay-opacity":"","overlay-gradient":""},"tablet":{"background-color":"var(--ast-global-color-4)","background-image":"","background-repeat":"repeat","background-position":"center center","background-size":"auto","background-attachment":"scroll","background-type":"","background-media":"","overlay-type":"","overlay-color":"","overlay-opacity":"","overlay-gradient":""},"mobile":{"background-color":"var(--ast-global-color-4)","background-image":"","background-repeat":"repeat","background-position":"center center","background-size":"auto","background-attachment":"scroll","background-type":"","background-media":"","overlay-type":"","overlay-color":"","overlay-opacity":"","overlay-gradient":""}},"footnotes":""},"class_list":["post-617","page","type-page","status-publish","hentry"],"_hostinger_reach_plugin_has_subscription_block":false,"_hostinger_reach_plugin_is_elementor":false,"_links":{"self":[{"href":"https:\/\/rideezo.hu\/en\/wp-json\/wp\/v2\/pages\/617","targetHints":{"allow":["GET"]}}],"collection":[{"href":"https:\/\/rideezo.hu\/en\/wp-json\/wp\/v2\/pages"}],"about":[{"href":"https:\/\/rideezo.hu\/en\/wp-json\/wp\/v2\/types\/page"}],"author":[{"embeddable":true,"href":"https:\/\/rideezo.hu\/en\/wp-json\/wp\/v2\/users\/1"}],"replies":[{"embeddable":true,"href":"https:\/\/rideezo.hu\/en\/wp-json\/wp\/v2\/comments?post=617"}],"version-history":[{"count":33,"href":"https:\/\/rideezo.hu\/en\/wp-json\/wp\/v2\/pages\/617\/revisions"}],"predecessor-version":[{"id":1051,"href":"https:\/\/rideezo.hu\/en\/wp-json\/wp\/v2\/pages\/617\/revisions\/1051"}],"wp:attachment":[{"href":"https:\/\/rideezo.hu\/en\/wp-json\/wp\/v2\/media?parent=617"}],"curies":[{"name":"wp","href":"https:\/\/api.w.org\/{rel}","templated":true}]}}