{"id":559,"date":"2026-03-19T22:02:06","date_gmt":"2026-03-19T21:02:06","guid":{"rendered":"https:\/\/rideezo.hu\/?page_id=559"},"modified":"2026-03-27T00:30:53","modified_gmt":"2026-03-26T23:30:53","slug":"lofty-11b","status":"publish","type":"page","link":"https:\/\/rideezo.hu\/en\/lofty-11b\/","title":{"rendered":"Lofty 11B"},"content":{"rendered":"<div data-elementor-type=\"wp-page\" data-elementor-id=\"559\" class=\"elementor elementor-559\">\n\t\t\t\t<div class=\"elementor-element elementor-element-399ad59c e-flex e-con-boxed e-con e-parent\" data-id=\"399ad59c\" data-element_type=\"container\" data-e-type=\"container\">\n\t\t\t\t\t<div class=\"e-con-inner\">\n\t\t<div class=\"elementor-element elementor-element-4c5b6732 e-con-full e-flex e-con e-child\" data-id=\"4c5b6732\" data-element_type=\"container\" data-e-type=\"container\">\n\t\t\t\t<div class=\"elementor-element elementor-element-23afcfd7 elementor-arrows-position-inside elementor-pagination-position-outside elementor-widget elementor-widget-image-carousel\" data-id=\"23afcfd7\" data-element_type=\"widget\" data-e-type=\"widget\" data-settings=\"{&quot;slides_to_show&quot;:&quot;1&quot;,&quot;effect&quot;:&quot;fade&quot;,&quot;navigation&quot;:&quot;both&quot;,&quot;autoplay&quot;:&quot;yes&quot;,&quot;pause_on_hover&quot;:&quot;yes&quot;,&quot;pause_on_interaction&quot;:&quot;yes&quot;,&quot;autoplay_speed&quot;:5000,&quot;infinite&quot;:&quot;yes&quot;,&quot;speed&quot;:500}\" data-widget_type=\"image-carousel.default\">\n\t\t\t\t\t\t\t<div class=\"elementor-image-carousel-wrapper swiper\" role=\"region\" aria-roledescription=\"carousel\" aria-label=\"Image Carousel\" dir=\"ltr\">\n\t\t\t<div class=\"elementor-image-carousel swiper-wrapper swiper-image-stretch\" aria-live=\"off\">\n\t\t\t\t\t\t\t\t<div class=\"swiper-slide\" role=\"group\" aria-roledescription=\"slide\" aria-label=\"1 \/ 5\"><a data-elementor-open-lightbox=\"yes\" data-elementor-lightbox-slideshow=\"23afcfd7\" data-elementor-lightbox-title=\"LOFTY 11B side\" data-e-action-hash=\"#elementor-action%3Aaction%3Dlightbox%26settings%3DeyJpZCI6NTY2LCJ1cmwiOiJodHRwczpcL1wvcmlkZWV6by5odVwvd3AtY29udGVudFwvdXBsb2Fkc1wvMjAyNlwvMDNcL0xPRlRZLTExQi1zaWRlLTEucG5nIiwic2xpZGVzaG93IjoiMjNhZmNmZDcifQ%3D%3D\" href=\"https:\/\/rideezo.hu\/wp-content\/uploads\/2026\/03\/LOFTY-11B-side-1.png\"><figure class=\"swiper-slide-inner\"><img decoding=\"async\" class=\"swiper-slide-image\" src=\"https:\/\/rideezo.hu\/wp-content\/uploads\/2026\/03\/LOFTY-11B-side-1-768x768.png\" alt=\"LOFTY 11B side\" \/><\/figure><\/a><\/div><div class=\"swiper-slide\" role=\"group\" aria-roledescription=\"slide\" aria-label=\"2 \/ 5\"><a data-elementor-open-lightbox=\"yes\" data-elementor-lightbox-slideshow=\"23afcfd7\" data-elementor-lightbox-title=\"LOFTY 11B corner\" data-e-action-hash=\"#elementor-action%3Aaction%3Dlightbox%26settings%3DeyJpZCI6NTYzLCJ1cmwiOiJodHRwczpcL1wvcmlkZWV6by5odVwvd3AtY29udGVudFwvdXBsb2Fkc1wvMjAyNlwvMDNcL0xPRlRZLTExQi1jb3JuZXItMS5wbmciLCJzbGlkZXNob3ciOiIyM2FmY2ZkNyJ9\" href=\"https:\/\/rideezo.hu\/wp-content\/uploads\/2026\/03\/LOFTY-11B-corner-1.png\"><figure class=\"swiper-slide-inner\"><img decoding=\"async\" class=\"swiper-slide-image\" src=\"https:\/\/rideezo.hu\/wp-content\/uploads\/2026\/03\/LOFTY-11B-corner-1-768x768.png\" alt=\"LOFTY 11B corner\" \/><\/figure><\/a><\/div><div class=\"swiper-slide\" role=\"group\" aria-roledescription=\"slide\" aria-label=\"3 \/ 5\"><a data-elementor-open-lightbox=\"yes\" data-elementor-lightbox-slideshow=\"23afcfd7\" data-elementor-lightbox-title=\"LOFTY 11B front\" data-e-action-hash=\"#elementor-action%3Aaction%3Dlightbox%26settings%3DeyJpZCI6NTY0LCJ1cmwiOiJodHRwczpcL1wvcmlkZWV6by5odVwvd3AtY29udGVudFwvdXBsb2Fkc1wvMjAyNlwvMDNcL0xPRlRZLTExQi1mcm9udC0xLnBuZyIsInNsaWRlc2hvdyI6IjIzYWZjZmQ3In0%3D\" href=\"https:\/\/rideezo.hu\/wp-content\/uploads\/2026\/03\/LOFTY-11B-front-1.png\"><figure class=\"swiper-slide-inner\"><img decoding=\"async\" class=\"swiper-slide-image\" src=\"https:\/\/rideezo.hu\/wp-content\/uploads\/2026\/03\/LOFTY-11B-front-1-768x768.png\" alt=\"LOFTY 11B front\" \/><\/figure><\/a><\/div><div class=\"swiper-slide\" role=\"group\" aria-roledescription=\"slide\" aria-label=\"4 \/ 5\"><a data-elementor-open-lightbox=\"yes\" data-elementor-lightbox-slideshow=\"23afcfd7\" data-elementor-lightbox-title=\"LOFTY 11B TIRE\" data-e-action-hash=\"#elementor-action%3Aaction%3Dlightbox%26settings%3DeyJpZCI6NTY3LCJ1cmwiOiJodHRwczpcL1wvcmlkZWV6by5odVwvd3AtY29udGVudFwvdXBsb2Fkc1wvMjAyNlwvMDNcL0xPRlRZLTExQi1USVJFLTEucG5nIiwic2xpZGVzaG93IjoiMjNhZmNmZDcifQ%3D%3D\" href=\"https:\/\/rideezo.hu\/wp-content\/uploads\/2026\/03\/LOFTY-11B-TIRE-1.png\"><figure class=\"swiper-slide-inner\"><img decoding=\"async\" class=\"swiper-slide-image\" src=\"https:\/\/rideezo.hu\/wp-content\/uploads\/2026\/03\/LOFTY-11B-TIRE-1-768x768.png\" alt=\"LOFTY 11B TIRE\" \/><\/figure><\/a><\/div><div class=\"swiper-slide\" role=\"group\" aria-roledescription=\"slide\" aria-label=\"5 \/ 5\"><a data-elementor-open-lightbox=\"yes\" data-elementor-lightbox-slideshow=\"23afcfd7\" data-elementor-lightbox-title=\"LOFTY 11B rear\" data-e-action-hash=\"#elementor-action%3Aaction%3Dlightbox%26settings%3DeyJpZCI6NTY1LCJ1cmwiOiJodHRwczpcL1wvcmlkZWV6by5odVwvd3AtY29udGVudFwvdXBsb2Fkc1wvMjAyNlwvMDNcL0xPRlRZLTExQi1yZWFyLTEucG5nIiwic2xpZGVzaG93IjoiMjNhZmNmZDcifQ%3D%3D\" href=\"https:\/\/rideezo.hu\/wp-content\/uploads\/2026\/03\/LOFTY-11B-rear-1.png\"><figure class=\"swiper-slide-inner\"><img decoding=\"async\" class=\"swiper-slide-image\" src=\"https:\/\/rideezo.hu\/wp-content\/uploads\/2026\/03\/LOFTY-11B-rear-1-768x768.png\" alt=\"LOFTY 11B rear\" \/><\/figure><\/a><\/div>\t\t\t<\/div>\n\t\t\t\t\t\t\t\t\t\t\t\t<div class=\"elementor-swiper-button elementor-swiper-button-prev\" role=\"button\" tabindex=\"0\">\n\t\t\t\t\t\t<svg aria-hidden=\"true\" class=\"e-font-icon-svg e-eicon-chevron-left\" viewbox=\"0 0 1000 1000\" xmlns=\"http:\/\/www.w3.org\/2000\/svg\"><path d=\"M646 125C629 125 613 133 604 142L308 442C296 454 292 471 292 487 292 504 296 521 308 533L604 854C617 867 629 875 646 875 663 875 679 871 692 858 704 846 713 829 713 812 713 796 708 779 692 767L438 487 692 225C700 217 708 204 708 187 708 171 704 154 692 142 675 129 663 125 646 125Z\"><\/path><\/svg>\t\t\t\t\t<\/div>\n\t\t\t\t\t<div class=\"elementor-swiper-button elementor-swiper-button-next\" role=\"button\" tabindex=\"0\">\n\t\t\t\t\t\t<svg aria-hidden=\"true\" class=\"e-font-icon-svg e-eicon-chevron-right\" viewbox=\"0 0 1000 1000\" xmlns=\"http:\/\/www.w3.org\/2000\/svg\"><path d=\"M696 533C708 521 713 504 713 487 713 471 708 454 696 446L400 146C388 133 375 125 354 125 338 125 325 129 313 142 300 154 292 171 292 187 292 204 296 221 308 233L563 492 304 771C292 783 288 800 288 817 288 833 296 850 308 863 321 871 338 875 354 875 371 875 388 867 400 854L696 533Z\"><\/path><\/svg>\t\t\t\t\t<\/div>\n\t\t\t\t\n\t\t\t\t\t\t\t\t\t<div class=\"swiper-pagination\"><\/div>\n\t\t\t\t\t\t\t\t\t<\/div>\n\t\t\t\t\t\t<\/div>\n\t\t\t\t<\/div>\n\t\t<div class=\"elementor-element elementor-element-4e111c64 e-con-full e-flex e-con e-child\" data-id=\"4e111c64\" data-element_type=\"container\" data-e-type=\"container\">\n\t\t\t\t<div class=\"elementor-element elementor-element-7f891db7 elementor-widget__width-initial elementor-widget elementor-widget-heading\" data-id=\"7f891db7\" data-element_type=\"widget\" data-e-type=\"widget\" data-widget_type=\"heading.default\">\n\t\t\t\t\t<h1 class=\"elementor-heading-title elementor-size-default\">Loft 11B \u2013 Economical Electric Scooter 25 km\/h \u2013 No License Required<\/h1>\t\t\t\t<\/div>\n\t\t\t\t<div class=\"elementor-element elementor-element-6381cb93 elementor-widget__width-initial elementor-widget elementor-widget-text-editor\" data-id=\"6381cb93\" data-element_type=\"widget\" data-e-type=\"widget\" data-widget_type=\"text-editor.default\">\n\t\t\t\t\t\t\t\t\t<p>Megb\u00edzhat\u00f3 \u00e9s gazdas\u00e1gos elektromos robog\u00f3, t\u00f6k\u00e9letes r\u00f6vid v\u00e1rosi utakhoz.<\/p>\t\t\t\t\t\t\t\t<\/div>\n\t\t<div class=\"elementor-element elementor-element-777df44c e-con-full e-flex e-con e-child\" data-id=\"777df44c\" data-element_type=\"container\" data-e-type=\"container\">\n\t\t\t\t<div class=\"elementor-element elementor-element-406b389b elementor-widget elementor-widget-text-editor\" data-id=\"406b389b\" data-element_type=\"widget\" data-e-type=\"widget\" data-widget_type=\"text-editor.default\">\n\t\t\t\t\t\t\t\t\t<p><span class=\"price-item price-item--sale price-item--last\">279.000<\/span><span class=\"price-item price-item--sale price-item--last\"> Ft &#8211; 319.990 Ft<\/span><\/p>\t\t\t\t\t\t\t\t<\/div>\n\t\t\t\t<div class=\"elementor-element elementor-element-36cef6c2 elementor-widget elementor-widget-text-editor\" data-id=\"36cef6c2\" data-element_type=\"widget\" data-e-type=\"widget\" data-widget_type=\"text-editor.default\">\n\t\t\t\t\t\t\t\t\t<p>* Tartalmazza az ad\u00f3kat.<\/p>\t\t\t\t\t\t\t\t<\/div>\n\t\t\t\t<\/div>\n\t\t<div class=\"elementor-element elementor-element-2c76e6b5 e-con-full e-flex e-con e-child\" data-id=\"2c76e6b5\" data-element_type=\"container\" data-e-type=\"container\">\n\t\t\t\t<div class=\"elementor-element elementor-element-45313fba elementor-widget elementor-widget-text-editor\" data-id=\"45313fba\" data-element_type=\"widget\" data-e-type=\"widget\" data-widget_type=\"text-editor.default\">\n\t\t\t\t\t\t\t\t\t<p>Akkumul\u00e1tor:<\/p>\t\t\t\t\t\t\t\t<\/div>\n\t\t\t\t<div class=\"elementor-element elementor-element-29c4f28c elementor-widget elementor-widget-text-editor\" data-id=\"29c4f28c\" data-element_type=\"widget\" data-e-type=\"widget\" data-widget_type=\"text-editor.default\">\n\t\t\t\t\t\t\t\t\t<p>48V 12Ah \u00d3lom &#8211; 48V 20Ah \u00d3lom<\/p>\t\t\t\t\t\t\t\t<\/div>\n\t\t\t\t<\/div>\n\t\t<div class=\"elementor-element elementor-element-76bf2d2f e-con-full e-flex e-con e-child\" data-id=\"76bf2d2f\" data-element_type=\"container\" data-e-type=\"container\">\n\t\t\t\t<div class=\"elementor-element elementor-element-359aaaf8 elementor-widget elementor-widget-text-editor\" data-id=\"359aaaf8\" data-element_type=\"widget\" data-e-type=\"widget\" data-widget_type=\"text-editor.default\">\n\t\t\t\t\t\t\t\t\t<p>Sz\u00edn:<\/p>\t\t\t\t\t\t\t\t<\/div>\n\t\t\t\t<div class=\"elementor-element elementor-element-298a67c5 elementor-widget elementor-widget-text-editor\" data-id=\"298a67c5\" data-element_type=\"widget\" data-e-type=\"widget\" data-widget_type=\"text-editor.default\">\n\t\t\t\t\t\t\t\t\t<p><span data-selected-value=\"\">\ud83d\udd34 Piros<\/span><\/p>\t\t\t\t\t\t\t\t<\/div>\n\t\t\t\t<\/div>\n\t\t\t\t<\/div>\n\t\t\t\t\t<\/div>\n\t\t\t\t<\/div>\n\t\t<div class=\"elementor-element elementor-element-8a3886 e-flex e-con-boxed e-con e-parent\" data-id=\"8a3886\" data-element_type=\"container\" data-e-type=\"container\">\n\t\t\t\t\t<div class=\"e-con-inner\">\n\t\t\t\t<div class=\"elementor-element elementor-element-560a9c37 elementor-widget elementor-widget-text-editor\" data-id=\"560a9c37\" data-element_type=\"widget\" data-e-type=\"widget\" data-widget_type=\"text-editor.default\">\n\t\t\t\t\t\t\t\t\t<p>A Lofty 11B egy megb\u00edzhat\u00f3 \u00e9s gazdas\u00e1gos elektromos robog\u00f3, t\u00f6k\u00e9letes r\u00f6vid v\u00e1rosi utakhoz. 300W-os kefe n\u00e9lk\u00fcli motorral \u00e9s \u00f3lomakkumul\u00e1torral felszerelve, 35\u201340 km hat\u00f3t\u00e1vot biztos\u00edt egy felt\u00f6lt\u00e9ssel. Maxim\u00e1lis sebess\u00e9ge 25 km\/h, nagy teherb\u00edr\u00e1ssal \u00e9s egyszer\u0171 karbantart\u00e1ssal.<\/p><p class=\"highlight-license\"><strong>Jogos\u00edtv\u00e1ny n\u00e9lk\u00fcl vezethet\u0151!<\/strong><\/p>\t\t\t\t\t\t\t\t<\/div>\n\t\t\t\t\t<\/div>\n\t\t\t\t<\/div>\n\t\t<div class=\"elementor-element elementor-element-1575fa92 e-flex e-con-boxed e-con e-parent\" data-id=\"1575fa92\" data-element_type=\"container\" data-e-type=\"container\" data-settings=\"{&quot;background_background&quot;:&quot;classic&quot;}\">\n\t\t\t\t\t<div class=\"e-con-inner\">\n\t\t\t\t<div class=\"elementor-element elementor-element-582366e6 elementor-widget elementor-widget-heading\" data-id=\"582366e6\" data-element_type=\"widget\" data-e-type=\"widget\" data-widget_type=\"heading.default\">\n\t\t\t\t\t<h2 class=\"elementor-heading-title elementor-size-default\">Term\u00e9k specifik\u00e1ci\u00f3k<\/h2>\t\t\t\t<\/div>\n\t\t\t\t<div class=\"elementor-element elementor-element-59c2ad3f elementor-widget__width-initial elementor-widget elementor-widget-tablepress-table\" data-id=\"59c2ad3f\" data-element_type=\"widget\" data-e-type=\"widget\" data-widget_type=\"tablepress-table.default\">\n\t\t\t\t\t\n<table id=\"tablepress-Lofty11\" class=\"tablepress tablepress-id-Lofty11\">\n<tbody class=\"row-striping row-hover\">\n<tr class=\"row-1\">\n\t<td class=\"column-1\">Ker\u00e9km\u00e9ret<\/td><td class=\"column-2\">3.00\u00d710<\/td>\n<\/tr>\n<tr class=\"row-2\">\n\t<td class=\"column-1\">Tan\u00fas\u00edtv\u00e1ny<\/td><td class=\"column-2\">CE<\/td>\n<\/tr>\n<tr class=\"row-3\">\n\t<td class=\"column-1\">Motor t\u00edpusa<\/td><td class=\"column-2\">Kefe n\u00e9lk\u00fcli<\/td>\n<\/tr>\n<tr class=\"row-4\">\n\t<td class=\"column-1\">Motor teljes\u00edtm\u00e9ny<\/td><td class=\"column-2\">300W<\/td>\n<\/tr>\n<tr class=\"row-5\">\n\t<td class=\"column-1\">V\u00e9gsebess\u00e9g<\/td><td class=\"column-2\">25 km\/h<\/td>\n<\/tr>\n<tr class=\"row-6\">\n\t<td class=\"column-1\">Range<\/td><td class=\"column-2\">35\u201345 km<\/td>\n<\/tr>\n<tr class=\"row-7\">\n\t<td class=\"column-1\">Terhelhet\u0151s\u00e9g<\/td><td class=\"column-2\">120 kg<\/td>\n<\/tr>\n<tr class=\"row-8\">\n\t<td class=\"column-1\">Els\u0151 f\u00e9k<\/td><td class=\"column-2\">Dobf\u00e9k<\/td>\n<\/tr>\n<tr class=\"row-9\">\n\t<td class=\"column-1\">H\u00e1ts\u00f3 f\u00e9k<\/td><td class=\"column-2\">Dobf\u00e9k<\/td>\n<\/tr>\n<tr class=\"row-10\">\n\t<td class=\"column-1\">Akkumul\u00e1tor t\u00edpusa<\/td><td class=\"column-2\">\u00d3lomakkumul\u00e1tor<\/td>\n<\/tr>\n<tr class=\"row-11\">\n\t<td class=\"column-1\">Akkumul\u00e1tor kapacit\u00e1sa<\/td><td class=\"column-2\">12 - 20 Ah<\/td>\n<\/tr>\n<tr class=\"row-12\">\n\t<td class=\"column-1\">Akkumul\u00e1tor fesz\u00fclts\u00e9ge - 12V<\/td><td class=\"column-2\">4 db<\/td>\n<\/tr>\n<tr class=\"row-13\">\n\t<td class=\"column-1\">T\u00f6lt\u00e9si id\u0151<\/td><td class=\"column-2\">5 \u2013 7 \u00f3ra<\/td>\n<\/tr>\n<tr class=\"row-14\">\n\t<td class=\"column-1\">Jogos\u00edtv\u00e1ny<\/td><td class=\"column-2\">Nem sz\u00fcks\u00e9ges<\/td>\n<\/tr>\n<\/tbody>\n<\/table>\n<!-- #tablepress-Lofty11 from cache -->\t\t\t\t<\/div>\n\t\t\t\t\t<\/div>\n\t\t\t\t<\/div>\n\t\t<div class=\"elementor-element elementor-element-57701617 e-flex e-con-boxed e-con e-parent\" data-id=\"57701617\" data-element_type=\"container\" data-e-type=\"container\">\n\t\t\t\t\t<div class=\"e-con-inner\">\n\t\t\t\t<div class=\"elementor-element elementor-element-563266ac elementor-widget elementor-widget-heading\" data-id=\"563266ac\" data-element_type=\"widget\" data-e-type=\"widget\" data-widget_type=\"heading.default\">\n\t\t\t\t\t<h2 class=\"elementor-heading-title elementor-size-default\">\u00c9rdekel?<\/h2>\t\t\t\t<\/div>\n\t\t\t\t<div class=\"elementor-element elementor-element-60cc21a elementor-widget elementor-widget-button\" data-id=\"60cc21a\" data-element_type=\"widget\" data-e-type=\"widget\" data-widget_type=\"button.default\">\n\t\t\t\t\t\t\t\t\t\t<a class=\"elementor-button elementor-button-link elementor-size-sm\" href=\"https:\/\/rideezo.hu\/en\/kapcsolat\/\">\n\t\t\t\t\t\t<span class=\"elementor-button-content-wrapper\">\n\t\t\t\t\t\t\t\t\t<span class=\"elementor-button-text\">Book an appointment<\/span>\n\t\t\t\t\t<\/span>\n\t\t\t\t\t<\/a>\n\t\t\t\t\t\t\t\t<\/div>\n\t\t\t\t\t<\/div>\n\t\t\t\t<\/div>\n\t\t\t\t<\/div>","protected":false},"excerpt":{"rendered":"<p>Loft 11B &#8211; Gazdas\u00e1gos elektromos robog\u00f3 25km\/h &#8211; Jogos\u00edtv\u00e1ny n\u00e9lk\u00fcl Megb\u00edzhat\u00f3 \u00e9s gazdas\u00e1gos elektromos robog\u00f3, t\u00f6k\u00e9letes r\u00f6vid v\u00e1rosi utakhoz. 279.000 [&hellip;]<\/p>\n","protected":false},"author":1,"featured_media":0,"parent":0,"menu_order":0,"comment_status":"closed","ping_status":"closed","template":"elementor_header_footer","meta":{"site-sidebar-layout":"no-sidebar","site-content-layout":"","ast-site-content-layout":"full-width-container","site-content-style":"default","site-sidebar-style":"default","ast-global-header-display":"","ast-banner-title-visibility":"","ast-main-header-display":"","ast-hfb-above-header-display":"","ast-hfb-below-header-display":"","ast-hfb-mobile-header-display":"","site-post-title":"disabled","ast-breadcrumbs-content":"","ast-featured-img":"disabled","footer-sml-layout":"","ast-disable-related-posts":"","theme-transparent-header-meta":"","adv-header-id-meta":"","stick-header-meta":"","header-above-stick-meta":"","header-main-stick-meta":"","header-below-stick-meta":"","astra-migrate-meta-layouts":"default","ast-page-background-enabled":"default","ast-page-background-meta":{"desktop":{"background-color":"var(--ast-global-color-5)","background-image":"","background-repeat":"repeat","background-position":"center center","background-size":"auto","background-attachment":"scroll","background-type":"","background-media":"","overlay-type":"","overlay-color":"","overlay-opacity":"","overlay-gradient":""},"tablet":{"background-color":"","background-image":"","background-repeat":"repeat","background-position":"center center","background-size":"auto","background-attachment":"scroll","background-type":"","background-media":"","overlay-type":"","overlay-color":"","overlay-opacity":"","overlay-gradient":""},"mobile":{"background-color":"","background-image":"","background-repeat":"repeat","background-position":"center center","background-size":"auto","background-attachment":"scroll","background-type":"","background-media":"","overlay-type":"","overlay-color":"","overlay-opacity":"","overlay-gradient":""}},"ast-content-background-meta":{"desktop":{"background-color":"var(--ast-global-color-4)","background-image":"","background-repeat":"repeat","background-position":"center center","background-size":"auto","background-attachment":"scroll","background-type":"","background-media":"","overlay-type":"","overlay-color":"","overlay-opacity":"","overlay-gradient":""},"tablet":{"background-color":"var(--ast-global-color-4)","background-image":"","background-repeat":"repeat","background-position":"center center","background-size":"auto","background-attachment":"scroll","background-type":"","background-media":"","overlay-type":"","overlay-color":"","overlay-opacity":"","overlay-gradient":""},"mobile":{"background-color":"var(--ast-global-color-4)","background-image":"","background-repeat":"repeat","background-position":"center center","background-size":"auto","background-attachment":"scroll","background-type":"","background-media":"","overlay-type":"","overlay-color":"","overlay-opacity":"","overlay-gradient":""}},"footnotes":""},"class_list":["post-559","page","type-page","status-publish","hentry"],"_hostinger_reach_plugin_has_subscription_block":false,"_hostinger_reach_plugin_is_elementor":false,"_links":{"self":[{"href":"https:\/\/rideezo.hu\/en\/wp-json\/wp\/v2\/pages\/559","targetHints":{"allow":["GET"]}}],"collection":[{"href":"https:\/\/rideezo.hu\/en\/wp-json\/wp\/v2\/pages"}],"about":[{"href":"https:\/\/rideezo.hu\/en\/wp-json\/wp\/v2\/types\/page"}],"author":[{"embeddable":true,"href":"https:\/\/rideezo.hu\/en\/wp-json\/wp\/v2\/users\/1"}],"replies":[{"embeddable":true,"href":"https:\/\/rideezo.hu\/en\/wp-json\/wp\/v2\/comments?post=559"}],"version-history":[{"count":31,"href":"https:\/\/rideezo.hu\/en\/wp-json\/wp\/v2\/pages\/559\/revisions"}],"predecessor-version":[{"id":977,"href":"https:\/\/rideezo.hu\/en\/wp-json\/wp\/v2\/pages\/559\/revisions\/977"}],"wp:attachment":[{"href":"https:\/\/rideezo.hu\/en\/wp-json\/wp\/v2\/media?parent=559"}],"curies":[{"name":"wp","href":"https:\/\/api.w.org\/{rel}","templated":true}]}}