{"id":22,"date":"2026-03-12T15:51:00","date_gmt":"2026-03-12T15:51:00","guid":{"rendered":"https:\/\/rideezo.hu\/?page_id=22"},"modified":"2026-04-15T14:22:31","modified_gmt":"2026-04-15T12:22:31","slug":"kapcsolat","status":"publish","type":"page","link":"https:\/\/rideezo.hu\/en\/kapcsolat\/","title":{"rendered":"Contact"},"content":{"rendered":"\t\t<div data-elementor-type=\"wp-page\" data-elementor-id=\"22\" class=\"elementor elementor-22\">\n\t\t\t\t<div class=\"elementor-element elementor-element-b0fe6a9 e-flex e-con-boxed e-con e-parent\" data-id=\"b0fe6a9\" data-element_type=\"container\" data-e-type=\"container\">\n\t\t\t\t\t<div class=\"e-con-inner\">\n\t\t\t\t<div class=\"elementor-element elementor-element-7f5592f8 elementor-widget elementor-widget-heading\" data-id=\"7f5592f8\" data-element_type=\"widget\" data-e-type=\"widget\" data-widget_type=\"heading.default\">\n\t\t\t\t\t<h1 class=\"elementor-heading-title elementor-size-default\">L\u00e9pj vel\u00fcnk kapcsolatba<\/h1>\t\t\t\t<\/div>\n\t\t\t\t<div class=\"elementor-element elementor-element-227e166f elementor-widget elementor-widget-text-editor\" data-id=\"227e166f\" data-element_type=\"widget\" data-e-type=\"widget\" data-widget_type=\"text-editor.default\">\n\t\t\t\t\t\t\t\t\t<p>T\u00f6k\u00e9letes mindennapi haszn\u00e1latra \u00e9s kisz\u00e1ll\u00edt\u00e1sra. V\u00e1s\u00e1rl\u00e1s, b\u00e9rl\u00e9s vagy r\u00e9szletfizet\u00e9s.<\/p>\t\t\t\t\t\t\t\t<\/div>\n\t\t\t\t\t<\/div>\n\t\t\t\t<\/div>\n\t\t<div class=\"elementor-element elementor-element-cc6707f e-flex e-con-boxed e-con e-parent\" data-id=\"cc6707f\" data-element_type=\"container\" data-e-type=\"container\" data-settings=\"{&quot;background_background&quot;:&quot;classic&quot;}\">\n\t\t\t\t\t<div class=\"e-con-inner\">\n\t\t<div class=\"elementor-element elementor-element-288a159 e-con-full e-flex e-con e-child\" data-id=\"288a159\" data-element_type=\"container\" data-e-type=\"container\">\n\t\t\t\t<div class=\"elementor-element elementor-element-d1ef372 elementor-widget elementor-widget-image\" data-id=\"d1ef372\" data-element_type=\"widget\" data-e-type=\"widget\" data-widget_type=\"image.default\">\n\t\t\t\t\t\t\t\t\t\t\t\t\t\t\t\t<a href=\"https:\/\/rideezo.hu\/\">\n\t\t\t\t\t\t\t<img decoding=\"async\" width=\"300\" height=\"85\" src=\"https:\/\/rideezo.hu\/wp-content\/uploads\/2026\/03\/350x99-1-300x85.png\" class=\"attachment-medium size-medium wp-image-534\" alt=\"\" srcset=\"https:\/\/rideezo.hu\/wp-content\/uploads\/2026\/03\/350x99-1-300x85.png 300w, https:\/\/rideezo.hu\/wp-content\/uploads\/2026\/03\/350x99-1.png 350w\" sizes=\"(max-width: 300px) 100vw, 300px\" \/>\t\t\t\t\t\t\t\t<\/a>\n\t\t\t\t\t\t\t\t\t\t\t\t\t\t\t<\/div>\n\t\t\t\t<div class=\"elementor-element elementor-element-27c11d0 elementor-widget elementor-widget-text-editor\" data-id=\"27c11d0\" data-element_type=\"widget\" data-e-type=\"widget\" data-widget_type=\"text-editor.default\">\n\t\t\t\t\t\t\t\t\t<p>by Duna Commerce &amp; Fabrication Kft.<br \/>Sz\u00e9khely: 1134 Budapest, V\u00e1ci \u00fat 47B.<br \/>Szerz\u0151d\u00e9sk\u00f6t\u00e9s helysz\u00edne: 1086 Budapest, Lujza utca 1.<br \/>C\u00e9gjegyz\u00e9ksz\u00e1m: Cg. 01-09-374303<br \/>Ad\u00f3sz\u00e1m: 28795805-2-41<br \/>\u2709\ufe0f <a href=\"mailto:contact@rideezo.hu\">contact@rideezo.hu<\/a><br \/>\ud83d\udcde +36 70 367 0367<\/p>\t\t\t\t\t\t\t\t<\/div>\n\t\t\t\t<\/div>\n\t\t<div class=\"elementor-element elementor-element-7ff51d9 e-con-full e-flex e-con e-child\" data-id=\"7ff51d9\" data-element_type=\"container\" data-e-type=\"container\">\n\t\t\t\t<div class=\"elementor-element elementor-element-6ca99af elementor-widget elementor-widget-menu-anchor\" data-id=\"6ca99af\" data-element_type=\"widget\" data-e-type=\"widget\" data-widget_type=\"menu-anchor.default\">\n\t\t\t\t\t\t\t<div class=\"elementor-menu-anchor\" id=\"CF01\"><\/div>\n\t\t\t\t\t\t<\/div>\n\t\t\t\t<div class=\"elementor-element elementor-element-2855613 elementor-widget elementor-widget-wpforms\" data-id=\"2855613\" data-element_type=\"widget\" data-e-type=\"widget\" data-widget_type=\"wpforms.default\">\n\t\t\t\t<div class=\"elementor-widget-container\">\n\t\t\t\t\t<style id=\"wpforms-css-vars-elementor-widget-2855613\">\n\t\t\t\t.elementor-widget-wpforms.elementor-element-2855613 {\n\t\t\t\t--wpforms-field-border-radius: 4px;\n--wpforms-button-border-radius: 4px;\n--wpforms-button-background-color: #28A745;\n\t\t\t}\n\t\t\t<\/style><div class=\"wpforms-container wpforms-container-full wpforms-render-modern\" id=\"wpforms-529\"><form id=\"wpforms-form-529\" class=\"wpforms-validate wpforms-form wpforms-ajax-form\" data-formid=\"529\" method=\"post\" enctype=\"multipart\/form-data\" action=\"\/en\/wp-json\/wp\/v2\/pages\/22\" data-token=\"ef0466d6e09c1bedd8babb276ee2c7c5\" data-token-time=\"1776278199\"><div class=\"wpforms-head-container\"><div class=\"wpforms-title\">\u00cdrj nek\u00fcnk<\/div><div class=\"wpforms-description\">K\u00e9rj\u00fck, t\u00f6ltsd ki az \u0171rlapot az ig\u00e9nyl\u00e9shez, \u00e9s hamarosanfelvessz\u00fck veled a kapcsolatot.<\/div><\/div><noscript class=\"wpforms-error-noscript\">Please enable JavaScript in your browser to complete this form.<\/noscript><div id=\"wpforms-error-noscript\" style=\"display: none;\">Please enable JavaScript in your browser to complete this form.<\/div><div class=\"wpforms-field-container\"><div id=\"wpforms-529-field_6-container\" class=\"wpforms-field wpforms-field-name\" data-field-id=\"6\"><fieldset><legend class=\"wpforms-field-label\">N\u00e9v <span class=\"wpforms-required-label\" aria-hidden=\"true\">*<\/span><\/legend><div class=\"wpforms-field-row wpforms-field-medium\"><div class=\"wpforms-field-row-block wpforms-first wpforms-one-half\"><input type=\"text\" id=\"wpforms-529-field_6\" class=\"wpforms-field-name-first wpforms-field-required\" name=\"wpforms[fields][6][first]\" placeholder=\"Keresztn\u00e9v\" aria-errormessage=\"wpforms-529-field_6-error\" required><label for=\"wpforms-529-field_6\" class=\"wpforms-field-sublabel after wpforms-sublabel-hide\">First<\/label><\/div><div class=\"wpforms-field-row-block wpforms-one-half\"><input type=\"text\" id=\"wpforms-529-field_6-last\" class=\"wpforms-field-name-last wpforms-field-required\" name=\"wpforms[fields][6][last]\" placeholder=\"Vezet\u00e9kn\u00e9v\" aria-errormessage=\"wpforms-529-field_6-last-error\" required><label for=\"wpforms-529-field_6-last\" class=\"wpforms-field-sublabel after wpforms-sublabel-hide\">Last<\/label><\/div><\/div><\/fieldset><\/div><div id=\"wpforms-529-field_7-container\" class=\"wpforms-field wpforms-field-select wpforms-field-select-style-classic\" data-field-id=\"7\"><label class=\"wpforms-field-label\" for=\"wpforms-529-field_7\">V\u00e1lasz model <span class=\"wpforms-required-label\" aria-hidden=\"true\">*<\/span><\/label><select id=\"wpforms-529-field_7\" class=\"wpforms-field-medium wpforms-field-required\" name=\"wpforms[fields][7]\" required=\"required\"><option value=\"\" class=\"placeholder\" disabled  selected='selected'>--- V\u00e1lasz model ---<\/option><option value=\"Lofty 11B\"  class=\"choice-2 depth-1\"  >Lofty 11B<\/option><option value=\"Lofty 2\"  class=\"choice-4 depth-1\"  >Lofty 2<\/option><option value=\"Lofty 16\"  class=\"choice-1 depth-1\"  >Lofty 16<\/option><option value=\"Lofty 14\"  class=\"choice-3 depth-1\"  >Lofty 14<\/option><option value=\"Fadu F2\"  class=\"choice-5 depth-1\"  >Fadu F2<\/option><option value=\"Fadu F3\"  class=\"choice-6 depth-1\"  >Fadu F3<\/option><option value=\"Fadu F4\"  class=\"choice-7 depth-1\"  >Fadu F4<\/option><option value=\"Fadu F5\"  class=\"choice-8 depth-1\"  >Fadu F5<\/option><\/select><\/div><div id=\"wpforms-529-field_2-container\" class=\"wpforms-field wpforms-field-email\" data-field-id=\"2\"><label class=\"wpforms-field-label\" for=\"wpforms-529-field_2\">Email <span class=\"wpforms-required-label\" aria-hidden=\"true\">*<\/span><\/label><input type=\"email\" id=\"wpforms-529-field_2\" class=\"wpforms-field-medium wpforms-field-required\" name=\"wpforms[fields][2]\" placeholder=\"Email\" spellcheck=\"false\" aria-errormessage=\"wpforms-529-field_2-error\" required><\/div><div id=\"wpforms-529-field_11-container\" class=\"wpforms-field wpforms-field-email\" data-field-id=\"11\"><label class=\"wpforms-field-label\" for=\"wpforms-529-field_11\">Telefonsz\u00e1m <span class=\"wpforms-required-label\" aria-hidden=\"true\">*<\/span><\/label><input type=\"email\" id=\"wpforms-529-field_11\" class=\"wpforms-field-medium wpforms-field-required\" name=\"wpforms[fields][11]\" placeholder=\"+36 70 123 4567\" spellcheck=\"false\" aria-errormessage=\"wpforms-529-field_11-error\" required><\/div>\t\t<div id=\"wpforms-529-field_1-container\"\n\t\t\tclass=\"wpforms-field wpforms-field-text\"\n\t\t\tdata-field-type=\"text\"\n\t\t\tdata-field-id=\"1\"\n\t\t\t>\n\t\t\t<label class=\"wpforms-field-label\" for=\"wpforms-529-field_1\" >GDPR N\u00e9v Email<\/label>\n\t\t\t<input type=\"text\" id=\"wpforms-529-field_1\" class=\"wpforms-field-medium\" name=\"wpforms[fields][1]\" >\n\t\t<\/div>\n\t\t<div id=\"wpforms-529-field_9-container\" class=\"wpforms-field wpforms-field-gdpr-checkbox\" data-field-id=\"9\"><label class=\"wpforms-field-label\">GDPR Agreement <span class=\"wpforms-required-label\" aria-hidden=\"true\">*<\/span><\/label><ul id=\"wpforms-529-field_9\" class=\"wpforms-field-required\"><li class=\"choice-1\"><input type=\"checkbox\" id=\"wpforms-529-field_9_1\" name=\"wpforms[fields][9][]\" value=\"Elfogadom az Adatv\u00e9delmi Ir\u00e1nyelveket \u00e9s hozz\u00e1j\u00e1rulok az adataim feldolgoz\u00e1s\u00e1hoz.\" aria-errormessage=\"wpforms-529-field_9_1-error\" required ><label class=\"wpforms-field-label-inline\" for=\"wpforms-529-field_9_1\">Elfogadom az Adatv\u00e9delmi Ir\u00e1nyelveket \u00e9s hozz\u00e1j\u00e1rulok az adataim feldolgoz\u00e1s\u00e1hoz.<\/label><\/li><\/ul><\/div><script>\n\t\t\t\t( function() {\n\t\t\t\t\tconst style = document.createElement( 'style' );\n\t\t\t\t\tstyle.appendChild( document.createTextNode( '#wpforms-529-field_1-container { position: absolute !important; overflow: hidden !important; display: inline !important; height: 1px !important; width: 1px !important; z-index: -1000 !important; padding: 0 !important; } #wpforms-529-field_1-container input { visibility: hidden; } #wpforms-conversational-form-page #wpforms-529-field_1-container label { counter-increment: none; }' ) );\n\t\t\t\t\tdocument.head.appendChild( style );\n\t\t\t\t\tdocument.currentScript?.remove();\n\t\t\t\t} )();\n\t\t\t<\/script><\/div><!-- .wpforms-field-container --><div class=\"wpforms-recaptcha-container wpforms-is-turnstile\" ><div class=\"wpforms-turnstile\" data-sitekey=\"0x4AAAAAACqJ7FEszEJMyL8k\" data-action=\"FormID-529\"><\/div><input type=\"text\" name=\"g-recaptcha-hidden\" class=\"wpforms-recaptcha-hidden\" style=\"position:absolute!important;clip:rect(0,0,0,0)!important;height:1px!important;width:1px!important;border:0!important;overflow:hidden!important;padding:0!important;margin:0!important;\" data-rule-turnstile=\"1\"><\/div><div class=\"wpforms-submit-container\" ><input type=\"hidden\" name=\"wpforms[id]\" value=\"529\"><input type=\"hidden\" name=\"page_title\" value=\"\"><input type=\"hidden\" name=\"page_url\" value=\"https:\/\/rideezo.hu\/en\/wp-json\/wp\/v2\/pages\/22\"><input type=\"hidden\" name=\"url_referer\" value=\"\"><button type=\"submit\" name=\"wpforms[submit]\" id=\"wpforms-submit-529\" class=\"wpforms-submit\" data-alt-text=\"K\u00fcld\u00e9s...\" data-submit-text=\"k\u00fcld\u00e9s\" aria-live=\"assertive\" value=\"wpforms-submit\">k\u00fcld\u00e9s<\/button><img decoding=\"async\" src=\"https:\/\/rideezo.hu\/wp-content\/plugins\/wpforms-lite\/assets\/images\/submit-spin.svg\" class=\"wpforms-submit-spinner\" style=\"display: none;\" width=\"26\" height=\"26\" alt=\"Loading\"><\/div><\/form><\/div>  <!-- .wpforms-container -->\t\t\t\t<\/div>\n\t\t\t\t<\/div>\n\t\t\t\t<\/div>\n\t\t\t\t\t<\/div>\n\t\t\t\t<\/div>\n\t\t<div class=\"elementor-element elementor-element-751f575c e-flex e-con-boxed e-con e-parent\" data-id=\"751f575c\" data-element_type=\"container\" data-e-type=\"container\">\n\t\t\t\t\t<div class=\"e-con-inner\">\n\t\t<div class=\"elementor-element elementor-element-7bf1a29 e-con-full e-flex e-con e-child\" data-id=\"7bf1a29\" data-element_type=\"container\" data-e-type=\"container\">\n\t\t\t\t<div class=\"elementor-element elementor-element-73f9d561 elementor-widget elementor-widget-heading\" data-id=\"73f9d561\" data-element_type=\"widget\" data-e-type=\"widget\" data-widget_type=\"heading.default\">\n\t\t\t\t\t<h2 class=\"elementor-heading-title elementor-size-default\">N\u00e9zd meg robog\u00f3inkat szem\u00e9lyesen!<\/h2>\t\t\t\t<\/div>\n\t\t\t\t<div class=\"elementor-element elementor-element-a758e38 elementor-widget elementor-widget-text-editor\" data-id=\"a758e38\" data-element_type=\"widget\" data-e-type=\"widget\" data-widget_type=\"text-editor.default\">\n\t\t\t\t\t\t\t\t\t<p>Pr\u00f3b\u00e1ld ki modelljeinket, \u00e9s v\u00e1laszd ki a sz\u00e1modra megfelel\u0151t.<\/p>\t\t\t\t\t\t\t\t<\/div>\n\t\t\t\t<div class=\"elementor-element elementor-element-d6937bf elementor-align-center elementor-widget elementor-widget-button\" data-id=\"d6937bf\" data-element_type=\"widget\" data-e-type=\"widget\" data-widget_type=\"button.default\">\n\t\t\t\t\t\t\t\t\t\t<a class=\"elementor-button elementor-button-link elementor-size-sm\" href=\"#CF01\">\n\t\t\t\t\t\t<span class=\"elementor-button-content-wrapper\">\n\t\t\t\t\t\t\t\t\t<span class=\"elementor-button-text\">Id\u0151pontfoglal\u00e1s<\/span>\n\t\t\t\t\t<\/span>\n\t\t\t\t\t<\/a>\n\t\t\t\t\t\t\t\t<\/div>\n\t\t\t\t<\/div>\n\t\t\t\t\t<\/div>\n\t\t\t\t<\/div>\n\t\t<div class=\"elementor-element elementor-element-8314c74 e-con-full e-flex e-con e-parent\" data-id=\"8314c74\" data-element_type=\"container\" data-e-type=\"container\">\n\t\t\t\t<div class=\"elementor-element elementor-element-e847589 elementor-widget elementor-widget-google_maps\" data-id=\"e847589\" data-element_type=\"widget\" data-e-type=\"widget\" data-widget_type=\"google_maps.default\">\n\t\t\t\t\t\t\t<div class=\"elementor-custom-embed\">\n\t\t\t<iframe loading=\"lazy\"\n\t\t\t\t\tsrc=\"https:\/\/maps.google.com\/maps?q=Rideezo&#038;t=m&#038;z=14&#038;output=embed&#038;iwloc=near\"\n\t\t\t\t\ttitle=\"Rideezo\"\n\t\t\t\t\taria-label=\"Rideezo\"\n\t\t\t><\/iframe>\n\t\t<\/div>\n\t\t\t\t\t\t<\/div>\n\t\t\t\t<\/div>\n\t\t\t\t<\/div>\n\t\t","protected":false},"excerpt":{"rendered":"<p>L\u00e9pj vel\u00fcnk kapcsolatba T\u00f6k\u00e9letes mindennapi haszn\u00e1latra \u00e9s kisz\u00e1ll\u00edt\u00e1sra. V\u00e1s\u00e1rl\u00e1s, b\u00e9rl\u00e9s vagy r\u00e9szletfizet\u00e9s. by Duna Commerce &amp; Fabrication Kft.Sz\u00e9khely: 1134 Budapest, [&hellip;]<\/p>\n","protected":false},"author":1,"featured_media":0,"parent":0,"menu_order":0,"comment_status":"closed","ping_status":"closed","template":"elementor_header_footer","meta":{"site-sidebar-layout":"no-sidebar","site-content-layout":"","ast-site-content-layout":"full-width-container","site-content-style":"default","site-sidebar-style":"default","ast-global-header-display":"","ast-banner-title-visibility":"","ast-main-header-display":"","ast-hfb-above-header-display":"","ast-hfb-below-header-display":"","ast-hfb-mobile-header-display":"","site-post-title":"disabled","ast-breadcrumbs-content":"","ast-featured-img":"disabled","footer-sml-layout":"","ast-disable-related-posts":"","theme-transparent-header-meta":"","adv-header-id-meta":"","stick-header-meta":"","header-above-stick-meta":"","header-main-stick-meta":"","header-below-stick-meta":"","astra-migrate-meta-layouts":"default","ast-page-background-enabled":"default","ast-page-background-meta":{"desktop":{"background-color":"var(--ast-global-color-5)","background-image":"","background-repeat":"repeat","background-position":"center center","background-size":"auto","background-attachment":"scroll","background-type":"","background-media":"","overlay-type":"","overlay-color":"","overlay-opacity":"","overlay-gradient":""},"tablet":{"background-color":"","background-image":"","background-repeat":"repeat","background-position":"center center","background-size":"auto","background-attachment":"scroll","background-type":"","background-media":"","overlay-type":"","overlay-color":"","overlay-opacity":"","overlay-gradient":""},"mobile":{"background-color":"","background-image":"","background-repeat":"repeat","background-position":"center center","background-size":"auto","background-attachment":"scroll","background-type":"","background-media":"","overlay-type":"","overlay-color":"","overlay-opacity":"","overlay-gradient":""}},"ast-content-background-meta":{"desktop":{"background-color":"var(--ast-global-color-4)","background-image":"","background-repeat":"repeat","background-position":"center center","background-size":"auto","background-attachment":"scroll","background-type":"","background-media":"","overlay-type":"","overlay-color":"","overlay-opacity":"","overlay-gradient":""},"tablet":{"background-color":"var(--ast-global-color-4)","background-image":"","background-repeat":"repeat","background-position":"center center","background-size":"auto","background-attachment":"scroll","background-type":"","background-media":"","overlay-type":"","overlay-color":"","overlay-opacity":"","overlay-gradient":""},"mobile":{"background-color":"var(--ast-global-color-4)","background-image":"","background-repeat":"repeat","background-position":"center center","background-size":"auto","background-attachment":"scroll","background-type":"","background-media":"","overlay-type":"","overlay-color":"","overlay-opacity":"","overlay-gradient":""}},"footnotes":""},"class_list":["post-22","page","type-page","status-publish","hentry"],"_hostinger_reach_plugin_has_subscription_block":false,"_hostinger_reach_plugin_is_elementor":false,"_links":{"self":[{"href":"https:\/\/rideezo.hu\/en\/wp-json\/wp\/v2\/pages\/22","targetHints":{"allow":["GET"]}}],"collection":[{"href":"https:\/\/rideezo.hu\/en\/wp-json\/wp\/v2\/pages"}],"about":[{"href":"https:\/\/rideezo.hu\/en\/wp-json\/wp\/v2\/types\/page"}],"author":[{"embeddable":true,"href":"https:\/\/rideezo.hu\/en\/wp-json\/wp\/v2\/users\/1"}],"replies":[{"embeddable":true,"href":"https:\/\/rideezo.hu\/en\/wp-json\/wp\/v2\/comments?post=22"}],"version-history":[{"count":25,"href":"https:\/\/rideezo.hu\/en\/wp-json\/wp\/v2\/pages\/22\/revisions"}],"predecessor-version":[{"id":1180,"href":"https:\/\/rideezo.hu\/en\/wp-json\/wp\/v2\/pages\/22\/revisions\/1180"}],"wp:attachment":[{"href":"https:\/\/rideezo.hu\/en\/wp-json\/wp\/v2\/media?parent=22"}],"curies":[{"name":"wp","href":"https:\/\/api.w.org\/{rel}","templated":true}]}}